{"id":723092,"date":"2025-08-27T19:13:46","date_gmt":"2025-08-27T16:13:46","guid":{"rendered":"https:\/\/roveyayinevi.com.tr\/index.php\/urun\/bekirin-arabasi\/"},"modified":"2026-04-08T02:38:42","modified_gmt":"2026-04-07T23:38:42","slug":"bekirin-arabasi","status":"publish","type":"product","link":"https:\/\/roveyayinevi.com.tr\/index.php\/urun\/bekirin-arabasi\/","title":{"rendered":"Bekir&#8217;in Arabas\u0131"},"content":{"rendered":"<p>&#8220;Araban\u0131n arka tekerlekleri bo\u015fa \u00e7\u0131kt\u0131, ok birden dikildi. Az daha beni de alacakt\u0131 a\u015fa\u011f\u0131ya. Araba u\u00e7tu, gitti. \u0130ki beygir birden ki\u015fnediler. Ben ellerimi y\u00fcz\u00fcmden \u00e7ektim. Kenara vard\u0131m, bakt\u0131m. \u201cHey Koca Bekir\u2026\u201d dedim. \u201cAraban gayri u\u00e7urumun dibinde.\u201d Tekerleklerden biri h\u00e2l\u00e2 a\u015fa\u011f\u0131da d\u00f6n\u00fcyordu. Yem torbalar\u0131n\u0131n saplar\u0131n\u0131 omuzlar\u0131ma takt\u0131m. Hayvanlar\u0131n yularlar\u0131n\u0131 ge\u00e7irdim koluma. A\u011f\u0131r a\u011f\u0131r kasaban\u0131n yolunu tuttum. G\u00f6zlerimin \u00f6n\u00fcnde o s\u00fcsl\u00fc araba vard\u0131. Yumu\u015fak minderleri, sa\u00e7akl\u0131 perdeleri, tahta k\u0131s\u0131mlar\u0131nda renkli resimleriyle, o i\u00e7inde g\u00fcnlerce yatt\u0131\u011f\u0131m s\u00fcsl\u00fc araba.\u201d   Kemalettin Tu\u011fcu Bekir\u2019in Arabas\u0131 kitab\u0131nda; araba sevdas\u0131 y\u00fcz\u00fcnden hayata k\u00fcsen bir adam\u0131n, kendini o\u011fluna ve i\u015fine adamas\u0131n\u0131; yeniden hayata dair heyecan duymaya ba\u015flad\u0131\u011f\u0131nda ise her \u015feye ge\u00e7 kald\u0131\u011f\u0131n\u0131 hissetmesini anlat\u0131yor. Her kitab\u0131n arkas\u0131ndaki s\u00f6zl\u00fck ile yazar\u0131n kurdu\u011fu d\u00fcnyay\u0131 bozmadan okurlara sunuyoruz. <\/p>\n","protected":false},"excerpt":{"rendered":"<p>&#8220;Araban\u0131n arka tekerlekleri bo\u015fa \u00e7\u0131kt\u0131, ok birden dikildi. Az daha beni de alacakt\u0131 a\u015fa\u011f\u0131ya. Araba u\u00e7tu, gitti. \u0130ki beygir birden ki\u015fnediler. Ben ellerimi y\u00fcz\u00fcmden \u00e7ektim. Kenara<span class=\"excerpt-hellip\"> [\u2026]<\/span><\/p>\n","protected":false},"featured_media":0,"template":"","meta":{"_monsterinsights_skip_tracking":false,"_monsterinsights_sitenote_active":false,"_monsterinsights_sitenote_note":"","_monsterinsights_sitenote_category":0},"product_brand":[],"product_cat":[12274,12284],"product_tag":[],"class_list":{"0":"post-723092","1":"product","2":"type-product","3":"status-publish","5":"product_cat-cocuk-ve-genclik-kitaplari","6":"product_cat-hikayeler","7":"pa_cilt-ciltsiz","8":"pa_tur-kitap","9":"pa_yayinevi-ucan-at","10":"pa_yazar-kemalettin-tugcu","12":"first","13":"instock","14":"sale","15":"shipping-taxable","16":"purchasable","17":"product-type-simple"},"_links":{"self":[{"href":"https:\/\/roveyayinevi.com.tr\/index.php\/wp-json\/wp\/v2\/product\/723092","targetHints":{"allow":["GET"]}}],"collection":[{"href":"https:\/\/roveyayinevi.com.tr\/index.php\/wp-json\/wp\/v2\/product"}],"about":[{"href":"https:\/\/roveyayinevi.com.tr\/index.php\/wp-json\/wp\/v2\/types\/product"}],"wp:attachment":[{"href":"https:\/\/roveyayinevi.com.tr\/index.php\/wp-json\/wp\/v2\/media?parent=723092"}],"wp:term":[{"taxonomy":"product_brand","embeddable":true,"href":"https:\/\/roveyayinevi.com.tr\/index.php\/wp-json\/wp\/v2\/product_brand?post=723092"},{"taxonomy":"product_cat","embeddable":true,"href":"https:\/\/roveyayinevi.com.tr\/index.php\/wp-json\/wp\/v2\/product_cat?post=723092"},{"taxonomy":"product_tag","embeddable":true,"href":"https:\/\/roveyayinevi.com.tr\/index.php\/wp-json\/wp\/v2\/product_tag?post=723092"}],"curies":[{"name":"wp","href":"https:\/\/api.w.org\/{rel}","templated":true}]}}