{"id":723091,"date":"2025-08-27T19:13:45","date_gmt":"2025-08-27T16:13:45","guid":{"rendered":"https:\/\/roveyayinevi.com.tr\/index.php\/urun\/cin-mitolojisi-inanislar-imparatorlar-ve-ejderhalar\/"},"modified":"2025-10-23T05:54:44","modified_gmt":"2025-10-23T02:54:44","slug":"cin-mitolojisi-inanislar-imparatorlar-ve-ejderhalar","status":"publish","type":"product","link":"https:\/\/roveyayinevi.com.tr\/index.php\/urun\/cin-mitolojisi-inanislar-imparatorlar-ve-ejderhalar\/","title":{"rendered":"\u00c7in Mitolojisi &#8211; \u0130nan\u0131\u015flar, \u0130mparatorlar ve Ejderhalar"},"content":{"rendered":"<p>Mitolojiler tamamen hayal \u00fcr\u00fcn\u00fc m\u00fcyd\u00fc, yoksa ba\u015fka d\u00fcnyalar\u0131n hik\u00e2yeleri miydi? Bir\u00e7ok farkl\u0131 k\u00fclt\u00fcr\u00fcn ve co\u011frafyan\u0131n mitolojisini tek tek ele alacak dizimizin \u00fc\u00e7\u00fcnc\u00fc kitab\u0131, d\u00fcnyaya bir\u00e7ok konuda ilham veren ve zengin bir i\u00e7eri\u011fi olan \u00c7in mitolojisi.   \u00c7in mitolojisi, tarih, efsane ve mitin birle\u015fimi olarak kabul edilir. \u00c7in mitolojisinde yarat\u0131l\u0131\u015f mitleri tarihi olaylarla bir araya gelir, s\u00f6ylenceler ve ger\u00e7ekler i\u00e7 i\u00e7e girer. \u00d6yle ki baz\u0131 imparatorlar mitolojik kahramanlara, baz\u0131 efsaneler de ger\u00e7e\u011fe d\u00f6n\u00fc\u015fm\u00fc\u015ft\u00fcr. Haliyle yazar \u00c7in mitolojisini, efsanelerini, kahramanlar\u0131n\u0131, ejderhalar\u0131n\u0131 ve imparatorlar\u0131n\u0131 anlat\u0131rken \u00c7in\u2019in tarihini, inan\u0131\u015flar\u0131n\u0131 ve kadim k\u00fclt\u00fcr\u00fcn\u00fc de ele al\u0131yor. <\/p>\n","protected":false},"excerpt":{"rendered":"<p>Mitolojiler tamamen hayal \u00fcr\u00fcn\u00fc m\u00fcyd\u00fc, yoksa ba\u015fka d\u00fcnyalar\u0131n hik\u00e2yeleri miydi? Bir\u00e7ok farkl\u0131 k\u00fclt\u00fcr\u00fcn ve co\u011frafyan\u0131n mitolojisini tek tek ele alacak dizimizin \u00fc\u00e7\u00fcnc\u00fc kitab\u0131, d\u00fcnyaya bir\u00e7ok konuda<span class=\"excerpt-hellip\"> [\u2026]<\/span><\/p>\n","protected":false},"featured_media":0,"template":"","meta":{"_monsterinsights_skip_tracking":false,"_monsterinsights_sitenote_active":false,"_monsterinsights_sitenote_note":"","_monsterinsights_sitenote_category":0},"product_brand":[],"product_cat":[12718,12858],"product_tag":[],"class_list":{"0":"post-723091","1":"product","2":"type-product","3":"status-publish","5":"product_cat-din","6":"product_cat-mitolojiler","7":"pa_cilt-ciltsiz","8":"pa_tur-kitap","9":"pa_yayinevi-maya-kitap","10":"pa_yazar-john-c-ferguson","12":"first","13":"instock","14":"sale","15":"shipping-taxable","16":"purchasable","17":"product-type-simple"},"_links":{"self":[{"href":"https:\/\/roveyayinevi.com.tr\/index.php\/wp-json\/wp\/v2\/product\/723091","targetHints":{"allow":["GET"]}}],"collection":[{"href":"https:\/\/roveyayinevi.com.tr\/index.php\/wp-json\/wp\/v2\/product"}],"about":[{"href":"https:\/\/roveyayinevi.com.tr\/index.php\/wp-json\/wp\/v2\/types\/product"}],"wp:attachment":[{"href":"https:\/\/roveyayinevi.com.tr\/index.php\/wp-json\/wp\/v2\/media?parent=723091"}],"wp:term":[{"taxonomy":"product_brand","embeddable":true,"href":"https:\/\/roveyayinevi.com.tr\/index.php\/wp-json\/wp\/v2\/product_brand?post=723091"},{"taxonomy":"product_cat","embeddable":true,"href":"https:\/\/roveyayinevi.com.tr\/index.php\/wp-json\/wp\/v2\/product_cat?post=723091"},{"taxonomy":"product_tag","embeddable":true,"href":"https:\/\/roveyayinevi.com.tr\/index.php\/wp-json\/wp\/v2\/product_tag?post=723091"}],"curies":[{"name":"wp","href":"https:\/\/api.w.org\/{rel}","templated":true}]}}