{"id":723089,"date":"2025-08-27T19:13:44","date_gmt":"2025-08-27T16:13:44","guid":{"rendered":"https:\/\/roveyayinevi.com.tr\/index.php\/urun\/bellek-odamdan-sizanlar\/"},"modified":"2026-04-16T02:31:01","modified_gmt":"2026-04-15T23:31:01","slug":"bellek-odamdan-sizanlar","status":"publish","type":"product","link":"https:\/\/roveyayinevi.com.tr\/index.php\/urun\/bellek-odamdan-sizanlar\/","title":{"rendered":"Bellek &#8211; Odamdan S\u0131zanlar"},"content":{"rendered":"<p>Duru\u015fmalar ba\u015flad\u0131. Marmaris&#8217;e Cumhurba\u015fkan\u0131 Erdo\u011fan&#8217;\u0131 almaya giden grubun ba\u015f\u0131ndaki eski general 25 May\u0131s 2017\u2019de mahkemede konu\u015ftu. San\u0131k, Cesur Y\u00fcrek filmine at\u0131fta bulunarak \u015fu ifadeleri kulland\u0131: &#8220;Kendimi o filmin kahraman\u0131na benzetiyorum. Hani final sahnesinde, filmin kahraman\u0131 maskeli bir \u0130ngilizle vuru\u015furken \u0130ngiliz&#8217;in maskesi d\u00fc\u015f\u00fcyor ve kahraman vuru\u015ftu\u011fu \u0130ngiliz&#8217;in asl\u0131nda ad\u0131na sava\u015ft\u0131\u011f\u0131 \u0130sko\u00e7 Kral\u0131 oldu\u011funu anl\u0131yor ya, bizim durumumuz tam buna benziyor.&#8221; Bunun \u00fczerine Mahkeme Ba\u015fkan\u0131, &#8220;Sizin kral\u0131n\u0131z kim?&#8221; diye sordu. San\u0131k, &#8220;Bunu Ak\u0131nc\u0131lar Davas\u0131\u2019ndaki duru\u015fmalara b\u0131rakal\u0131m&#8221; dedi. Sonu\u00e7 mu? Sonraki hi\u00e7bir duru\u015fmada kral\u0131 a\u00e7\u0131klamad\u0131lar. Sahi kimdi bu kral? San\u0131klar neden krallar\u0131n\u0131 a\u00e7\u0131klamad\u0131lar? Sonras\u0131nda neler ya\u015fand\u0131? 15 Temmuz&#8217;da \u00e7ekirdek \u00e7itleyenler, korkudan kafas\u0131n\u0131 d\u0131\u015far\u0131 \u00e7\u0131karamayanlar, &#8220;Dur bakal\u0131m ne olacak&#8221; diyenler ve hatta kripto FE*T\u00d6\u2019c\u00fcler kahramanl\u0131k hikayeleri yaz\u0131p terfi ederken, o gece canlar\u0131n\u0131 ortaya koyanlara ne oldu? Hendek operasyonlar\u0131ndan 15 Temmuz&#8217;a, \u015f\u00fbralardaki tasfiyelerden TSK&#8217;n\u0131n yap\u0131s\u0131na, darbe davalar\u0131nda kanl\u0131 \u00e7uvala at\u0131lanlardan sava\u015fta s\u0131v\u0131\u015fanlara\u2026 Son be\u015f y\u0131lda \u00fclkemizin nereye evrildi\u011fini okumaya, belle\u011finizi tazelemeye haz\u0131r m\u0131s\u0131n\u0131z? <\/p>\n","protected":false},"excerpt":{"rendered":"<p>Duru\u015fmalar ba\u015flad\u0131. Marmaris&#8217;e Cumhurba\u015fkan\u0131 Erdo\u011fan&#8217;\u0131 almaya giden grubun ba\u015f\u0131ndaki eski general 25 May\u0131s 2017\u2019de mahkemede konu\u015ftu. San\u0131k, Cesur Y\u00fcrek filmine at\u0131fta bulunarak \u015fu ifadeleri kulland\u0131: &#8220;Kendimi<span class=\"excerpt-hellip\"> [\u2026]<\/span><\/p>\n","protected":false},"featured_media":0,"template":"","meta":{"_monsterinsights_skip_tracking":false,"_monsterinsights_sitenote_active":false,"_monsterinsights_sitenote_note":"","_monsterinsights_sitenote_category":0},"product_brand":[],"product_cat":[13590,12337],"product_tag":[],"class_list":{"0":"post-723089","1":"product","2":"type-product","3":"status-publish","5":"product_cat-arastirma-inceleme-politika-siyaset","6":"product_cat-politika-siyaset","7":"pa_cilt-ciltsiz","8":"pa_tur-kitap","9":"pa_yayinevi-kirmizi-kedi-yayinevi","10":"pa_yazar-mustafa-onsel","12":"first","13":"instock","14":"sale","15":"shipping-taxable","16":"purchasable","17":"product-type-simple"},"_links":{"self":[{"href":"https:\/\/roveyayinevi.com.tr\/index.php\/wp-json\/wp\/v2\/product\/723089","targetHints":{"allow":["GET"]}}],"collection":[{"href":"https:\/\/roveyayinevi.com.tr\/index.php\/wp-json\/wp\/v2\/product"}],"about":[{"href":"https:\/\/roveyayinevi.com.tr\/index.php\/wp-json\/wp\/v2\/types\/product"}],"wp:attachment":[{"href":"https:\/\/roveyayinevi.com.tr\/index.php\/wp-json\/wp\/v2\/media?parent=723089"}],"wp:term":[{"taxonomy":"product_brand","embeddable":true,"href":"https:\/\/roveyayinevi.com.tr\/index.php\/wp-json\/wp\/v2\/product_brand?post=723089"},{"taxonomy":"product_cat","embeddable":true,"href":"https:\/\/roveyayinevi.com.tr\/index.php\/wp-json\/wp\/v2\/product_cat?post=723089"},{"taxonomy":"product_tag","embeddable":true,"href":"https:\/\/roveyayinevi.com.tr\/index.php\/wp-json\/wp\/v2\/product_tag?post=723089"}],"curies":[{"name":"wp","href":"https:\/\/api.w.org\/{rel}","templated":true}]}}