{"id":723088,"date":"2025-08-27T19:13:43","date_gmt":"2025-08-27T16:13:43","guid":{"rendered":"https:\/\/roveyayinevi.com.tr\/index.php\/urun\/bizans-duserken\/"},"modified":"2026-04-16T02:31:01","modified_gmt":"2026-04-15T23:31:01","slug":"bizans-duserken","status":"publish","type":"product","link":"https:\/\/roveyayinevi.com.tr\/index.php\/urun\/bizans-duserken\/","title":{"rendered":"Bizans D\u00fc\u015ferken"},"content":{"rendered":"<p>29 May\u0131s 1453. Bu, Bizans \u0130mparatorlu\u011fu\u2019nun \u00e7\u00f6kt\u00fc\u011f\u00fc g\u00fcnd\u00fcr. Sultan Mehmet Bizans\u2019\u0131 ku\u015fatm\u0131\u015ft\u0131r; \u015fehrin al\u0131n yaz\u0131s\u0131 art\u0131k bellidir. Bu ka\u00e7\u0131n\u0131lmaz tehlike kar\u015f\u0131s\u0131nda kahramanl\u0131\u011fa y\u00fckselen \u0130mparator Konstantin az say\u0131da fakat sad\u0131k yabanc\u0131 paral\u0131 askeriyle b\u00fct\u00fcn g\u00fcc\u00fcn\u00fc harcayarak ku\u015fat\u0131c\u0131lara kar\u015f\u0131 koymakta, onun milleti ve Bizansl\u0131 askerleri ise korkak bir kay\u0131ts\u0131zl\u0131k i\u00e7inde ba\u015flar\u0131na gelece\u011fi beklemektedir; devletin ileri gelenleri \u0130mparatorun kahramanl\u0131k taslay\u0131\u015f\u0131 ile alay ederler; onlar art\u0131k daha ziyade sultandan yanad\u0131rlar ve her \u015feyi ondan beklerler. B\u00fct\u00fcn bunlardan \u0130mparatorun haberi yoktur.Sultan\u0131n el\u00e7ileri \u0130mparatora ve onunla gitmek isteyen herkese izin vereceklerini bildirir. Ancak sadece iki ki\u015fi \u0130mparatora ba\u011fl\u0131l\u0131\u011f\u0131n\u0131 beyan eder. Konstantin deh\u015fet i\u00e7inde ger\u00e7ekle y\u00fcz y\u00fcze gelir ve i\u015fte o an Bizans\u2019\u0131 \u00f6l\u00fcme mahk\u00fbm eder: \u201cBiz, Tanr\u0131\u2019n\u0131n izniyle, Bizans\u2019\u0131n son \u0130mparatoru Konstantin, d\u00fcnyaya bildiririz ki milletimizi mahkemeye \u00e7ektik ve adalet ad\u0131na Bizans\u2019\u0131 cell\u00e2t sat\u0131r\u0131yla \u00f6l\u00fcme mahk\u00fbm eyledik. Edirneli Mehmet cell\u00e2d\u0131m\u0131z olsun. Mezar ta\u015f\u0131ma \u015fu s\u00f6zler yaz\u0131ls\u0131n: Bizans\u2019\u0131n son \u0130mparatoru burada yat\u0131yor. K\u00f6r oldu\u011fu m\u00fcddet\u00e7e ya\u015fad\u0131. Bir g\u00fcn g\u00f6zleri a\u00e7\u0131l\u0131nca duydu\u011fu tiksinti onu \u00f6ld\u00fcrd\u00fc.\u201d<\/p>\n","protected":false},"excerpt":{"rendered":"<p>29 May\u0131s 1453. Bu, Bizans \u0130mparatorlu\u011fu\u2019nun \u00e7\u00f6kt\u00fc\u011f\u00fc g\u00fcnd\u00fcr. Sultan Mehmet Bizans\u2019\u0131 ku\u015fatm\u0131\u015ft\u0131r; \u015fehrin al\u0131n yaz\u0131s\u0131 art\u0131k bellidir. Bu ka\u00e7\u0131n\u0131lmaz tehlike kar\u015f\u0131s\u0131nda kahramanl\u0131\u011fa y\u00fckselen \u0130mparator Konstantin az<span class=\"excerpt-hellip\"> [\u2026]<\/span><\/p>\n","protected":false},"featured_media":0,"template":"","meta":{"_monsterinsights_skip_tracking":false,"_monsterinsights_sitenote_active":false,"_monsterinsights_sitenote_note":"","_monsterinsights_sitenote_category":0},"product_brand":[],"product_cat":[13661,12291],"product_tag":[],"class_list":{"0":"post-723088","1":"product","2":"type-product","3":"status-publish","5":"product_cat-diger-ulke-edebiyatlari","6":"product_cat-edebiyat","7":"pa_cilt-ciltsiz","8":"pa_tur-kitap","9":"pa_yayinevi-yeni-insan-yayinlari","10":"pa_yazar-ferenc-herczeg","12":"first","13":"instock","14":"sale","15":"shipping-taxable","16":"purchasable","17":"product-type-simple"},"_links":{"self":[{"href":"https:\/\/roveyayinevi.com.tr\/index.php\/wp-json\/wp\/v2\/product\/723088","targetHints":{"allow":["GET"]}}],"collection":[{"href":"https:\/\/roveyayinevi.com.tr\/index.php\/wp-json\/wp\/v2\/product"}],"about":[{"href":"https:\/\/roveyayinevi.com.tr\/index.php\/wp-json\/wp\/v2\/types\/product"}],"wp:attachment":[{"href":"https:\/\/roveyayinevi.com.tr\/index.php\/wp-json\/wp\/v2\/media?parent=723088"}],"wp:term":[{"taxonomy":"product_brand","embeddable":true,"href":"https:\/\/roveyayinevi.com.tr\/index.php\/wp-json\/wp\/v2\/product_brand?post=723088"},{"taxonomy":"product_cat","embeddable":true,"href":"https:\/\/roveyayinevi.com.tr\/index.php\/wp-json\/wp\/v2\/product_cat?post=723088"},{"taxonomy":"product_tag","embeddable":true,"href":"https:\/\/roveyayinevi.com.tr\/index.php\/wp-json\/wp\/v2\/product_tag?post=723088"}],"curies":[{"name":"wp","href":"https:\/\/api.w.org\/{rel}","templated":true}]}}