{"id":723084,"date":"2025-08-27T19:13:39","date_gmt":"2025-08-27T16:13:39","guid":{"rendered":"https:\/\/roveyayinevi.com.tr\/index.php\/urun\/dut-agacindaki-hayalet\/"},"modified":"2026-04-16T02:31:00","modified_gmt":"2026-04-15T23:31:00","slug":"dut-agacindaki-hayalet","status":"publish","type":"product","link":"https:\/\/roveyayinevi.com.tr\/index.php\/urun\/dut-agacindaki-hayalet\/","title":{"rendered":"Dut A\u011fac\u0131ndaki Hayalet"},"content":{"rendered":"<p>I\u015f\u0131k demeti par\u00e7alara ayr\u0131l\u0131yor, y\u00fckseliyor,tekrar birle\u015fiyordu. \u0130\u00e7imizde en k\u00fc\u00e7\u00fc\u011f\u00fcm\u00fcz olan Ali,o korkun\u00e7 \u0131\u015f\u0131\u011f\u0131n yan\u0131na gidipne oldu\u011funu \u00f6\u011frenmekte kararl\u0131yd\u0131.\u00c7ok korkuyordum amayine de Ali\u2019nin yan\u0131na ko\u015fup elini tuttum.Elleri titriyordu. Benim de \u00f6yle.Birbirimizden g\u00fc\u00e7 alarak dut a\u011fac\u0131nado\u011fru yava\u015f\u00e7a y\u00fcr\u00fcmeye ba\u015flad\u0131k.Bizi neyin bekledi\u011fini merak ediyorduk\u2026Cesaretin kayna\u011f\u0131 nedir? K\u00fc\u00e7\u00fck bir \u00e7ocukne kadar b\u00fcy\u00fck bir de\u011fi\u015fim yaratabilir? <\/p>\n","protected":false},"excerpt":{"rendered":"<p>I\u015f\u0131k demeti par\u00e7alara ayr\u0131l\u0131yor, y\u00fckseliyor,tekrar birle\u015fiyordu. \u0130\u00e7imizde en k\u00fc\u00e7\u00fc\u011f\u00fcm\u00fcz olan Ali,o korkun\u00e7 \u0131\u015f\u0131\u011f\u0131n yan\u0131na gidipne oldu\u011funu \u00f6\u011frenmekte kararl\u0131yd\u0131.\u00c7ok korkuyordum amayine de Ali\u2019nin yan\u0131na ko\u015fup elini tuttum.Elleri<span class=\"excerpt-hellip\"> [\u2026]<\/span><\/p>\n","protected":false},"featured_media":0,"template":"","meta":{"_monsterinsights_skip_tracking":false,"_monsterinsights_sitenote_active":false,"_monsterinsights_sitenote_note":"","_monsterinsights_sitenote_category":0},"product_brand":[],"product_cat":[12274,12284],"product_tag":[],"class_list":{"0":"post-723084","1":"product","2":"type-product","3":"status-publish","5":"product_cat-cocuk-ve-genclik-kitaplari","6":"product_cat-hikayeler","7":"pa_cilt-ciltsiz","8":"pa_tur-kitap","9":"pa_yayinevi-masalperest","10":"pa_yazar-ozge-bahar-sunar","12":"first","13":"instock","14":"sale","15":"shipping-taxable","16":"purchasable","17":"product-type-simple"},"_links":{"self":[{"href":"https:\/\/roveyayinevi.com.tr\/index.php\/wp-json\/wp\/v2\/product\/723084","targetHints":{"allow":["GET"]}}],"collection":[{"href":"https:\/\/roveyayinevi.com.tr\/index.php\/wp-json\/wp\/v2\/product"}],"about":[{"href":"https:\/\/roveyayinevi.com.tr\/index.php\/wp-json\/wp\/v2\/types\/product"}],"wp:attachment":[{"href":"https:\/\/roveyayinevi.com.tr\/index.php\/wp-json\/wp\/v2\/media?parent=723084"}],"wp:term":[{"taxonomy":"product_brand","embeddable":true,"href":"https:\/\/roveyayinevi.com.tr\/index.php\/wp-json\/wp\/v2\/product_brand?post=723084"},{"taxonomy":"product_cat","embeddable":true,"href":"https:\/\/roveyayinevi.com.tr\/index.php\/wp-json\/wp\/v2\/product_cat?post=723084"},{"taxonomy":"product_tag","embeddable":true,"href":"https:\/\/roveyayinevi.com.tr\/index.php\/wp-json\/wp\/v2\/product_tag?post=723084"}],"curies":[{"name":"wp","href":"https:\/\/api.w.org\/{rel}","templated":true}]}}