{"id":723083,"date":"2025-08-27T19:13:38","date_gmt":"2025-08-27T16:13:38","guid":{"rendered":"https:\/\/roveyayinevi.com.tr\/index.php\/urun\/ertelenmis-kiyamet\/"},"modified":"2026-04-16T02:31:00","modified_gmt":"2026-04-15T23:31:00","slug":"ertelenmis-kiyamet","status":"publish","type":"product","link":"https:\/\/roveyayinevi.com.tr\/index.php\/urun\/ertelenmis-kiyamet\/","title":{"rendered":"Ertelenmi\u015f K\u0131yamet"},"content":{"rendered":"<p>Umberto Eco\u2019nun 60\u2019l\u0131 ve 80\u2019li y\u0131llar aras\u0131nda kitle k\u00fclt\u00fcr\u00fc \u00fczerine yazd\u0131\u011f\u0131 makalelerden olu\u015fan Ertelenmi\u015f K\u0131yamet, kitle k\u00fclt\u00fcr\u00fcne tamamen kar\u015f\u0131 \u00e7\u0131kanlarla (k\u0131yamet\u00e7iler), fark\u0131nda olmaks\u0131z\u0131n bu k\u00fclt\u00fcre hizmet edip onun bir par\u00e7as\u0131 olan zamane entelekt\u00fcellerinin (b\u00fct\u00fcnle\u015fmi\u015fler) yakla\u015f\u0131mlar\u0131n\u0131 kar\u015f\u0131 kar\u015f\u0131ya getiriyor ve \u00e7izgi roman, televizyon, m\u00fczik gibi pop\u00fcler k\u00fclt\u00fcr\u00fcn bir par\u00e7as\u0131 olan bir\u00e7ok \u00f6\u011feyi de\u011ferlendiriyor.\u201c\u2026Belki de bu kitab\u0131 okunur k\u0131lacak olan \u015fey, bir\u00e7ok ele\u015ftirmeni benim k\u0131yamet\u00e7i mi yoksa b\u00fct\u00fcnle\u015fmi\u015f mi oldu\u011fumu sorgulamaya iten \u015feydir. Bunun nedeni mu\u011flak m\u0131, tart\u0131\u015fmal\u0131 m\u0131, yoksa diyalektik olmam m\u0131 h\u00e2l\u00e2 bilmiyorum. Veya belki de onlar bunlar\u0131n hi\u00e7biriydi ve kesin cevaplara ihtiya\u00e7lar\u0131 vard\u0131: ya siyah ya beyaz, ya evet ya hay\u0131r, ya do\u011fru ya yanl\u0131\u015f\u2026Sanki kitle k\u00fclt\u00fcr\u00fc onlara da bula\u015fm\u0131\u015ft\u0131&#8230;\u201d<\/p>\n","protected":false},"excerpt":{"rendered":"<p>Umberto Eco\u2019nun 60\u2019l\u0131 ve 80\u2019li y\u0131llar aras\u0131nda kitle k\u00fclt\u00fcr\u00fc \u00fczerine yazd\u0131\u011f\u0131 makalelerden olu\u015fan Ertelenmi\u015f K\u0131yamet, kitle k\u00fclt\u00fcr\u00fcne tamamen kar\u015f\u0131 \u00e7\u0131kanlarla (k\u0131yamet\u00e7iler), fark\u0131nda olmaks\u0131z\u0131n bu k\u00fclt\u00fcre hizmet<span class=\"excerpt-hellip\"> [\u2026]<\/span><\/p>\n","protected":false},"featured_media":0,"template":"","meta":{"_monsterinsights_skip_tracking":false,"_monsterinsights_sitenote_active":false,"_monsterinsights_sitenote_note":"","_monsterinsights_sitenote_category":0},"product_brand":[],"product_cat":[13072,12291],"product_tag":[],"class_list":{"0":"post-723083","1":"product","2":"type-product","3":"status-publish","5":"product_cat-arastirma-inceleme-referans","6":"product_cat-edebiyat","7":"pa_cilt-ciltsiz","8":"pa_tur-kitap","9":"pa_yayinevi-nora-kitap","10":"pa_yazar-umberto-eco","12":"first","13":"instock","14":"sale","15":"shipping-taxable","16":"purchasable","17":"product-type-simple"},"_links":{"self":[{"href":"https:\/\/roveyayinevi.com.tr\/index.php\/wp-json\/wp\/v2\/product\/723083","targetHints":{"allow":["GET"]}}],"collection":[{"href":"https:\/\/roveyayinevi.com.tr\/index.php\/wp-json\/wp\/v2\/product"}],"about":[{"href":"https:\/\/roveyayinevi.com.tr\/index.php\/wp-json\/wp\/v2\/types\/product"}],"wp:attachment":[{"href":"https:\/\/roveyayinevi.com.tr\/index.php\/wp-json\/wp\/v2\/media?parent=723083"}],"wp:term":[{"taxonomy":"product_brand","embeddable":true,"href":"https:\/\/roveyayinevi.com.tr\/index.php\/wp-json\/wp\/v2\/product_brand?post=723083"},{"taxonomy":"product_cat","embeddable":true,"href":"https:\/\/roveyayinevi.com.tr\/index.php\/wp-json\/wp\/v2\/product_cat?post=723083"},{"taxonomy":"product_tag","embeddable":true,"href":"https:\/\/roveyayinevi.com.tr\/index.php\/wp-json\/wp\/v2\/product_tag?post=723083"}],"curies":[{"name":"wp","href":"https:\/\/api.w.org\/{rel}","templated":true}]}}