{"id":723082,"date":"2025-08-27T19:13:37","date_gmt":"2025-08-27T16:13:37","guid":{"rendered":"https:\/\/roveyayinevi.com.tr\/index.php\/urun\/hepsi-tasit\/"},"modified":"2026-04-16T02:31:00","modified_gmt":"2026-04-15T23:31:00","slug":"hepsi-tasit","status":"publish","type":"product","link":"https:\/\/roveyayinevi.com.tr\/index.php\/urun\/hepsi-tasit\/","title":{"rendered":"Hepsi Ta\u015f\u0131t"},"content":{"rendered":"<p>Bebe\u011finizi kitaplar\u0131n d\u00fcnyas\u0131na sokmaya haz\u0131r m\u0131s\u0131n\u0131z?   Bu kitapla bebe\u011finizi ta\u015f\u0131t kavram\u0131yla tan\u0131\u015ft\u0131racakve ileride edinece\u011fi kitap okuma al\u0131\u015fkanl\u0131\u011f\u0131n\u0131nilk tohumlar\u0131n\u0131 atm\u0131\u015f olacaks\u0131n\u0131z. <\/p>\n","protected":false},"excerpt":{"rendered":"<p>Bebe\u011finizi kitaplar\u0131n d\u00fcnyas\u0131na sokmaya haz\u0131r m\u0131s\u0131n\u0131z? Bu kitapla bebe\u011finizi ta\u015f\u0131t kavram\u0131yla tan\u0131\u015ft\u0131racakve ileride edinece\u011fi kitap okuma al\u0131\u015fkanl\u0131\u011f\u0131n\u0131nilk tohumlar\u0131n\u0131 atm\u0131\u015f olacaks\u0131n\u0131z.<\/p>\n","protected":false},"featured_media":0,"template":"","meta":{"_monsterinsights_skip_tracking":false,"_monsterinsights_sitenote_active":false,"_monsterinsights_sitenote_note":"","_monsterinsights_sitenote_category":0},"product_brand":[],"product_cat":[12274,12518],"product_tag":[],"class_list":{"0":"post-723082","1":"product","2":"type-product","3":"status-publish","5":"product_cat-cocuk-ve-genclik-kitaplari","6":"product_cat-okul-oncesi-kitaplar","7":"pa_cilt-ciltsiz","8":"pa_tur-kitap","9":"pa_yayinevi-masalperest","10":"pa_yazar-kolektif","12":"first","13":"instock","14":"sale","15":"shipping-taxable","16":"purchasable","17":"product-type-simple"},"_links":{"self":[{"href":"https:\/\/roveyayinevi.com.tr\/index.php\/wp-json\/wp\/v2\/product\/723082","targetHints":{"allow":["GET"]}}],"collection":[{"href":"https:\/\/roveyayinevi.com.tr\/index.php\/wp-json\/wp\/v2\/product"}],"about":[{"href":"https:\/\/roveyayinevi.com.tr\/index.php\/wp-json\/wp\/v2\/types\/product"}],"wp:attachment":[{"href":"https:\/\/roveyayinevi.com.tr\/index.php\/wp-json\/wp\/v2\/media?parent=723082"}],"wp:term":[{"taxonomy":"product_brand","embeddable":true,"href":"https:\/\/roveyayinevi.com.tr\/index.php\/wp-json\/wp\/v2\/product_brand?post=723082"},{"taxonomy":"product_cat","embeddable":true,"href":"https:\/\/roveyayinevi.com.tr\/index.php\/wp-json\/wp\/v2\/product_cat?post=723082"},{"taxonomy":"product_tag","embeddable":true,"href":"https:\/\/roveyayinevi.com.tr\/index.php\/wp-json\/wp\/v2\/product_tag?post=723082"}],"curies":[{"name":"wp","href":"https:\/\/api.w.org\/{rel}","templated":true}]}}