{"id":723077,"date":"2025-08-27T19:13:33","date_gmt":"2025-08-27T16:13:33","guid":{"rendered":"https:\/\/roveyayinevi.com.tr\/index.php\/urun\/eugenie-grandet-2\/"},"modified":"2026-04-16T02:31:00","modified_gmt":"2026-04-15T23:31:00","slug":"eugenie-grandet-2","status":"publish","type":"product","link":"https:\/\/roveyayinevi.com.tr\/index.php\/urun\/eugenie-grandet-2\/","title":{"rendered":"Eugenie Grandet"},"content":{"rendered":"<p>Eug\u00e9nie Grandet, \u201c\u0130nsanl\u0131k Komedyas\u0131\u201d ba\u015fl\u0131\u011f\u0131 alt\u0131nda tasarlanm\u0131\u015f dev romanlar dizisinin en tan\u0131nm\u0131\u015f, en sevilen b\u00f6l\u00fcmlerinden biri. Klasik Frans\u0131z edebiyat\u0131n\u0131n b\u00fcy\u00fck yazar\u0131 Honor\u00e9 de Balzac, ilk kez 1833\u2019te yay\u0131mlanan bu roman\u0131nda ta\u015fra insanlar\u0131n\u0131 ve onlar\u0131n \u00f6zellikle parayla ili\u015fkilerini kendine \u00f6zg\u00fc ger\u00e7ek\u00e7ili\u011fiyle anlat\u0131r. Temel olarak cimrili\u011fi ve a\u015fk\u0131 birlikte ele ald\u0131\u011f\u0131 bu \u00f6nemli roman\u0131nda Balzac, roman\u0131n kahramanlar\u0131ndan birinin, Grandet Baba\u2019n\u0131n b\u00fcy\u00fck mal varl\u0131\u011f\u0131n\u0131n \u00e7al\u0131\u015fmakla elde edilemeyece\u011fini g\u00f6zler \u00f6n\u00fcne serer. F\u0131rsat\u00e7\u0131l\u0131kla, Frans\u0131z Devrimi sonras\u0131ndaki kar\u0131\u015f\u0131kl\u0131kta t\u00fcrl\u00fc aldatmacalarla elde edilmi\u015f bu servetin i\u00e7inde al\u0131n terinin pay\u0131, denizde bir damla gibidir. D\u00fcr\u00fcst, erdemli Eug\u00e9nie Grandet\u2019nin tertemiz a\u015fk\u0131n\u0131n ve y\u00fcce g\u00f6n\u00fcll\u00fcl\u00fc\u011f\u00fcn\u00fcn b\u00fct\u00fcn bu pisliklerin yan\u0131nda yeri nedir? Balzac\u2019\u0131n roman\u0131, t\u00fcm ku\u015faklar i\u00e7in g\u00fcncelli\u011fini ve de\u011ferini koruyor.\u201cRoman kahramanlar\u0131 yaratmak demek do\u011fru g\u00f6rebilmek, yo\u011funla\u015fmak ve \u015fiddetle\u015ftirmek, maksimuma ula\u015fmak, her tutkunun i\u00e7indeki ac\u0131y\u0131 ortaya koymak, her g\u00fcc\u00fcn i\u00e7indeki zay\u0131fl\u0131\u011f\u0131 g\u00f6rebilmek, gizli kalm\u0131\u015f g\u00fc\u00e7leri d\u0131\u015far\u0131 \u00e7\u0131karmak demektir. Eug\u00e9nie Grandet, bu yoldaki ilk ad\u0131md\u0131r; bu basit, inan\u00e7l\u0131 k\u0131zdaki kendini teslim etme duygusu o denli bir art\u0131\u015f g\u00f6sterir ki, neredeyse dindar olacakt\u0131r, ya\u015fl\u0131 Grandet\u2019nin cimrili\u011fi de t\u0131pk\u0131 ya\u015fl\u0131 \u00e7irkin hizmet\u00e7i k\u0131z\u0131n sadakati gibi \u015feytanla\u015f\u0131r.\u201dStefan Zweig<\/p>\n","protected":false},"excerpt":{"rendered":"<p>Eug\u00e9nie Grandet, \u201c\u0130nsanl\u0131k Komedyas\u0131\u201d ba\u015fl\u0131\u011f\u0131 alt\u0131nda tasarlanm\u0131\u015f dev romanlar dizisinin en tan\u0131nm\u0131\u015f, en sevilen b\u00f6l\u00fcmlerinden biri. Klasik Frans\u0131z edebiyat\u0131n\u0131n b\u00fcy\u00fck yazar\u0131 Honor\u00e9 de Balzac, ilk kez<span class=\"excerpt-hellip\"> [\u2026]<\/span><\/p>\n","protected":false},"featured_media":0,"template":"","meta":{"_monsterinsights_skip_tracking":false,"_monsterinsights_sitenote_active":false,"_monsterinsights_sitenote_note":"","_monsterinsights_sitenote_category":0},"product_brand":[],"product_cat":[12291,12711],"product_tag":[],"class_list":{"0":"post-723077","1":"product","2":"type-product","3":"status-publish","5":"product_cat-edebiyat","6":"product_cat-roman-oyku","7":"pa_cilt-ciltsiz","8":"pa_tur-kitap","9":"pa_yayinevi-can-yayinlari","10":"pa_yazar-honore-de-balzac","12":"first","13":"instock","14":"sale","15":"shipping-taxable","16":"purchasable","17":"product-type-simple"},"_links":{"self":[{"href":"https:\/\/roveyayinevi.com.tr\/index.php\/wp-json\/wp\/v2\/product\/723077","targetHints":{"allow":["GET"]}}],"collection":[{"href":"https:\/\/roveyayinevi.com.tr\/index.php\/wp-json\/wp\/v2\/product"}],"about":[{"href":"https:\/\/roveyayinevi.com.tr\/index.php\/wp-json\/wp\/v2\/types\/product"}],"wp:attachment":[{"href":"https:\/\/roveyayinevi.com.tr\/index.php\/wp-json\/wp\/v2\/media?parent=723077"}],"wp:term":[{"taxonomy":"product_brand","embeddable":true,"href":"https:\/\/roveyayinevi.com.tr\/index.php\/wp-json\/wp\/v2\/product_brand?post=723077"},{"taxonomy":"product_cat","embeddable":true,"href":"https:\/\/roveyayinevi.com.tr\/index.php\/wp-json\/wp\/v2\/product_cat?post=723077"},{"taxonomy":"product_tag","embeddable":true,"href":"https:\/\/roveyayinevi.com.tr\/index.php\/wp-json\/wp\/v2\/product_tag?post=723077"}],"curies":[{"name":"wp","href":"https:\/\/api.w.org\/{rel}","templated":true}]}}