{"id":723075,"date":"2025-08-27T19:13:32","date_gmt":"2025-08-27T16:13:32","guid":{"rendered":"https:\/\/roveyayinevi.com.tr\/index.php\/urun\/top-sende\/"},"modified":"2026-04-16T02:31:00","modified_gmt":"2026-04-15T23:31:00","slug":"top-sende","status":"publish","type":"product","link":"https:\/\/roveyayinevi.com.tr\/index.php\/urun\/top-sende\/","title":{"rendered":"Top Sende"},"content":{"rendered":"<p>\u201cBabam evimizin samanl\u0131\u011f\u0131nda benim i\u00e7in bir at\u00f6lye yapmadan \u00e7ok \u00f6nce orada pinpon masas\u0131 vard\u0131. Birlikte oynamay\u0131 \u00e7ok severdik. Ben ergendim, o altm\u0131\u015flar\u0131ndayd\u0131. A\u015fa\u011f\u0131 yukar\u0131 denk oyunculard\u0131k; baz\u0131 g\u00fcnler ben kazan\u0131rd\u0131m, baz\u0131 g\u00fcnler de o. Ama ma\u00e7\u0131n sonucunun bir \u00f6nemi yoktu, bizi oynamaya sevk eden ba\u015fka bir \u015feydi: Esas arzumuz \u015fans\u0131 ne kadar zorlayabilece\u011fimizi g\u00f6rmek ve al\u0131p verme oyununu bir l\u00fctufa \u00e7evirmekti. Elbette nadiren b\u00f6yle oluyordu ama ara s\u0131ra oluyordu ve o zamanlarda her \u015fey yerli yerine oturuyordu. Ritim, hareket ve jestler, zamanlama, hepsi tek bir edimin birli\u011finde toplan\u0131yordu.   \u201c\u0130kimiz de \u00e7izimleri pinpon oynad\u0131\u011f\u0131m\u0131zdaki ayn\u0131 sevin\u00e7le ve umutla kar\u015f\u0131lard\u0131k.\u201d  \u2014Yves Berger <\/p>\n","protected":false},"excerpt":{"rendered":"<p>\u201cBabam evimizin samanl\u0131\u011f\u0131nda benim i\u00e7in bir at\u00f6lye yapmadan \u00e7ok \u00f6nce orada pinpon masas\u0131 vard\u0131. Birlikte oynamay\u0131 \u00e7ok severdik. Ben ergendim, o altm\u0131\u015flar\u0131ndayd\u0131. A\u015fa\u011f\u0131 yukar\u0131 denk oyunculard\u0131k;<span class=\"excerpt-hellip\"> [\u2026]<\/span><\/p>\n","protected":false},"featured_media":0,"template":"","meta":{"_monsterinsights_skip_tracking":false,"_monsterinsights_sitenote_active":false,"_monsterinsights_sitenote_note":"","_monsterinsights_sitenote_category":0},"product_brand":[],"product_cat":[12408,14197],"product_tag":[],"class_list":{"0":"post-723075","1":"product","2":"type-product","3":"status-publish","5":"product_cat-sanat","6":"product_cat-sanat-tarihi","7":"pa_cilt-ciltsiz","8":"pa_tur-kitap","9":"pa_yayinevi-metis-yayinlari","10":"pa_yazar-john-berger-yves-berger","12":"first","13":"instock","14":"sale","15":"shipping-taxable","16":"purchasable","17":"product-type-simple"},"_links":{"self":[{"href":"https:\/\/roveyayinevi.com.tr\/index.php\/wp-json\/wp\/v2\/product\/723075","targetHints":{"allow":["GET"]}}],"collection":[{"href":"https:\/\/roveyayinevi.com.tr\/index.php\/wp-json\/wp\/v2\/product"}],"about":[{"href":"https:\/\/roveyayinevi.com.tr\/index.php\/wp-json\/wp\/v2\/types\/product"}],"wp:attachment":[{"href":"https:\/\/roveyayinevi.com.tr\/index.php\/wp-json\/wp\/v2\/media?parent=723075"}],"wp:term":[{"taxonomy":"product_brand","embeddable":true,"href":"https:\/\/roveyayinevi.com.tr\/index.php\/wp-json\/wp\/v2\/product_brand?post=723075"},{"taxonomy":"product_cat","embeddable":true,"href":"https:\/\/roveyayinevi.com.tr\/index.php\/wp-json\/wp\/v2\/product_cat?post=723075"},{"taxonomy":"product_tag","embeddable":true,"href":"https:\/\/roveyayinevi.com.tr\/index.php\/wp-json\/wp\/v2\/product_tag?post=723075"}],"curies":[{"name":"wp","href":"https:\/\/api.w.org\/{rel}","templated":true}]}}