{"id":723074,"date":"2025-08-27T19:13:31","date_gmt":"2025-08-27T16:13:31","guid":{"rendered":"https:\/\/roveyayinevi.com.tr\/index.php\/urun\/cagdas-sosyal-ve-sosyolojik-teori-toplumsal-dunyalari-gorunur-kilmak\/"},"modified":"2026-02-03T02:45:30","modified_gmt":"2026-02-02T23:45:30","slug":"cagdas-sosyal-ve-sosyolojik-teori-toplumsal-dunyalari-gorunur-kilmak","status":"publish","type":"product","link":"https:\/\/roveyayinevi.com.tr\/index.php\/urun\/cagdas-sosyal-ve-sosyolojik-teori-toplumsal-dunyalari-gorunur-kilmak\/","title":{"rendered":"\u00c7a\u011fda\u015f Sosyal ve Sosyolojik Teori &#8211; Toplumsal D\u00fcnyalar\u0131 G\u00f6r\u00fcn\u00fcr K\u0131lmak"},"content":{"rendered":"<p>D\u00f6rt ana k\u0131s\u0131mdan olu\u015fan bu kitap, ba\u015flang\u0131\u00e7ta moderniteyi tan\u0131mlayarak kitap boyunca \u00e7a\u011fda\u015f teorilere ili\u015fkin bir altyap\u0131 olu\u015ftururken, devam\u0131nda Frankfurt Okulu ve Talcott Parsons\u2019\u0131n teorisine de\u011finerek sosyal d\u00fc\u015f\u00fcnce \u00fczerindeki etkilerini anlatmaktad\u0131r. \u0130kinci k\u0131s\u0131mda ise bireyler ve durumlara e\u011filirken, burada bireyin y\u00fcz y\u00fcze sosyal ileti\u015fime ge\u00e7ti\u011finde neler oldu\u011funu a\u00e7\u0131klayan teorileri sunmaktad\u0131r. Toplumsal yap\u0131lar ve sistemlere de\u011finen \u00fc\u00e7\u00fcnc\u00fc k\u0131s\u0131m, bu b\u00f6l\u00fcmde ele al\u0131nan teorisyenlerin toplumsal yap\u0131 teorilerini anlatmaktad\u0131r. D\u00f6rd\u00fcnc\u00fc k\u0131s\u0131mda moderniteden \u00e7\u0131km\u0131\u015f olma ihtimalleri ve sorunlar\u0131 ele al\u0131nmaktad\u0131r. Son olarak be\u015finci k\u0131s\u0131m okura, \u00e7a\u011fda\u015f siyasal kimlikleri a\u00e7\u0131klamaya \u00e7al\u0131\u015fmaktad\u0131r. \u00c7a\u011fda\u015f Sosyal ve Sosyolojik Teori basit bir kitap de\u011fildir. Hem \u00f6\u011frencilerin, hem akademisyenlerin, hem de toplumbilimle ilgili her bireyin \u00e7al\u0131\u015fmalar\u0131 boyunca kullanabilece\u011fi bir ara\u00e7t\u0131r. Her bir b\u00f6l\u00fcm i\u00e7in yazar bir b\u00fcy\u00fck resim, teorisyene k\u0131sa bak\u0131\u015f, kavramlar ve teori, \u00f6zet, perspektif se\u00e7imi sunar ve bu kitab\u0131 bir \u201cara\u00e7\u201d gibi kullanabilmeniz ad\u0131na \u201cteori alet \u00e7antan\u0131z i\u00e7in\u201d b\u00f6l\u00fcm\u00fcyle sonland\u0131r\u0131r. Yazar\u0131n da kitab\u0131n ba\u015f\u0131nda dedi\u011fi gibi, \u201cKendinize bir iyilik yap\u0131n ve bu kitab\u0131 kullan\u0131n\u201d. <\/p>\n","protected":false},"excerpt":{"rendered":"<p>D\u00f6rt ana k\u0131s\u0131mdan olu\u015fan bu kitap, ba\u015flang\u0131\u00e7ta moderniteyi tan\u0131mlayarak kitap boyunca \u00e7a\u011fda\u015f teorilere ili\u015fkin bir altyap\u0131 olu\u015ftururken, devam\u0131nda Frankfurt Okulu ve Talcott Parsons\u2019\u0131n teorisine de\u011finerek sosyal<span class=\"excerpt-hellip\"> [\u2026]<\/span><\/p>\n","protected":false},"featured_media":0,"template":"","meta":{"_monsterinsights_skip_tracking":false,"_monsterinsights_sitenote_active":false,"_monsterinsights_sitenote_note":"","_monsterinsights_sitenote_category":0},"product_brand":[],"product_cat":[12325,12324],"product_tag":[],"class_list":{"0":"post-723074","1":"product","2":"type-product","3":"status-publish","5":"product_cat-diger-sosyoloji","6":"product_cat-sosyoloji","7":"pa_cilt-ciltsiz","8":"pa_tur-kitap","9":"pa_yayinevi-istanbul-bilgi-universitesi-yayinlari","10":"pa_yazar-kenneth-allan","12":"first","13":"instock","14":"sale","15":"shipping-taxable","16":"purchasable","17":"product-type-simple"},"_links":{"self":[{"href":"https:\/\/roveyayinevi.com.tr\/index.php\/wp-json\/wp\/v2\/product\/723074","targetHints":{"allow":["GET"]}}],"collection":[{"href":"https:\/\/roveyayinevi.com.tr\/index.php\/wp-json\/wp\/v2\/product"}],"about":[{"href":"https:\/\/roveyayinevi.com.tr\/index.php\/wp-json\/wp\/v2\/types\/product"}],"wp:attachment":[{"href":"https:\/\/roveyayinevi.com.tr\/index.php\/wp-json\/wp\/v2\/media?parent=723074"}],"wp:term":[{"taxonomy":"product_brand","embeddable":true,"href":"https:\/\/roveyayinevi.com.tr\/index.php\/wp-json\/wp\/v2\/product_brand?post=723074"},{"taxonomy":"product_cat","embeddable":true,"href":"https:\/\/roveyayinevi.com.tr\/index.php\/wp-json\/wp\/v2\/product_cat?post=723074"},{"taxonomy":"product_tag","embeddable":true,"href":"https:\/\/roveyayinevi.com.tr\/index.php\/wp-json\/wp\/v2\/product_tag?post=723074"}],"curies":[{"name":"wp","href":"https:\/\/api.w.org\/{rel}","templated":true}]}}