{"id":723073,"date":"2025-08-27T19:13:30","date_gmt":"2025-08-27T16:13:30","guid":{"rendered":"https:\/\/roveyayinevi.com.tr\/index.php\/urun\/aslan-serisi-5-kitap-takim\/"},"modified":"2026-04-07T02:39:53","modified_gmt":"2026-04-06T23:39:53","slug":"aslan-serisi-5-kitap-takim","status":"publish","type":"product","link":"https:\/\/roveyayinevi.com.tr\/index.php\/urun\/aslan-serisi-5-kitap-takim\/","title":{"rendered":"Aslan Serisi (5 Kitap Tak\u0131m)"},"content":{"rendered":"<p>TRT \u00c7ocuk\u2019un Sevilen Karakteri K\u00fc\u00e7\u00fck Mucit Aslan maceralar\u0131yla e\u011flenceli bir okuma s\u00fcreci sizleri bekliyor.Hayal etmeden duramayan Aslan ve arkada\u015flar\u0131 i\u00e7in her sorun, yepyeni bir heyecan. K\u00fc\u00e7\u00fck mucitler Aslan, Mehmet, Zeynep ve Eren \u00f6\u011frendiklerinden yola \u00e7\u0131karak g\u00fcnl\u00fck ya\u015famda rahatl\u0131kla bulunabilecek malzemelerden yepyeni icatlar geli\u015ftiriyor.D\u00fc\u015f\u00fcnmek, merak etmek ve \u00f6\u011frenmek \u00fczerine kurulu her macera e\u011flenceli oldu\u011fu kadar do\u011fa, bilim ve m\u00fchendislik gibi kavramlarla ilgili temel bilgiler de payla\u015f\u0131yor.Setin Kitaplar\u01311. Kalemt\u0131ra\u015f Kumbaras\u01312. Ku\u015f G\u00f6zlemevi3. Labirent Ka\u015fifleri4. Empati Odas\u01315. Korkuluk<\/p>\n","protected":false},"excerpt":{"rendered":"<p>TRT \u00c7ocuk\u2019un Sevilen Karakteri K\u00fc\u00e7\u00fck Mucit Aslan maceralar\u0131yla e\u011flenceli bir okuma s\u00fcreci sizleri bekliyor.Hayal etmeden duramayan Aslan ve arkada\u015flar\u0131 i\u00e7in her sorun, yepyeni bir heyecan. K\u00fc\u00e7\u00fck<span class=\"excerpt-hellip\"> [\u2026]<\/span><\/p>\n","protected":false},"featured_media":0,"template":"","meta":{"_monsterinsights_skip_tracking":false,"_monsterinsights_sitenote_active":false,"_monsterinsights_sitenote_note":"","_monsterinsights_sitenote_category":0},"product_brand":[],"product_cat":[12274,12284],"product_tag":[],"class_list":{"0":"post-723073","1":"product","2":"type-product","3":"status-publish","5":"product_cat-cocuk-ve-genclik-kitaplari","6":"product_cat-hikayeler","7":"pa_cilt-ciltsiz","8":"pa_tur-kitap","9":"pa_yayinevi-erdem-cocuk","10":"pa_yazar-turkan-colak","12":"first","13":"instock","14":"sale","15":"shipping-taxable","16":"purchasable","17":"product-type-simple"},"_links":{"self":[{"href":"https:\/\/roveyayinevi.com.tr\/index.php\/wp-json\/wp\/v2\/product\/723073","targetHints":{"allow":["GET"]}}],"collection":[{"href":"https:\/\/roveyayinevi.com.tr\/index.php\/wp-json\/wp\/v2\/product"}],"about":[{"href":"https:\/\/roveyayinevi.com.tr\/index.php\/wp-json\/wp\/v2\/types\/product"}],"wp:attachment":[{"href":"https:\/\/roveyayinevi.com.tr\/index.php\/wp-json\/wp\/v2\/media?parent=723073"}],"wp:term":[{"taxonomy":"product_brand","embeddable":true,"href":"https:\/\/roveyayinevi.com.tr\/index.php\/wp-json\/wp\/v2\/product_brand?post=723073"},{"taxonomy":"product_cat","embeddable":true,"href":"https:\/\/roveyayinevi.com.tr\/index.php\/wp-json\/wp\/v2\/product_cat?post=723073"},{"taxonomy":"product_tag","embeddable":true,"href":"https:\/\/roveyayinevi.com.tr\/index.php\/wp-json\/wp\/v2\/product_tag?post=723073"}],"curies":[{"name":"wp","href":"https:\/\/api.w.org\/{rel}","templated":true}]}}