{"id":723072,"date":"2025-08-27T19:13:30","date_gmt":"2025-08-27T16:13:30","guid":{"rendered":"https:\/\/roveyayinevi.com.tr\/index.php\/urun\/aslan-kus-gozlemevi\/"},"modified":"2025-12-30T10:29:08","modified_gmt":"2025-12-30T07:29:08","slug":"aslan-kus-gozlemevi","status":"publish","type":"product","link":"https:\/\/roveyayinevi.com.tr\/index.php\/urun\/aslan-kus-gozlemevi\/","title":{"rendered":"Aslan &#8211; Ku\u015f G\u00f6zlemevi"},"content":{"rendered":"<p>Hayal etmeden duramayan Aslan ve arkada\u015flar\u0131 i\u00e7in her sorun, yepyeni bir heyecan. K\u00fc\u00e7\u00fck mucitler Aslan, Mehmet, Zeynep ve Eren \u00f6\u011frendiklerinden yola \u00e7\u0131karak g\u00fcnl\u00fck ya\u015famda rahatl\u0131kla bulunabilecek malzemelerden yepyeni icatlar geli\u015ftiriyor.D\u00fc\u015f\u00fcnmek, merak etmek ve \u00f6\u011frenmek \u00fczerine kurulu her macera e\u011flenceli oldu\u011fu kadar do\u011fa, bilim ve m\u00fchendislik gibi kavramlarla ilgili temel bilgiler de payla\u015f\u0131yor.Bir do\u011fa belgeseli \u00e7ekmeye ne dersiniz? Ak \u00e7aylak ku\u015funun pe\u015fine d\u00fc\u015fen ekip \u00e7e\u015fitli denemelerin sonunda harika bir alet icat ederler. Fark\u0131nda olmasalar da yapt\u0131klar\u0131 bir periskoptur.<\/p>\n","protected":false},"excerpt":{"rendered":"<p>Hayal etmeden duramayan Aslan ve arkada\u015flar\u0131 i\u00e7in her sorun, yepyeni bir heyecan. K\u00fc\u00e7\u00fck mucitler Aslan, Mehmet, Zeynep ve Eren \u00f6\u011frendiklerinden yola \u00e7\u0131karak g\u00fcnl\u00fck ya\u015famda rahatl\u0131kla bulunabilecek<span class=\"excerpt-hellip\"> [\u2026]<\/span><\/p>\n","protected":false},"featured_media":0,"template":"","meta":{"_monsterinsights_skip_tracking":false,"_monsterinsights_sitenote_active":false,"_monsterinsights_sitenote_note":"","_monsterinsights_sitenote_category":0},"product_brand":[],"product_cat":[12274,12284],"product_tag":[],"class_list":{"0":"post-723072","1":"product","2":"type-product","3":"status-publish","5":"product_cat-cocuk-ve-genclik-kitaplari","6":"product_cat-hikayeler","7":"pa_tur-kitap","8":"pa_yayinevi-erdem-cocuk","9":"pa_yazar-turkan-colak","11":"first","12":"instock","13":"sale","14":"shipping-taxable","15":"purchasable","16":"product-type-simple"},"_links":{"self":[{"href":"https:\/\/roveyayinevi.com.tr\/index.php\/wp-json\/wp\/v2\/product\/723072","targetHints":{"allow":["GET"]}}],"collection":[{"href":"https:\/\/roveyayinevi.com.tr\/index.php\/wp-json\/wp\/v2\/product"}],"about":[{"href":"https:\/\/roveyayinevi.com.tr\/index.php\/wp-json\/wp\/v2\/types\/product"}],"wp:attachment":[{"href":"https:\/\/roveyayinevi.com.tr\/index.php\/wp-json\/wp\/v2\/media?parent=723072"}],"wp:term":[{"taxonomy":"product_brand","embeddable":true,"href":"https:\/\/roveyayinevi.com.tr\/index.php\/wp-json\/wp\/v2\/product_brand?post=723072"},{"taxonomy":"product_cat","embeddable":true,"href":"https:\/\/roveyayinevi.com.tr\/index.php\/wp-json\/wp\/v2\/product_cat?post=723072"},{"taxonomy":"product_tag","embeddable":true,"href":"https:\/\/roveyayinevi.com.tr\/index.php\/wp-json\/wp\/v2\/product_tag?post=723072"}],"curies":[{"name":"wp","href":"https:\/\/api.w.org\/{rel}","templated":true}]}}