{"id":723071,"date":"2025-08-27T19:13:29","date_gmt":"2025-08-27T16:13:29","guid":{"rendered":"https:\/\/roveyayinevi.com.tr\/index.php\/urun\/aslan-korkuluk\/"},"modified":"2026-04-16T02:31:00","modified_gmt":"2026-04-15T23:31:00","slug":"aslan-korkuluk","status":"publish","type":"product","link":"https:\/\/roveyayinevi.com.tr\/index.php\/urun\/aslan-korkuluk\/","title":{"rendered":"Aslan &#8211; Korkuluk"},"content":{"rendered":"<p>Hayal etmeden duramayan Aslan ve arkada\u015flar\u0131 i\u00e7in her sorun, yepyeni bir heyecan. K\u00fc\u00e7\u00fck mucitler Aslan, Mehmet, Zeynep ve Eren \u00f6\u011frendiklerinden yola \u00e7\u0131karak g\u00fcnl\u00fck ya\u015famda rahatl\u0131kla bulunabilecek malzemelerden yepyeni icatlar geli\u015ftiriyor.D\u00fc\u015f\u00fcnmek, merak etmek ve \u00f6\u011frenmek \u00fczerine kurulu her macera e\u011flenceli oldu\u011fu kadar do\u011fa, bilim ve m\u00fchendislik gibi kavramlarla ilgili temel bilgiler de payla\u015f\u0131yor.Bah\u00e7edeki cevizler gizemli bir \u015fekilde kaybolmaktad\u0131r. \u00c7ok ge\u00e7meden bunun sebebini anlayan ekip, evdeki malzemelerden bir korkuluk tasarlar.<\/p>\n","protected":false},"excerpt":{"rendered":"<p>Hayal etmeden duramayan Aslan ve arkada\u015flar\u0131 i\u00e7in her sorun, yepyeni bir heyecan. K\u00fc\u00e7\u00fck mucitler Aslan, Mehmet, Zeynep ve Eren \u00f6\u011frendiklerinden yola \u00e7\u0131karak g\u00fcnl\u00fck ya\u015famda rahatl\u0131kla bulunabilecek<span class=\"excerpt-hellip\"> [\u2026]<\/span><\/p>\n","protected":false},"featured_media":0,"template":"","meta":{"_monsterinsights_skip_tracking":false,"_monsterinsights_sitenote_active":false,"_monsterinsights_sitenote_note":"","_monsterinsights_sitenote_category":0},"product_brand":[],"product_cat":[12274,12284],"product_tag":[],"class_list":{"0":"post-723071","1":"product","2":"type-product","3":"status-publish","5":"product_cat-cocuk-ve-genclik-kitaplari","6":"product_cat-hikayeler","7":"pa_cilt-ciltsiz","8":"pa_tur-kitap","9":"pa_yayinevi-erdem-cocuk","10":"pa_yazar-turkan-colak","12":"first","13":"instock","14":"sale","15":"shipping-taxable","16":"purchasable","17":"product-type-simple"},"_links":{"self":[{"href":"https:\/\/roveyayinevi.com.tr\/index.php\/wp-json\/wp\/v2\/product\/723071","targetHints":{"allow":["GET"]}}],"collection":[{"href":"https:\/\/roveyayinevi.com.tr\/index.php\/wp-json\/wp\/v2\/product"}],"about":[{"href":"https:\/\/roveyayinevi.com.tr\/index.php\/wp-json\/wp\/v2\/types\/product"}],"wp:attachment":[{"href":"https:\/\/roveyayinevi.com.tr\/index.php\/wp-json\/wp\/v2\/media?parent=723071"}],"wp:term":[{"taxonomy":"product_brand","embeddable":true,"href":"https:\/\/roveyayinevi.com.tr\/index.php\/wp-json\/wp\/v2\/product_brand?post=723071"},{"taxonomy":"product_cat","embeddable":true,"href":"https:\/\/roveyayinevi.com.tr\/index.php\/wp-json\/wp\/v2\/product_cat?post=723071"},{"taxonomy":"product_tag","embeddable":true,"href":"https:\/\/roveyayinevi.com.tr\/index.php\/wp-json\/wp\/v2\/product_tag?post=723071"}],"curies":[{"name":"wp","href":"https:\/\/api.w.org\/{rel}","templated":true}]}}