{"id":723067,"date":"2025-08-27T19:13:25","date_gmt":"2025-08-27T16:13:25","guid":{"rendered":"https:\/\/roveyayinevi.com.tr\/index.php\/urun\/fotografta-cirkin-cikan\/"},"modified":"2026-04-16T02:31:00","modified_gmt":"2026-04-15T23:31:00","slug":"fotografta-cirkin-cikan","status":"publish","type":"product","link":"https:\/\/roveyayinevi.com.tr\/index.php\/urun\/fotografta-cirkin-cikan\/","title":{"rendered":"Foto\u011frafta \u00c7irkin \u00c7\u0131kan"},"content":{"rendered":"<p>Foto\u011frafa aldanmay\u0131n a dostlar Ben asl\u0131nda g\u00fczelim Ama nedense \u00e7irkin \u00e7\u0131k\u0131yor b\u00fct\u00fcn pozlar\u0131m O \u00e7ok g\u00fczel poz verenler var ya Hep foto\u011fraf hilesi onlar\u0131nki Biraz da makyaj Yoksa onlar da benim gibi<\/p>\n","protected":false},"excerpt":{"rendered":"<p>Foto\u011frafa aldanmay\u0131n a dostlar Ben asl\u0131nda g\u00fczelim Ama nedense \u00e7irkin \u00e7\u0131k\u0131yor b\u00fct\u00fcn pozlar\u0131m O \u00e7ok g\u00fczel poz verenler var ya Hep foto\u011fraf hilesi onlar\u0131nki Biraz da<span class=\"excerpt-hellip\"> [\u2026]<\/span><\/p>\n","protected":false},"featured_media":0,"template":"","meta":{"_monsterinsights_skip_tracking":false,"_monsterinsights_sitenote_active":false,"_monsterinsights_sitenote_note":"","_monsterinsights_sitenote_category":0},"product_brand":[],"product_cat":[12291,12509],"product_tag":[],"class_list":{"0":"post-723067","1":"product","2":"type-product","3":"status-publish","5":"product_cat-edebiyat","6":"product_cat-siir","7":"pa_cilt-ciltsiz","8":"pa_tur-kitap","9":"pa_yayinevi-otuken-nesriyat","10":"pa_yazar-cengizhan-orakci","12":"first","13":"instock","14":"sale","15":"shipping-taxable","16":"purchasable","17":"product-type-simple"},"_links":{"self":[{"href":"https:\/\/roveyayinevi.com.tr\/index.php\/wp-json\/wp\/v2\/product\/723067","targetHints":{"allow":["GET"]}}],"collection":[{"href":"https:\/\/roveyayinevi.com.tr\/index.php\/wp-json\/wp\/v2\/product"}],"about":[{"href":"https:\/\/roveyayinevi.com.tr\/index.php\/wp-json\/wp\/v2\/types\/product"}],"wp:attachment":[{"href":"https:\/\/roveyayinevi.com.tr\/index.php\/wp-json\/wp\/v2\/media?parent=723067"}],"wp:term":[{"taxonomy":"product_brand","embeddable":true,"href":"https:\/\/roveyayinevi.com.tr\/index.php\/wp-json\/wp\/v2\/product_brand?post=723067"},{"taxonomy":"product_cat","embeddable":true,"href":"https:\/\/roveyayinevi.com.tr\/index.php\/wp-json\/wp\/v2\/product_cat?post=723067"},{"taxonomy":"product_tag","embeddable":true,"href":"https:\/\/roveyayinevi.com.tr\/index.php\/wp-json\/wp\/v2\/product_tag?post=723067"}],"curies":[{"name":"wp","href":"https:\/\/api.w.org\/{rel}","templated":true}]}}