{"id":723066,"date":"2025-08-27T19:13:25","date_gmt":"2025-08-27T16:13:25","guid":{"rendered":"https:\/\/roveyayinevi.com.tr\/index.php\/urun\/platondan-maoya-siyaset-felsefesi\/"},"modified":"2026-04-16T02:31:00","modified_gmt":"2026-04-15T23:31:00","slug":"platondan-maoya-siyaset-felsefesi","status":"publish","type":"product","link":"https:\/\/roveyayinevi.com.tr\/index.php\/urun\/platondan-maoya-siyaset-felsefesi\/","title":{"rendered":"Platon\u2019dan Mao\u2019ya Siyaset Felsefesi"},"content":{"rendered":"<p>Bu kitap, sizi, siyaset felsefesinin geni\u015f alan\u0131 \u00fczerinde b\u00fcy\u00fck bir gezintiye \u00e7a\u011f\u0131r\u0131yor. Bu yolculu\u011fa, her b\u00f6l\u00fcm\u00fcn \u00f6ncesine konmu\u015f zaman \u00e7izelgeleri, her kuram\u0131 kendi teknik ve toplumsal ba\u011flam\u0131 i\u00e7erisine yerle\u015ftiren haritalar\u0131m\u0131z k\u0131lavuzluk edecek. Yol boyunca, bir uygarl\u0131k tarihi olu\u015fturdu\u011fu iddia edilebilecek kapsaml\u0131 bir g\u00fczerg\u00e2h takip edece\u011fiz. Uzak Do\u011fu\u2019dan \u00c7in \u0130mparatorlu\u011fu ile ba\u015flay\u0131p ard\u0131ndan Antik Yunan\u0131n \u015fehir devletlerini inceleyece\u011fiz. Tiren Denizi\u2019ni a\u015f\u0131p Machiavelli\u2019nin \u0130talyas\u0131\u2019na ge\u00e7ecek, d\u00fcmeni kuzeye k\u0131rarak i\u00e7 sava\u015fla parampar\u00e7a olmu\u015f Hobbes\u2019un Leviathan\u2019\u0131n\u0131n ve Locke\u2019un yurtta\u015f haklar\u0131n\u0131n \u0130ngilteresi\u2019ne gidece\u011fiz. En sonunda da Fransa, Almanya ve Rusya \u00fczerinden ge\u00e7ip 20. y\u00fczy\u0131lda Ba\u015fkan Mao\u2019nun k\u00fc\u00e7\u00fck K\u0131rm\u0131z\u0131 Kitap\u2019\u0131yla yolculu\u011fu tamamlayaca\u011f\u0131z. Ancak bu s\u0131rada rastgele foto\u011fraflar \u00e7eken s\u0131radan siyaset gezginleri olmayaca\u011f\u0131z. Buldu\u011fumuz \u015feyi eksiksizce ke\u015ffetmeyi ve yak\u0131ndan incelemeyi ama\u00e7layaca\u011f\u0131z. Metinlerin ana \u00f6zelliklerini tan\u0131makla yetinmeyecek, ne ama\u00e7la ve nas\u0131l olu\u015fturulduklar\u0131n\u0131 anlamak i\u00e7in b\u00fcy\u00fctecimizi \u00e7\u0131kar\u0131p bunlar\u0131 ayr\u0131nt\u0131l\u0131 bi\u00e7imde inceleyece\u011fiz. Bu \u00f6yk\u00fc, ne evrimsel ne teknolojik ne de ekonomik ilerlemenin \u00f6yk\u00fcs\u00fcd\u00fcr; yaln\u0131zca siyasal toplumun \u00f6yk\u00fcs\u00fcd\u00fcr. Bin y\u0131llard\u0131r ortalarda olan ama de\u011fi\u015fik k\u0131l\u0131klarla kar\u015f\u0131m\u0131za \u00e7\u0131kan g\u00fc\u00e7l\u00fc d\u00fc\u015f\u00fcncenin \u00f6yk\u00fcs\u00fcd\u00fcr. Yaln\u0131zca bir avu\u00e7 yazar\u0131n s\u00f6zleriyle, siyaset felsefesi dilinde anlat\u0131lm\u0131\u015f bir \u00f6yk\u00fcd\u00fcr. Bu de\u011ferli \u00e7al\u0131\u015fmay\u0131, Hamdi Bravo\u2019nun \u00e7evirisi ve Martin Cohen\u2019in T\u00fcrk\u00e7e bas\u0131ma \u00f6zel Sons\u00f6z\u2019\u00fcyle sunuyoruz.<\/p>\n","protected":false},"excerpt":{"rendered":"<p>Bu kitap, sizi, siyaset felsefesinin geni\u015f alan\u0131 \u00fczerinde b\u00fcy\u00fck bir gezintiye \u00e7a\u011f\u0131r\u0131yor. Bu yolculu\u011fa, her b\u00f6l\u00fcm\u00fcn \u00f6ncesine konmu\u015f zaman \u00e7izelgeleri, her kuram\u0131 kendi teknik ve toplumsal<span class=\"excerpt-hellip\"> [\u2026]<\/span><\/p>\n","protected":false},"featured_media":0,"template":"","meta":{"_monsterinsights_skip_tracking":false,"_monsterinsights_sitenote_active":false,"_monsterinsights_sitenote_note":"","_monsterinsights_sitenote_category":0},"product_brand":[],"product_cat":[12388,15536],"product_tag":[],"class_list":{"0":"post-723066","1":"product","2":"type-product","3":"status-publish","5":"product_cat-felsefe","6":"product_cat-siyaset-felsefesi","7":"pa_cilt-ciltsiz","8":"pa_tur-kitap","9":"pa_yayinevi-fol-kitap","10":"pa_yazar-martin-cohen","12":"first","13":"instock","14":"sale","15":"shipping-taxable","16":"purchasable","17":"product-type-simple"},"_links":{"self":[{"href":"https:\/\/roveyayinevi.com.tr\/index.php\/wp-json\/wp\/v2\/product\/723066","targetHints":{"allow":["GET"]}}],"collection":[{"href":"https:\/\/roveyayinevi.com.tr\/index.php\/wp-json\/wp\/v2\/product"}],"about":[{"href":"https:\/\/roveyayinevi.com.tr\/index.php\/wp-json\/wp\/v2\/types\/product"}],"wp:attachment":[{"href":"https:\/\/roveyayinevi.com.tr\/index.php\/wp-json\/wp\/v2\/media?parent=723066"}],"wp:term":[{"taxonomy":"product_brand","embeddable":true,"href":"https:\/\/roveyayinevi.com.tr\/index.php\/wp-json\/wp\/v2\/product_brand?post=723066"},{"taxonomy":"product_cat","embeddable":true,"href":"https:\/\/roveyayinevi.com.tr\/index.php\/wp-json\/wp\/v2\/product_cat?post=723066"},{"taxonomy":"product_tag","embeddable":true,"href":"https:\/\/roveyayinevi.com.tr\/index.php\/wp-json\/wp\/v2\/product_tag?post=723066"}],"curies":[{"name":"wp","href":"https:\/\/api.w.org\/{rel}","templated":true}]}}