{"id":723061,"date":"2025-08-27T19:13:21","date_gmt":"2025-08-27T16:13:21","guid":{"rendered":"https:\/\/roveyayinevi.com.tr\/index.php\/urun\/edgar-ve-allan-poenun-gizemli-seruvenleri-3-kitap-set\/"},"modified":"2026-04-16T02:31:00","modified_gmt":"2026-04-15T23:31:00","slug":"edgar-ve-allan-poenun-gizemli-seruvenleri-3-kitap-set","status":"publish","type":"product","link":"https:\/\/roveyayinevi.com.tr\/index.php\/urun\/edgar-ve-allan-poenun-gizemli-seruvenleri-3-kitap-set\/","title":{"rendered":"Edgar ve Allan Poe\u2019nun Gizemli Ser\u00fcvenleri (3 Kitap Set)"},"content":{"rendered":"<p>Edgar ve Allan Poe\u2019nun Gizemli Ser\u00fcvenleri 1: Hik\u00e2ye Ba\u015fl\u0131yor   Birbirinin e\u015fi iki ki\u015fi, hem d\u0131\u015flar\u0131 bir, hem i\u00e7leri,Okuyabilirler birbirlerinin zihinlerini, Zalim e\u015fek \u015fakalar\u0131yla efsane ikili. Adam\u0131n biri ikizlerin anne babas\u0131n\u0131n pe\u015findeydi, Ayn\u0131 ki\u015fi onlar\u0131 takip ediyor \u015fimdi.   Mizah, gizem, kuantum, komik kurabiye fallar\u0131, \u015fifreli mesajlarla dolu Edgar ve Allan Poe&#8217;nun Gizemli Ser\u00fcvenleri&#8217;ne Ho\u015f Geldiniz   Poe ikizleri, \u00e7ok sevdikleri kedileri Roderick Usher ka\u00e7\u0131r\u0131l\u0131p evden uzaklara g\u00f6t\u00fcr\u00fcl\u00fcnce, amca ve yengeleriyle birlikte yollara d\u00fc\u015ferler. Yolculuklar\u0131 s\u0131ras\u0131nda karma\u015fan\u0131n, gizemin ve pek tabii ki sorular\u0131n ard\u0131 arkas\u0131 kesilmez: \u0130kizler birbirlerinin ak\u0131llar\u0131n\u0131 nas\u0131l okuyor? Onlara yol g\u00f6steren tuhaf mesajlar\u0131 kim g\u00f6nderiyor? \u00d6b\u00fcr D\u00fcnya\u2019dan onlarla ileti\u015fime ge\u00e7en Edgar Allan Poe\u2019nun ta kendisi mi?  Neden \u00e7\u0131lg\u0131n bir bilimci Poe ailesini y\u0131llard\u0131r izliyor?   Edgar ve Allan Poe\u2019nun Gizemli Ser\u00fcvenleri  2: T\u00fcyler \u00dcrperten Bir Gece Yar\u0131s\u0131   Birbirinin e\u015fi iki ki\u015fi, hem d\u0131\u015flar\u0131 bir, hem i\u00e7leri, Okuyabilirler birbirlerinin zihinlerini&#8230;   Edgar ve Allan Poe karde\u015flerin mizah, gizem, kuantum, komik kurabiye fallar\u0131, \u015fifreli mesajlarla dolu yepyeni ser\u00fcvenine ho\u015f geldiniz!     Edgar ve Allan, kendilerini \u00e7\u0131lg\u0131n bir deney i\u00e7in kullanmak isteyen ba\u015f d\u00fc\u015fmanlar\u0131 Profes\u00f6r Perry\u2019i zekice planlar\u0131yla alt ettikten sonra b\u00fct\u00fcn \u00fclkede \u00fcnl\u00fc olurlar. B\u00fcy\u00fck-b\u00fcy\u00fck-b\u00fcy\u00fck-b\u00fcy\u00fck amcalar\u0131 Edgar Allan Poe\u2019nun hayat\u0131 \u00fczerine \u00e7ekilecek filmde kedileri Roderick Usher ile birlikte rol almak \u00fczere New Orleans\u2019a giderler. Ancak orada da hayatlar\u0131 tehlikededir, \u00e7\u00fcnk\u00fc \u015fimdi ba\u015fka birileri pe\u015flerindedir. Acaba Poe Karde\u015fler filmdeki rol arkada\u015flar\u0131 Em ve Milly Dickinson ikizleri, \u00f6b\u00fcr d\u00fcnyada ya\u015fayan atalar\u0131 ve yeni tan\u0131\u015ft\u0131klar\u0131 hayaletlerin yard\u0131mlar\u0131yla yeni d\u00fc\u015fmanlar\u0131n\u0131 yenebilecekler midir?   Edgar ve Allan Poe\u2019nun Gizemli Ser\u00fcvenleri  3: Kedi ve Sarka\u00e7   Birbirinin e\u015fi iki ki\u015fi, hem d\u0131\u015flar\u0131 bir, hem i\u00e7leri, Okuyabilirler birbirlerinin zihinlerini&#8230;   Mizah, gizem, kuantum, komik kurabiye fallar\u0131, \u015fifreli mesajlarla dolu Edgar ve Allan Poe&#8217;nun Gizemli Ser\u00fcvenleri heyecanl\u0131 ve e\u011flenceli bir macerayla sona eriyor!   Perry ailesinin k\u00f6t\u00fc kalpli \u00fcyelerini alt edip i\u015fleri yoluna koyan afacan ikizlerimiz Edgar ve Allan, hi\u00e7 beklemedikleri bir d\u00fc\u015fman\u0131n tuza\u011f\u0131na d\u00fc\u015ferler. Hayatlar\u0131 b\u00fcy\u00fck tehlike alt\u0131ndad\u0131r. Acaba ortak i\u015fleyen keskin zekalar\u0131, \u00d6b\u00fcr D\u00fcnya\u2019da ya\u015fayan amcalar\u0131, kedileri Roderick ve arkada\u015flar\u0131 sayesinde bu hain plandan sa\u011f salim kurtulabilecekler midir? <\/p>\n","protected":false},"excerpt":{"rendered":"<p>Edgar ve Allan Poe\u2019nun Gizemli Ser\u00fcvenleri 1: Hik\u00e2ye Ba\u015fl\u0131yor Birbirinin e\u015fi iki ki\u015fi, hem d\u0131\u015flar\u0131 bir, hem i\u00e7leri,Okuyabilirler birbirlerinin zihinlerini, Zalim e\u015fek \u015fakalar\u0131yla efsane ikili. Adam\u0131n<span class=\"excerpt-hellip\"> [\u2026]<\/span><\/p>\n","protected":false},"featured_media":0,"template":"","meta":{"_monsterinsights_skip_tracking":false,"_monsterinsights_sitenote_active":false,"_monsterinsights_sitenote_note":"","_monsterinsights_sitenote_category":0},"product_brand":[],"product_cat":[12274,12284],"product_tag":[],"class_list":{"0":"post-723061","1":"product","2":"type-product","3":"status-publish","5":"product_cat-cocuk-ve-genclik-kitaplari","6":"product_cat-hikayeler","7":"pa_cilt-ciltsiz","8":"pa_tur-kitap","9":"pa_yayinevi-kolektif-kitap","10":"pa_yazar-gordon-mcalpine","12":"first","13":"instock","14":"sale","15":"shipping-taxable","16":"purchasable","17":"product-type-simple"},"_links":{"self":[{"href":"https:\/\/roveyayinevi.com.tr\/index.php\/wp-json\/wp\/v2\/product\/723061","targetHints":{"allow":["GET"]}}],"collection":[{"href":"https:\/\/roveyayinevi.com.tr\/index.php\/wp-json\/wp\/v2\/product"}],"about":[{"href":"https:\/\/roveyayinevi.com.tr\/index.php\/wp-json\/wp\/v2\/types\/product"}],"wp:attachment":[{"href":"https:\/\/roveyayinevi.com.tr\/index.php\/wp-json\/wp\/v2\/media?parent=723061"}],"wp:term":[{"taxonomy":"product_brand","embeddable":true,"href":"https:\/\/roveyayinevi.com.tr\/index.php\/wp-json\/wp\/v2\/product_brand?post=723061"},{"taxonomy":"product_cat","embeddable":true,"href":"https:\/\/roveyayinevi.com.tr\/index.php\/wp-json\/wp\/v2\/product_cat?post=723061"},{"taxonomy":"product_tag","embeddable":true,"href":"https:\/\/roveyayinevi.com.tr\/index.php\/wp-json\/wp\/v2\/product_tag?post=723061"}],"curies":[{"name":"wp","href":"https:\/\/api.w.org\/{rel}","templated":true}]}}