{"id":723058,"date":"2025-08-27T19:13:19","date_gmt":"2025-08-27T16:13:19","guid":{"rendered":"https:\/\/roveyayinevi.com.tr\/index.php\/urun\/liseli-harrietin-gunlugu-kanserle-nasil-savasti\/"},"modified":"2026-04-16T02:31:00","modified_gmt":"2026-04-15T23:31:00","slug":"liseli-harrietin-gunlugu-kanserle-nasil-savasti","status":"publish","type":"product","link":"https:\/\/roveyayinevi.com.tr\/index.php\/urun\/liseli-harrietin-gunlugu-kanserle-nasil-savasti\/","title":{"rendered":"Liseli Harriet\u2019\u0131n G\u00fcnl\u00fc\u011f\u00fc &#8211; Kanserle Nas\u0131l Sava\u015ft\u0131?"},"content":{"rendered":"<p>Hat olarak tan\u0131nan Harriet Rowland, dizinde ba\u015flayan ve nadir g\u00f6r\u00fclen bir kanser t\u00fcr\u00fc olan osteosarkom tan\u0131s\u0131 kondu\u011funda 17 ya\u015f\u0131ndayd\u0131. O s\u0131rada Wellington, Yeni Zelanda\u2019daki Queen Margaret College\u2019de \u00f6\u011frenciydi.Tedavi s\u00fcrecinde \u00e7o\u011funlukla yaln\u0131zd\u0131; arkada\u015flar\u0131 ona destek olsalar da bazen Hat\u2019in yeni hayat\u0131n\u0131 anlayam\u0131yorlard\u0131. Ta ki John Green\u2019in roman\u0131 The Fault in Our Stars\u2019ta kanserle ya\u015famak hakk\u0131nda d\u00fcr\u00fcst\u00e7e ve a\u00e7\u0131k\u00e7a konu\u015fan bir k\u0131z olan Hazel Grace karakterine \u00e2\u015f\u0131k olana kadar. Onun gibi, Hat de hayat\u0131n hem iyi hem de k\u00f6t\u00fc y\u00f6nde de\u011fi\u015fti\u011fini fark etti: A\u015f\u0131k olmak ve hastanede kalmak gibi. Hayatta h\u00e2l\u00e2 ke\u015ffedilmeyi bekleyen ne kadar \u00e7ok mutluluk oldu\u011funa \u015fa\u015f\u0131rm\u0131\u015ft\u0131.Hat, yolculu\u011fu boyunca My Experience of Walking the Dog (K\u00f6pek Gezdirme Deneyimlerim) adl\u0131 bir blog tuttu ve oradaki yaz\u0131lar\u0131n\u0131n yazarla birlikte d\u00fczenlenip bir araya getirilmesiyle bu kitap ortaya \u00e7\u0131kt\u0131. Peki, blogun ismi nereden geliyordu? Ailesi, kanserin bir k\u00f6pek gibi oldu\u011funu s\u00f6ylemi\u015fti: Kendi bah\u00e7esinde durdu\u011fu s\u00fcrece sorun yoktu ama Hat\u2019in k\u00f6pe\u011fi d\u0131\u015far\u0131 \u00e7\u0131km\u0131\u015ft\u0131. \u0130\u015fte bu, onun beklenmedik hik\u00e2yesidir.<\/p>\n","protected":false},"excerpt":{"rendered":"<p>Hat olarak tan\u0131nan Harriet Rowland, dizinde ba\u015flayan ve nadir g\u00f6r\u00fclen bir kanser t\u00fcr\u00fc olan osteosarkom tan\u0131s\u0131 kondu\u011funda 17 ya\u015f\u0131ndayd\u0131. O s\u0131rada Wellington, Yeni Zelanda\u2019daki Queen Margaret<span class=\"excerpt-hellip\"> [\u2026]<\/span><\/p>\n","protected":false},"featured_media":0,"template":"","meta":{"_monsterinsights_skip_tracking":false,"_monsterinsights_sitenote_active":false,"_monsterinsights_sitenote_note":"","_monsterinsights_sitenote_category":0},"product_brand":[],"product_cat":[12291,12711],"product_tag":[],"class_list":{"0":"post-723058","1":"product","2":"type-product","3":"status-publish","5":"product_cat-edebiyat","6":"product_cat-roman-oyku","7":"pa_cilt-ciltsiz","8":"pa_tur-kitap","9":"pa_yayinevi-yeni-insan-yayinlari","10":"pa_yazar-harriet-rowland","12":"first","13":"instock","14":"sale","15":"shipping-taxable","16":"purchasable","17":"product-type-simple"},"_links":{"self":[{"href":"https:\/\/roveyayinevi.com.tr\/index.php\/wp-json\/wp\/v2\/product\/723058","targetHints":{"allow":["GET"]}}],"collection":[{"href":"https:\/\/roveyayinevi.com.tr\/index.php\/wp-json\/wp\/v2\/product"}],"about":[{"href":"https:\/\/roveyayinevi.com.tr\/index.php\/wp-json\/wp\/v2\/types\/product"}],"wp:attachment":[{"href":"https:\/\/roveyayinevi.com.tr\/index.php\/wp-json\/wp\/v2\/media?parent=723058"}],"wp:term":[{"taxonomy":"product_brand","embeddable":true,"href":"https:\/\/roveyayinevi.com.tr\/index.php\/wp-json\/wp\/v2\/product_brand?post=723058"},{"taxonomy":"product_cat","embeddable":true,"href":"https:\/\/roveyayinevi.com.tr\/index.php\/wp-json\/wp\/v2\/product_cat?post=723058"},{"taxonomy":"product_tag","embeddable":true,"href":"https:\/\/roveyayinevi.com.tr\/index.php\/wp-json\/wp\/v2\/product_tag?post=723058"}],"curies":[{"name":"wp","href":"https:\/\/api.w.org\/{rel}","templated":true}]}}