{"id":723057,"date":"2025-08-27T19:13:18","date_gmt":"2025-08-27T16:13:18","guid":{"rendered":"https:\/\/roveyayinevi.com.tr\/index.php\/urun\/allah-beni-seviyor-mu\/"},"modified":"2026-04-16T02:31:00","modified_gmt":"2026-04-15T23:31:00","slug":"allah-beni-seviyor-mu","status":"publish","type":"product","link":"https:\/\/roveyayinevi.com.tr\/index.php\/urun\/allah-beni-seviyor-mu\/","title":{"rendered":"Allah Beni Seviyor mu?"},"content":{"rendered":"<p>Hz. Adem&#8217;in yarat\u0131ld\u0131\u011f\u0131 andan itibaren insano\u011flunun en b\u00fcy\u00fck ihtiyac\u0131 sevmek ve sevilmektir. Ancak de\u011ferleri bir \u00e7\u0131rp\u0131da t\u00fcketen insano\u011flu maalesef ki sevmeyi-sevilmeyi de \u00f6\u011f\u00fctm\u00fc\u015f durumda. Bu sorunsal\u0131 a\u015fmak i\u00e7in do\u011fru sevmek laz\u0131m, d\u00fcr\u00fcst sevmek laz\u0131m. \u0130nsan nas\u0131l do\u011fru-d\u00fcr\u00fcst sever? Sevdi\u011fini dilden kalbe indirmekle, ba\u015fka bir deyi\u015fle sevgiyi dil ile ifade etmekten s\u0131yr\u0131l\u0131p kalbe indirerek sevdi\u011finin istedi\u011fi ya\u015fam bi\u00e7imini ya\u015fam\u0131na yans\u0131tarak\u2026Seven sevdi\u011finde yer edinmek i\u00e7in sevdi\u011finden gelenleri can kula\u011f\u0131yla dinleyip yapmaz m\u0131? Yapar! Hem de sevin\u00e7 ile raz\u0131 olarak yapar. \u0130\u015fte bu kitap da Allah sevgisini dilden kalbe ta\u015f\u0131yarak, ya\u015fam\u0131na yans\u0131tmak isteyenler i\u00e7in. &#8216;Allah kimleri sever?&#8217; sorusuna cevap niteli\u011fi ta\u015f\u0131yan bu kitap, sevginin dilden hale yans\u0131t\u0131lmas\u0131 ad\u0131na \u00f6nemli bir ad\u0131m te\u015fkil etmektedir.\u0130\u00e7eri\u011finin yan\u0131 s\u0131ra sade ve ak\u0131c\u0131 \u00fcslubuyla her k\u00fct\u00fcphanede bulunmas\u0131 gereken bir eserdir. Her daim elinizin alt\u0131n-da olmas\u0131n\u0131 isteyece\u011finiz ve her okuyu\u015funuzda size kazand\u0131racak bir kitap\u2026<\/p>\n","protected":false},"excerpt":{"rendered":"<p>Hz. Adem&#8217;in yarat\u0131ld\u0131\u011f\u0131 andan itibaren insano\u011flunun en b\u00fcy\u00fck ihtiyac\u0131 sevmek ve sevilmektir. Ancak de\u011ferleri bir \u00e7\u0131rp\u0131da t\u00fcketen insano\u011flu maalesef ki sevmeyi-sevilmeyi de \u00f6\u011f\u00fctm\u00fc\u015f durumda. Bu sorunsal\u0131<span class=\"excerpt-hellip\"> [\u2026]<\/span><\/p>\n","protected":false},"featured_media":0,"template":"","meta":{"_monsterinsights_skip_tracking":false,"_monsterinsights_sitenote_active":false,"_monsterinsights_sitenote_note":"","_monsterinsights_sitenote_category":0},"product_brand":[],"product_cat":[12777,12291],"product_tag":[],"class_list":{"0":"post-723057","1":"product","2":"type-product","3":"status-publish","5":"product_cat-deneme","6":"product_cat-edebiyat","7":"pa_cilt-ciltsiz","8":"pa_tur-kitap","9":"pa_yayinevi-us-yayinlari","10":"pa_yazar-asim-salih-yildirim","12":"first","13":"instock","14":"sale","15":"shipping-taxable","16":"purchasable","17":"product-type-simple"},"_links":{"self":[{"href":"https:\/\/roveyayinevi.com.tr\/index.php\/wp-json\/wp\/v2\/product\/723057","targetHints":{"allow":["GET"]}}],"collection":[{"href":"https:\/\/roveyayinevi.com.tr\/index.php\/wp-json\/wp\/v2\/product"}],"about":[{"href":"https:\/\/roveyayinevi.com.tr\/index.php\/wp-json\/wp\/v2\/types\/product"}],"wp:attachment":[{"href":"https:\/\/roveyayinevi.com.tr\/index.php\/wp-json\/wp\/v2\/media?parent=723057"}],"wp:term":[{"taxonomy":"product_brand","embeddable":true,"href":"https:\/\/roveyayinevi.com.tr\/index.php\/wp-json\/wp\/v2\/product_brand?post=723057"},{"taxonomy":"product_cat","embeddable":true,"href":"https:\/\/roveyayinevi.com.tr\/index.php\/wp-json\/wp\/v2\/product_cat?post=723057"},{"taxonomy":"product_tag","embeddable":true,"href":"https:\/\/roveyayinevi.com.tr\/index.php\/wp-json\/wp\/v2\/product_tag?post=723057"}],"curies":[{"name":"wp","href":"https:\/\/api.w.org\/{rel}","templated":true}]}}