{"id":723055,"date":"2025-08-27T19:13:16","date_gmt":"2025-08-27T16:13:16","guid":{"rendered":"https:\/\/roveyayinevi.com.tr\/index.php\/urun\/kaos-cizgi-bilim\/"},"modified":"2026-04-16T02:31:00","modified_gmt":"2026-04-15T23:31:00","slug":"kaos-cizgi-bilim","status":"publish","type":"product","link":"https:\/\/roveyayinevi.com.tr\/index.php\/urun\/kaos-cizgi-bilim\/","title":{"rendered":"Kaos (\u00c7izgi Bilim)"},"content":{"rendered":"<p>Brezilya\u2019da bir kelebe\u011fin kanat \u00e7\u0131rp\u0131\u015f\u0131 Teksas\u2019ta bir kas\u0131rgaya neden olabilir mi?Kaos teorisi, bir kelebe\u011fin kanat \u00e7\u0131rp\u0131\u015f\u0131yla ba\u015flayan ve cevaplanmas\u0131 zor pek \u00e7ok soruya yan\u0131t arayan, kapsaml\u0131 bir teoridir. Bu teori, \u00f6ng\u00f6ru\u0308lebilir fizik sistemlerinde rastlant\u0131sall\u0131\u011f\u0131n ke\u015ffiyle evrenin du\u0308\u015fu\u0308ndu\u0308\u011fu\u0308mu\u0308zden \u00e7ok daha \u00f6ng\u00f6ru\u0308lemez oldu\u011funu g\u00f6zler \u00f6nu\u0308ne seren bir bilim dal\u0131na d\u00f6nu\u0308\u015ftu\u0308.Kaos, hayvan nu\u0308fusundaki de\u011fi\u015fimlerden borsa hareketlerine, teorinin ortaya \u00e7\u0131k\u0131\u015f\u0131ndan modern matematik ve fizikteki yerine, Edward Lorenz\u2019den James Gleick\u2019e, kaosun k\u00f6kenlerini ve tarihini ara\u015ft\u0131r\u0131yor. Hava tahminlerinden ku\u0308ltu\u0308rel kodlardaki etkisine, insan bedeninden mimari yap\u0131lanmaya, kaosun gu\u0308nlu\u0308k hayattaki etkileri u\u0308zerine ayd\u0131nlat\u0131c\u0131 bir rehber.<\/p>\n","protected":false},"excerpt":{"rendered":"<p>Brezilya\u2019da bir kelebe\u011fin kanat \u00e7\u0131rp\u0131\u015f\u0131 Teksas\u2019ta bir kas\u0131rgaya neden olabilir mi?Kaos teorisi, bir kelebe\u011fin kanat \u00e7\u0131rp\u0131\u015f\u0131yla ba\u015flayan ve cevaplanmas\u0131 zor pek \u00e7ok soruya yan\u0131t arayan, kapsaml\u0131<span class=\"excerpt-hellip\"> [\u2026]<\/span><\/p>\n","protected":false},"featured_media":0,"template":"","meta":{"_monsterinsights_skip_tracking":false,"_monsterinsights_sitenote_active":false,"_monsterinsights_sitenote_note":"","_monsterinsights_sitenote_category":0},"product_brand":[],"product_cat":[12416,12291],"product_tag":[],"class_list":{"0":"post-723055","1":"product","2":"type-product","3":"status-publish","5":"product_cat-cizgi-roman","6":"product_cat-edebiyat","7":"pa_cilt-ciltsiz","8":"pa_tur-kitap","9":"pa_yayinevi-say-yayinlari","10":"pa_yazar-ziauddin-sardar-iwona-abrams","12":"first","13":"instock","14":"sale","15":"shipping-taxable","16":"purchasable","17":"product-type-simple"},"_links":{"self":[{"href":"https:\/\/roveyayinevi.com.tr\/index.php\/wp-json\/wp\/v2\/product\/723055","targetHints":{"allow":["GET"]}}],"collection":[{"href":"https:\/\/roveyayinevi.com.tr\/index.php\/wp-json\/wp\/v2\/product"}],"about":[{"href":"https:\/\/roveyayinevi.com.tr\/index.php\/wp-json\/wp\/v2\/types\/product"}],"wp:attachment":[{"href":"https:\/\/roveyayinevi.com.tr\/index.php\/wp-json\/wp\/v2\/media?parent=723055"}],"wp:term":[{"taxonomy":"product_brand","embeddable":true,"href":"https:\/\/roveyayinevi.com.tr\/index.php\/wp-json\/wp\/v2\/product_brand?post=723055"},{"taxonomy":"product_cat","embeddable":true,"href":"https:\/\/roveyayinevi.com.tr\/index.php\/wp-json\/wp\/v2\/product_cat?post=723055"},{"taxonomy":"product_tag","embeddable":true,"href":"https:\/\/roveyayinevi.com.tr\/index.php\/wp-json\/wp\/v2\/product_tag?post=723055"}],"curies":[{"name":"wp","href":"https:\/\/api.w.org\/{rel}","templated":true}]}}