{"id":723052,"date":"2025-08-27T19:13:14","date_gmt":"2025-08-27T16:13:14","guid":{"rendered":"https:\/\/roveyayinevi.com.tr\/index.php\/urun\/geceye-uyananlar\/"},"modified":"2026-04-16T02:31:00","modified_gmt":"2026-04-15T23:31:00","slug":"geceye-uyananlar","status":"publish","type":"product","link":"https:\/\/roveyayinevi.com.tr\/index.php\/urun\/geceye-uyananlar\/","title":{"rendered":"Geceye Uyananlar"},"content":{"rendered":"<p>Bir aileyi aile yapan nedir? Cahide Birg\u00fcl, ikinci roman\u0131 Geceye Uyananlar\u2019da semboller, \u00e7at\u0131\u015fmalar ve gerilimle kurgulanm\u0131\u015f bir olay \u00f6rg\u00fcs\u00fc \u00e7er\u00e7evesinde bu soruyu sorarken, su\u00e7 mahalli olarak evi, su\u00e7 ortakl\u0131\u011f\u0131 olarak da aileyi mercek alt\u0131na al\u0131yor.   Su\u00e7luluk duygusuna esir d\u00fc\u015fm\u00fc\u015f, sevgisizli\u011fini, bast\u0131r\u0131lm\u0131\u015f hislerini, iktidar arzusunu y\u00f6netmeye \u00e7al\u0131\u015fan \u201cte\u015fkilat\u201d mensubu Haluk; a\u011fabeyinin kriminal hayat\u0131n\u0131n g\u00f6lgesinde kendini bulmaya \u00e7abalayan, ku\u015fat\u0131lm\u0131\u015f k\u0131z karde\u015fi Nil\u00fcfer ve t\u00fcm ailenin gizlerinin, ay\u0131plar\u0131n\u0131n cisimle\u015fti\u011fi zihinsel engelli karde\u015fleri Memo\u2026 \u015eiddet, cinsellik ve siyasi tarih ekseninde geli\u015fen olaylar, birlikte ya\u015fayan ancak herhangi bir kesi\u015fim k\u00fcmesi bulunmayan bu \u00fc\u00e7 karde\u015fin hayat\u0131n\u0131 \u015fekillendirirken her birini yava\u015f\u00e7a u\u00e7uruma do\u011fru s\u00fcr\u00fckler ve gecenin sonsuz karanl\u0131\u011f\u0131na hapseder. Hik\u00e2ye, 90\u2019lar\u0131 karakterize eden k\u00f6t\u00fcc\u00fcl, kirli ve \u201cderin\u201d ili\u015fkilerin \u00e7ekirdek aileden topluma ak\u0131\u015f\u0131n\u0131n neden ve sonu\u00e7lar\u0131n\u0131 \u00e7arp\u0131c\u0131 bir \u015fekilde ele al\u0131rken faili me\u00e7hulleri, Cumartesi Anneleri\u2019ni ve kay\u0131plar\u0131 hem failin hem de ma\u011fdurun g\u00f6z\u00fcnden aktar\u0131r.   Cahide Birg\u00fcl su\u00e7lar\u0131n, organize k\u00f6t\u00fcl\u00fc\u011f\u00fcn en masumane ve en kabul edilebilir olandan filizlenmesini, aile yadig\u00e2r\u0131 nesne ve sembollerin psikanalitik d\u00f6k\u00fcm\u00fcn\u00fc soluksuz bir ak\u0131\u015f i\u00e7inde verirken, asl\u0131nda hi\u00e7 yabanc\u0131s\u0131 olmad\u0131\u011f\u0131m\u0131z halde, \u00fcrk\u00fct\u00fcc\u00fcl\u00fc\u011f\u00fcn\u00fcn ay\u0131rd\u0131na mesafe koymadan varamad\u0131\u011f\u0131m\u0131z meseleleri karanl\u0131klardan, g\u00f6lgelerden ve uykulardan \u00e7ekip \u00e7\u0131kararak g\u00f6zler \u00f6n\u00fcne seriyor.   Geceye Uyananlar, Meltem G\u00fcrle\u2019nin de\u011ferli sunu\u015f yaz\u0131s\u0131yla, yeniden okurlar\u0131yla bulu\u015fuyor. <\/p>\n","protected":false},"excerpt":{"rendered":"<p>Bir aileyi aile yapan nedir? Cahide Birg\u00fcl, ikinci roman\u0131 Geceye Uyananlar\u2019da semboller, \u00e7at\u0131\u015fmalar ve gerilimle kurgulanm\u0131\u015f bir olay \u00f6rg\u00fcs\u00fc \u00e7er\u00e7evesinde bu soruyu sorarken, su\u00e7 mahalli olarak<span class=\"excerpt-hellip\"> [\u2026]<\/span><\/p>\n","protected":false},"featured_media":0,"template":"","meta":{"_monsterinsights_skip_tracking":false,"_monsterinsights_sitenote_active":false,"_monsterinsights_sitenote_note":"","_monsterinsights_sitenote_category":0},"product_brand":[],"product_cat":[12291,12711],"product_tag":[],"class_list":{"0":"post-723052","1":"product","2":"type-product","3":"status-publish","5":"product_cat-edebiyat","6":"product_cat-roman-oyku","7":"pa_cilt-ciltsiz","8":"pa_tur-kitap","9":"pa_yayinevi-kafka-yayinevi","10":"pa_yazar-cahide-birgul","12":"first","13":"instock","14":"sale","15":"shipping-taxable","16":"purchasable","17":"product-type-simple"},"_links":{"self":[{"href":"https:\/\/roveyayinevi.com.tr\/index.php\/wp-json\/wp\/v2\/product\/723052","targetHints":{"allow":["GET"]}}],"collection":[{"href":"https:\/\/roveyayinevi.com.tr\/index.php\/wp-json\/wp\/v2\/product"}],"about":[{"href":"https:\/\/roveyayinevi.com.tr\/index.php\/wp-json\/wp\/v2\/types\/product"}],"wp:attachment":[{"href":"https:\/\/roveyayinevi.com.tr\/index.php\/wp-json\/wp\/v2\/media?parent=723052"}],"wp:term":[{"taxonomy":"product_brand","embeddable":true,"href":"https:\/\/roveyayinevi.com.tr\/index.php\/wp-json\/wp\/v2\/product_brand?post=723052"},{"taxonomy":"product_cat","embeddable":true,"href":"https:\/\/roveyayinevi.com.tr\/index.php\/wp-json\/wp\/v2\/product_cat?post=723052"},{"taxonomy":"product_tag","embeddable":true,"href":"https:\/\/roveyayinevi.com.tr\/index.php\/wp-json\/wp\/v2\/product_tag?post=723052"}],"curies":[{"name":"wp","href":"https:\/\/api.w.org\/{rel}","templated":true}]}}