{"id":723049,"date":"2025-08-27T19:13:11","date_gmt":"2025-08-27T16:13:11","guid":{"rendered":"https:\/\/roveyayinevi.com.tr\/index.php\/urun\/bitmemis-oykuler\/"},"modified":"2026-04-16T02:31:00","modified_gmt":"2026-04-15T23:31:00","slug":"bitmemis-oykuler","status":"publish","type":"product","link":"https:\/\/roveyayinevi.com.tr\/index.php\/urun\/bitmemis-oykuler\/","title":{"rendered":"Bitmemi\u015f \u00d6yk\u00fcler"},"content":{"rendered":"<p>Bitmemi\u015f \u00d6yk\u00fcler, Tolkien\u2019in Orta D\u00fcnya efsanesinin \u00e7ok \u00f6nemli bir par\u00e7as\u0131d\u0131r. \u00d6zellikle Y\u00fcz\u00fcklerin Efendisi, Silmarillion ve Hobbit kitaplar\u0131n\u0131 okuyan Tolkien hayranlar\u0131n\u0131n dikkatini \u00e7ekecek bu kapsaml\u0131 \u00e7al\u0131\u015fma, yazar\u0131n ya\u015farken tamamlayamad\u0131\u011f\u0131 ama o\u011flu Christopher Tolkien\u2019in kendi notlar\u0131yla sundu\u011fu bir eser.    Bitmemi\u015f \u00d6yk\u00fcler, Orta D\u00fcnya\u2019n\u0131n Birinci \u00c7a\u011f\u0131 ile Y\u00fcz\u00fck Sava\u015f\u0131\u2019n\u0131n sona eri\u015fi aras\u0131ndaki zamana ait \u00f6yk\u00fcleri kaps\u0131yor. \u00c7\u00f6k\u00fc\u015f\u00fc \u00f6ncesindeki uzun \u00e7a\u011flardan N\u00famenor hakk\u0131nda g\u00fcn\u00fcm\u00fcze kalan tek \u00f6yk\u00fcn\u00fcn yan\u0131 s\u0131ra, Palant\u00edri ve Amroth Efsanesi de yine Bitmemi\u015f \u00d6yk\u00fcler aras\u0131nda anlat\u0131l\u0131yor. <\/p>\n","protected":false},"excerpt":{"rendered":"<p>Bitmemi\u015f \u00d6yk\u00fcler, Tolkien\u2019in Orta D\u00fcnya efsanesinin \u00e7ok \u00f6nemli bir par\u00e7as\u0131d\u0131r. \u00d6zellikle Y\u00fcz\u00fcklerin Efendisi, Silmarillion ve Hobbit kitaplar\u0131n\u0131 okuyan Tolkien hayranlar\u0131n\u0131n dikkatini \u00e7ekecek bu kapsaml\u0131 \u00e7al\u0131\u015fma, yazar\u0131n<span class=\"excerpt-hellip\"> [\u2026]<\/span><\/p>\n","protected":false},"featured_media":0,"template":"","meta":{"_monsterinsights_skip_tracking":false,"_monsterinsights_sitenote_active":false,"_monsterinsights_sitenote_note":"","_monsterinsights_sitenote_category":0},"product_brand":[],"product_cat":[12291,14777],"product_tag":[],"class_list":{"0":"post-723049","1":"product","2":"type-product","3":"status-publish","5":"product_cat-edebiyat","6":"product_cat-fantastik","7":"pa_cilt-ciltsiz","8":"pa_tur-kitap","9":"pa_yayinevi-ithaki-yayinlari","10":"pa_yazar-j-r-r-tolkien","12":"first","13":"instock","14":"sale","15":"shipping-taxable","16":"purchasable","17":"product-type-simple"},"_links":{"self":[{"href":"https:\/\/roveyayinevi.com.tr\/index.php\/wp-json\/wp\/v2\/product\/723049","targetHints":{"allow":["GET"]}}],"collection":[{"href":"https:\/\/roveyayinevi.com.tr\/index.php\/wp-json\/wp\/v2\/product"}],"about":[{"href":"https:\/\/roveyayinevi.com.tr\/index.php\/wp-json\/wp\/v2\/types\/product"}],"wp:attachment":[{"href":"https:\/\/roveyayinevi.com.tr\/index.php\/wp-json\/wp\/v2\/media?parent=723049"}],"wp:term":[{"taxonomy":"product_brand","embeddable":true,"href":"https:\/\/roveyayinevi.com.tr\/index.php\/wp-json\/wp\/v2\/product_brand?post=723049"},{"taxonomy":"product_cat","embeddable":true,"href":"https:\/\/roveyayinevi.com.tr\/index.php\/wp-json\/wp\/v2\/product_cat?post=723049"},{"taxonomy":"product_tag","embeddable":true,"href":"https:\/\/roveyayinevi.com.tr\/index.php\/wp-json\/wp\/v2\/product_tag?post=723049"}],"curies":[{"name":"wp","href":"https:\/\/api.w.org\/{rel}","templated":true}]}}