{"id":723040,"date":"2025-08-27T19:13:03","date_gmt":"2025-08-27T16:13:03","guid":{"rendered":"https:\/\/roveyayinevi.com.tr\/index.php\/urun\/gulyabani-10\/"},"modified":"2026-04-16T02:30:59","modified_gmt":"2026-04-15T23:30:59","slug":"gulyabani-10","status":"publish","type":"product","link":"https:\/\/roveyayinevi.com.tr\/index.php\/urun\/gulyabani-10\/","title":{"rendered":"Gulyabani"},"content":{"rendered":"<p>H\u00fcseyin Rahmi G\u00fcrp\u0131nar\u2019dan mizah y\u00fckl\u00fc bir klasik&#8230; S\u00f6zl\u00fc edebiyat gelene\u011fimizde yer alan kimi hurafeler, umac\u0131lar, cinler, periler zaman i\u00e7inde yaz\u0131l\u0131 edebiyat\u0131m\u0131za, roman ve hik\u00e2yelere de konu olmu\u015ftur. Bunlardan en \u00f6nemlisi ve en \u00fcnl\u00fcs\u00fc Gulyabani\u2019dir. H\u00fcseyin Rahmi G\u00fcrp\u0131nar bu romanda, \u00fcrk\u00fcnt\u00fc veren korkutmacalar\u0131 ki\u015fisel \u00e7\u0131karlar\u0131na alet eden bir k\u00f6\u015fk sahibinin hik\u00e2yesini anlatmaktad\u0131r. Yazar, halk\u0131n k\u00f6r inan\u00e7lara kap\u0131l\u0131p nas\u0131l kolayca kand\u0131r\u0131labildi\u011fini ger\u00e7ek\u00e7i bir anlay\u0131\u015fla yans\u0131t\u0131r. <\/p>\n","protected":false},"excerpt":{"rendered":"<p>H\u00fcseyin Rahmi G\u00fcrp\u0131nar\u2019dan mizah y\u00fckl\u00fc bir klasik&#8230; S\u00f6zl\u00fc edebiyat gelene\u011fimizde yer alan kimi hurafeler, umac\u0131lar, cinler, periler zaman i\u00e7inde yaz\u0131l\u0131 edebiyat\u0131m\u0131za, roman ve hik\u00e2yelere de konu<span class=\"excerpt-hellip\"> [\u2026]<\/span><\/p>\n","protected":false},"featured_media":0,"template":"","meta":{"_monsterinsights_skip_tracking":false,"_monsterinsights_sitenote_active":false,"_monsterinsights_sitenote_note":"","_monsterinsights_sitenote_category":0},"product_brand":[],"product_cat":[12291,12711],"product_tag":[],"class_list":{"0":"post-723040","1":"product","2":"type-product","3":"status-publish","5":"product_cat-edebiyat","6":"product_cat-roman-oyku","7":"pa_cilt-ciltsiz","8":"pa_tur-kitap","9":"pa_yayinevi-remzi-kitabevi","10":"pa_yazar-huseyin-rahmi-gurpinar","12":"first","13":"instock","14":"sale","15":"shipping-taxable","16":"purchasable","17":"product-type-simple"},"_links":{"self":[{"href":"https:\/\/roveyayinevi.com.tr\/index.php\/wp-json\/wp\/v2\/product\/723040","targetHints":{"allow":["GET"]}}],"collection":[{"href":"https:\/\/roveyayinevi.com.tr\/index.php\/wp-json\/wp\/v2\/product"}],"about":[{"href":"https:\/\/roveyayinevi.com.tr\/index.php\/wp-json\/wp\/v2\/types\/product"}],"wp:attachment":[{"href":"https:\/\/roveyayinevi.com.tr\/index.php\/wp-json\/wp\/v2\/media?parent=723040"}],"wp:term":[{"taxonomy":"product_brand","embeddable":true,"href":"https:\/\/roveyayinevi.com.tr\/index.php\/wp-json\/wp\/v2\/product_brand?post=723040"},{"taxonomy":"product_cat","embeddable":true,"href":"https:\/\/roveyayinevi.com.tr\/index.php\/wp-json\/wp\/v2\/product_cat?post=723040"},{"taxonomy":"product_tag","embeddable":true,"href":"https:\/\/roveyayinevi.com.tr\/index.php\/wp-json\/wp\/v2\/product_tag?post=723040"}],"curies":[{"name":"wp","href":"https:\/\/api.w.org\/{rel}","templated":true}]}}