{"id":723034,"date":"2025-08-27T19:12:58","date_gmt":"2025-08-27T16:12:58","guid":{"rendered":"https:\/\/roveyayinevi.com.tr\/index.php\/urun\/bahreyn\/"},"modified":"2026-04-05T02:37:39","modified_gmt":"2026-04-04T23:37:39","slug":"bahreyn","status":"publish","type":"product","link":"https:\/\/roveyayinevi.com.tr\/index.php\/urun\/bahreyn\/","title":{"rendered":"Bahreyn"},"content":{"rendered":"<p>Manzaraya kar\u015f\u0131 oturup sevdi\u011fim \u015fark\u0131lar\u0131 sabaha kadar ba\u015fa sar\u0131p dinleyesim var. Sonra seni uyurken izleyesim, sa\u00e7lar\u0131n\u0131 ok\u015fayas\u0131m, pencere kenar\u0131ndaki koltukta kitap okuyarak uyuyakalas\u0131m var. Sana \u015fark\u0131lar s\u00f6yleyesim var. Sinemaya gidip filmi de\u011fil de film bitene kadar seni izleyerek, y\u00fcz\u00fcndeki her \u00e7izgiyi ezberleyesim var. Seninle sessiz sinema oynay\u0131p sana i\u00e7imdekileri \u00f6yle anlatas\u0131m var. Seninle u\u00e7urtma u\u00e7urup, bisiklete binip, g\u00fczel bir piknik sofras\u0131 haz\u0131rlay\u0131p, \u00e7imenlere yat\u0131p seninle al\u0131nan nefesi soluyas\u0131m var. Kitaplarda alt\u0131n\u0131 \u00e7izdi\u011fim sat\u0131rlar\u0131 sana okuyas\u0131m var. Dalm\u0131\u015f, d\u00fc\u015f\u00fcnceli halini g\u00f6r\u00fcp arkandan gelip sar\u0131las\u0131m var. Ac\u0131yan yerlerine merhem olas\u0131m var; yaralar\u0131na, yara band\u0131 durmayan kana diki\u015f olas\u0131m var. Benim sana iyi gelesim var; senin bana gelesin var m\u0131? <\/p>\n","protected":false},"excerpt":{"rendered":"<p>Manzaraya kar\u015f\u0131 oturup sevdi\u011fim \u015fark\u0131lar\u0131 sabaha kadar ba\u015fa sar\u0131p dinleyesim var. Sonra seni uyurken izleyesim, sa\u00e7lar\u0131n\u0131 ok\u015fayas\u0131m, pencere kenar\u0131ndaki koltukta kitap okuyarak uyuyakalas\u0131m var. Sana \u015fark\u0131lar<span class=\"excerpt-hellip\"> [\u2026]<\/span><\/p>\n","protected":false},"featured_media":0,"template":"","meta":{"_monsterinsights_skip_tracking":false,"_monsterinsights_sitenote_active":false,"_monsterinsights_sitenote_note":"","_monsterinsights_sitenote_category":0},"product_brand":[],"product_cat":[12777,12291],"product_tag":[],"class_list":{"0":"post-723034","1":"product","2":"type-product","3":"status-publish","5":"product_cat-deneme","6":"product_cat-edebiyat","7":"pa_cilt-ciltsiz","8":"pa_tur-kitap","9":"pa_yayinevi-luna-yayinlari","10":"pa_yazar-sena-aykol","12":"first","13":"instock","14":"sale","15":"shipping-taxable","16":"purchasable","17":"product-type-simple"},"_links":{"self":[{"href":"https:\/\/roveyayinevi.com.tr\/index.php\/wp-json\/wp\/v2\/product\/723034","targetHints":{"allow":["GET"]}}],"collection":[{"href":"https:\/\/roveyayinevi.com.tr\/index.php\/wp-json\/wp\/v2\/product"}],"about":[{"href":"https:\/\/roveyayinevi.com.tr\/index.php\/wp-json\/wp\/v2\/types\/product"}],"wp:attachment":[{"href":"https:\/\/roveyayinevi.com.tr\/index.php\/wp-json\/wp\/v2\/media?parent=723034"}],"wp:term":[{"taxonomy":"product_brand","embeddable":true,"href":"https:\/\/roveyayinevi.com.tr\/index.php\/wp-json\/wp\/v2\/product_brand?post=723034"},{"taxonomy":"product_cat","embeddable":true,"href":"https:\/\/roveyayinevi.com.tr\/index.php\/wp-json\/wp\/v2\/product_cat?post=723034"},{"taxonomy":"product_tag","embeddable":true,"href":"https:\/\/roveyayinevi.com.tr\/index.php\/wp-json\/wp\/v2\/product_tag?post=723034"}],"curies":[{"name":"wp","href":"https:\/\/api.w.org\/{rel}","templated":true}]}}