{"id":723033,"date":"2025-08-27T19:12:57","date_gmt":"2025-08-27T16:12:57","guid":{"rendered":"https:\/\/roveyayinevi.com.tr\/index.php\/urun\/sokrates-ironi-infaz-ve-etik\/"},"modified":"2026-04-16T02:30:59","modified_gmt":"2026-04-15T23:30:59","slug":"sokrates-ironi-infaz-ve-etik","status":"publish","type":"product","link":"https:\/\/roveyayinevi.com.tr\/index.php\/urun\/sokrates-ironi-infaz-ve-etik\/","title":{"rendered":"Sokrates &#8211; \u0130roni, \u0130nfaz ve Etik"},"content":{"rendered":"<p>Bu kitap, felsefe tarihinin b\u00fcy\u00fck d\u00fc\u015f\u00fcn\u00fcr\u00fc Sokrates\u2019in hayat\u0131na ve felsefesine k\u0131sa bir giri\u015f yapma niyetindedir. Sokrates gibi b\u00fcy\u00fck bir \u015fahsiyetin d\u00fc\u015f\u00fcnsel geli\u015fimini izlemek g\u00fc\u00e7 bir i\u015f ve Taylor, bu g\u00fc\u00e7 i\u015fe giri\u015fiyor. Yazar, Sokrates\u2019in \u00fc\u00e7 tarih\u00ee kayna\u011f\u0131ndan, Platon, Aristofanes ve Ksenofon\u2019dan beslenen entelekt\u00fcel bir biyografi ortaya koyuyor. Sokrates\u2019in Atina\u2019s\u0131nda d\u00f6nemin atmosferini, Anaksagoras\u2019la ve Archelaus\u2019la ba\u011f\u0131n\u0131, ya\u015fam\u0131n\u0131n d\u00f6n\u00fcm noktalar\u0131nda Orfizm ve Delfi Kehanetinin yerini sergiliyor. Gen\u00e7 Sokrates\u2019in \u2019i\u015faret\u2019 ve \u2018daim\u00ee ironi\u2019sinin, Olgun Sokrates\u2019e \u2018demokrasi\u2019 eliyle \u2018infaz\u2019 olarak d\u00f6n\u00fc\u015f\u00fcn\u00fcn \u00f6yk\u00fcs\u00fcn\u00fc anlat\u0131yor. Ku\u015fkusuz yaln\u0131zca bir felsefe \u015fehidi de\u011fildi Sokrates. Onun \u2018ruh\u2019 \u00f6\u011fretisi ve \u2018idealar\u2019 teorisi, bug\u00fcn dahi zihinlerimizi \u015fekillendirmekte; \u2018iyi\u2019 ve \u2018erdem\u2019 anlay\u0131\u015f\u0131 bizimle ya\u015famaktad\u0131r. Onun Savunma\u2019s\u0131, 2500 y\u0131ld\u0131r felsefe tarihinin ilk sayfalar\u0131n\u0131 olu\u015fturmakta; hakikatin filozofla ayr\u0131lamazl\u0131\u011f\u0131n\u0131 hat\u0131rlatmaktad\u0131r. \u0130ngiliz felsefeci ve Antik\u00e7a\u011f uzman\u0131 Alfred Edward Taylor\u2019\u0131n bu de\u011ferli \u00e7al\u0131\u015fmas\u0131n\u0131 Mukadder Erkan \u00e7evirisi ile sunuyoruz.<\/p>\n","protected":false},"excerpt":{"rendered":"<p>Bu kitap, felsefe tarihinin b\u00fcy\u00fck d\u00fc\u015f\u00fcn\u00fcr\u00fc Sokrates\u2019in hayat\u0131na ve felsefesine k\u0131sa bir giri\u015f yapma niyetindedir. Sokrates gibi b\u00fcy\u00fck bir \u015fahsiyetin d\u00fc\u015f\u00fcnsel geli\u015fimini izlemek g\u00fc\u00e7 bir i\u015f<span class=\"excerpt-hellip\"> [\u2026]<\/span><\/p>\n","protected":false},"featured_media":0,"template":"","meta":{"_monsterinsights_skip_tracking":false,"_monsterinsights_sitenote_active":false,"_monsterinsights_sitenote_note":"","_monsterinsights_sitenote_category":0},"product_brand":[],"product_cat":[12388,26788],"product_tag":[],"class_list":{"0":"post-723033","1":"product","2":"type-product","3":"status-publish","5":"product_cat-felsefe","6":"product_cat-filozoflar","7":"pa_cilt-ciltsiz","8":"pa_tur-kitap","9":"pa_yayinevi-fol-kitap","10":"pa_yazar-alfred-edward-taylor","12":"first","13":"instock","14":"sale","15":"shipping-taxable","16":"purchasable","17":"product-type-simple"},"_links":{"self":[{"href":"https:\/\/roveyayinevi.com.tr\/index.php\/wp-json\/wp\/v2\/product\/723033","targetHints":{"allow":["GET"]}}],"collection":[{"href":"https:\/\/roveyayinevi.com.tr\/index.php\/wp-json\/wp\/v2\/product"}],"about":[{"href":"https:\/\/roveyayinevi.com.tr\/index.php\/wp-json\/wp\/v2\/types\/product"}],"wp:attachment":[{"href":"https:\/\/roveyayinevi.com.tr\/index.php\/wp-json\/wp\/v2\/media?parent=723033"}],"wp:term":[{"taxonomy":"product_brand","embeddable":true,"href":"https:\/\/roveyayinevi.com.tr\/index.php\/wp-json\/wp\/v2\/product_brand?post=723033"},{"taxonomy":"product_cat","embeddable":true,"href":"https:\/\/roveyayinevi.com.tr\/index.php\/wp-json\/wp\/v2\/product_cat?post=723033"},{"taxonomy":"product_tag","embeddable":true,"href":"https:\/\/roveyayinevi.com.tr\/index.php\/wp-json\/wp\/v2\/product_tag?post=723033"}],"curies":[{"name":"wp","href":"https:\/\/api.w.org\/{rel}","templated":true}]}}