{"id":723032,"date":"2025-08-27T19:12:56","date_gmt":"2025-08-27T16:12:56","guid":{"rendered":"https:\/\/roveyayinevi.com.tr\/index.php\/urun\/platon-bilgi-ruh-ve-devlet\/"},"modified":"2026-04-16T02:30:59","modified_gmt":"2026-04-15T23:30:59","slug":"platon-bilgi-ruh-ve-devlet","status":"publish","type":"product","link":"https:\/\/roveyayinevi.com.tr\/index.php\/urun\/platon-bilgi-ruh-ve-devlet\/","title":{"rendered":"Platon &#8211; Bilgi, Ruh ve Devlet"},"content":{"rendered":"<p>Bu kitap, Bat\u0131 felsefesinin kurucu d\u00fc\u015f\u00fcn\u00fcrlerinden Platon\u2019un hayat\u0131 ve felsefesine k\u0131sa bir giri\u015f yapma niyetindedir.  Platon, \u0130\u00d6. 427 y\u0131l\u0131nda, b\u00fcy\u00fck Peloponnesos Sava\u015f\u0131n\u0131n ba\u015flar\u0131nda do\u011fdu.  81 y\u0131ll\u0131k \u00f6mr\u00fcne bug\u00fcn dahi felsefe tarihinin \u015fah eserleri say\u0131lan Diyaloglar\u2019\u0131n\u0131 miras b\u0131rakt\u0131. Platon\u2019un, hocas\u0131 Sokrates\u2019le ili\u015fkisi ve \u00e7evresi, idealar teorisi, Syrakusa deneyimi; bilgi kuram\u0131 ve diyalektik anlay\u0131\u015f\u0131; psikoloji ve kozmolojisi eserde ele al\u0131nan konulardand\u0131r. Antik\u00e7a\u011f ve Platon uzman\u0131, \u0130ngiliz felsefeci Alfred Edward Taylor\u2019\u0131n bu de\u011ferli \u00e7al\u0131\u015fmas\u0131n\u0131, Cengiz \u0130skender \u00d6zkan\u2019\u0131n \u00e7evirisi ile sunuyoruz.<\/p>\n","protected":false},"excerpt":{"rendered":"<p>Bu kitap, Bat\u0131 felsefesinin kurucu d\u00fc\u015f\u00fcn\u00fcrlerinden Platon\u2019un hayat\u0131 ve felsefesine k\u0131sa bir giri\u015f yapma niyetindedir. Platon, \u0130\u00d6. 427 y\u0131l\u0131nda, b\u00fcy\u00fck Peloponnesos Sava\u015f\u0131n\u0131n ba\u015flar\u0131nda do\u011fdu. 81 y\u0131ll\u0131k<span class=\"excerpt-hellip\"> [\u2026]<\/span><\/p>\n","protected":false},"featured_media":0,"template":"","meta":{"_monsterinsights_skip_tracking":false,"_monsterinsights_sitenote_active":false,"_monsterinsights_sitenote_note":"","_monsterinsights_sitenote_category":0},"product_brand":[],"product_cat":[12388,26788],"product_tag":[],"class_list":{"0":"post-723032","1":"product","2":"type-product","3":"status-publish","5":"product_cat-felsefe","6":"product_cat-filozoflar","7":"pa_cilt-ciltsiz","8":"pa_tur-kitap","9":"pa_yayinevi-fol-kitap","10":"pa_yazar-alfred-edward-taylor","12":"first","13":"instock","14":"sale","15":"shipping-taxable","16":"purchasable","17":"product-type-simple"},"_links":{"self":[{"href":"https:\/\/roveyayinevi.com.tr\/index.php\/wp-json\/wp\/v2\/product\/723032","targetHints":{"allow":["GET"]}}],"collection":[{"href":"https:\/\/roveyayinevi.com.tr\/index.php\/wp-json\/wp\/v2\/product"}],"about":[{"href":"https:\/\/roveyayinevi.com.tr\/index.php\/wp-json\/wp\/v2\/types\/product"}],"wp:attachment":[{"href":"https:\/\/roveyayinevi.com.tr\/index.php\/wp-json\/wp\/v2\/media?parent=723032"}],"wp:term":[{"taxonomy":"product_brand","embeddable":true,"href":"https:\/\/roveyayinevi.com.tr\/index.php\/wp-json\/wp\/v2\/product_brand?post=723032"},{"taxonomy":"product_cat","embeddable":true,"href":"https:\/\/roveyayinevi.com.tr\/index.php\/wp-json\/wp\/v2\/product_cat?post=723032"},{"taxonomy":"product_tag","embeddable":true,"href":"https:\/\/roveyayinevi.com.tr\/index.php\/wp-json\/wp\/v2\/product_tag?post=723032"}],"curies":[{"name":"wp","href":"https:\/\/api.w.org\/{rel}","templated":true}]}}