{"id":723029,"date":"2025-08-27T19:12:20","date_gmt":"2025-08-27T16:12:20","guid":{"rendered":"https:\/\/roveyayinevi.com.tr\/index.php\/urun\/nu\/"},"modified":"2026-04-16T02:30:59","modified_gmt":"2026-04-15T23:30:59","slug":"nu","status":"publish","type":"product","link":"https:\/\/roveyayinevi.com.tr\/index.php\/urun\/nu\/","title":{"rendered":"N\u00fc"},"content":{"rendered":"<p>Richard Leppert, ge\u00e7mi\u015ften g\u00fcn\u00fcm\u00fcze sanatta n\u00fc\u2019n\u00fcn izini s\u00fcrerken \u00e7\u0131plakl\u0131\u011f\u0131, toplumsal hayat ve k\u00fclt\u00fcrel ba\u011flam \u00e7er\u00e7evesinde de\u011ferlendiriyor. S\u0131n\u0131f, cinsiyet, ya\u015f ve \u0131rk ayr\u0131mlar\u0131n\u0131n, insan\u0131n varolu\u015fu a\u00e7\u0131s\u0131ndan do\u011furdu\u011fu sorularla beraber bize sanattaki n\u00fc\u2019y\u00fc okuman\u0131n, inceliklerini fark etmenin, mesajlar\u0131n\u0131 alg\u0131laman\u0131n yollar\u0131n\u0131 g\u00f6steriyor. \u0130nsana ait temel \u00f6zellikleri mutluluk, arzu, korku, kayg\u0131 ve utan\u00e7 gibi temel duygularla \u00f6l\u00e7erken Bat\u0131 modernitesinde insan bedeni\u2019nin bizlere ne s\u00f6ylemeye \u00e7al\u0131\u015ft\u0131\u011f\u0131n\u0131 g\u00f6zler \u00f6n\u00fcne seriyor. Sanatta n\u00fc\u2019n\u00fcn yaln\u0131zca \u00e7\u0131plakl\u0131k olmad\u0131\u011f\u0131n\u0131, \u00fczerine Bat\u0131 d\u00fcnyas\u0131n\u0131n tarih\u00e7esinin yaz\u0131ld\u0131\u011f\u0131 bir an\u0131t oldu\u011funu anlamam\u0131z\u0131 sa\u011fl\u0131yor Richard Leppert. N\u00fc, yaln\u0131zca sanat alan\u0131n\u0131n profesyonellerine ve \u00f6\u011frencilerine de\u011fil, ayn\u0131 zamanda sanat eserlerini de\u011ferlendirebilmeyi ve yorumlamay\u0131 isteyen herkese yol g\u00f6steriyor&#8230;<\/p>\n","protected":false},"excerpt":{"rendered":"<p>Richard Leppert, ge\u00e7mi\u015ften g\u00fcn\u00fcm\u00fcze sanatta n\u00fc\u2019n\u00fcn izini s\u00fcrerken \u00e7\u0131plakl\u0131\u011f\u0131, toplumsal hayat ve k\u00fclt\u00fcrel ba\u011flam \u00e7er\u00e7evesinde de\u011ferlendiriyor. S\u0131n\u0131f, cinsiyet, ya\u015f ve \u0131rk ayr\u0131mlar\u0131n\u0131n, insan\u0131n varolu\u015fu a\u00e7\u0131s\u0131ndan do\u011furdu\u011fu<span class=\"excerpt-hellip\"> [\u2026]<\/span><\/p>\n","protected":false},"featured_media":0,"template":"","meta":{"_monsterinsights_skip_tracking":false,"_monsterinsights_sitenote_active":false,"_monsterinsights_sitenote_note":"","_monsterinsights_sitenote_category":0},"product_brand":[],"product_cat":[12408,14197],"product_tag":[],"class_list":{"0":"post-723029","1":"product","2":"type-product","3":"status-publish","5":"product_cat-sanat","6":"product_cat-sanat-tarihi","7":"pa_cilt-ciltsiz","8":"pa_tur-kitap","9":"pa_yayinevi-ayrinti-yayinlari","10":"pa_yazar-richard-leppert","12":"first","13":"instock","14":"sale","15":"shipping-taxable","16":"purchasable","17":"product-type-simple"},"_links":{"self":[{"href":"https:\/\/roveyayinevi.com.tr\/index.php\/wp-json\/wp\/v2\/product\/723029","targetHints":{"allow":["GET"]}}],"collection":[{"href":"https:\/\/roveyayinevi.com.tr\/index.php\/wp-json\/wp\/v2\/product"}],"about":[{"href":"https:\/\/roveyayinevi.com.tr\/index.php\/wp-json\/wp\/v2\/types\/product"}],"wp:attachment":[{"href":"https:\/\/roveyayinevi.com.tr\/index.php\/wp-json\/wp\/v2\/media?parent=723029"}],"wp:term":[{"taxonomy":"product_brand","embeddable":true,"href":"https:\/\/roveyayinevi.com.tr\/index.php\/wp-json\/wp\/v2\/product_brand?post=723029"},{"taxonomy":"product_cat","embeddable":true,"href":"https:\/\/roveyayinevi.com.tr\/index.php\/wp-json\/wp\/v2\/product_cat?post=723029"},{"taxonomy":"product_tag","embeddable":true,"href":"https:\/\/roveyayinevi.com.tr\/index.php\/wp-json\/wp\/v2\/product_tag?post=723029"}],"curies":[{"name":"wp","href":"https:\/\/api.w.org\/{rel}","templated":true}]}}