{"id":723027,"date":"2025-08-27T19:12:18","date_gmt":"2025-08-27T16:12:18","guid":{"rendered":"https:\/\/roveyayinevi.com.tr\/index.php\/urun\/his-ve-ceza\/"},"modified":"2026-04-08T02:38:41","modified_gmt":"2026-04-07T23:38:41","slug":"his-ve-ceza","status":"publish","type":"product","link":"https:\/\/roveyayinevi.com.tr\/index.php\/urun\/his-ve-ceza\/","title":{"rendered":"His ve Ceza"},"content":{"rendered":"<p>Mutlulu\u011fu Yakalaman\u0131n ve Mutlu Kalman\u0131n \u0130pu\u00e7lar\u0131   \u0130nsano\u011flunun y\u00fczy\u0131llard\u0131r arad\u0131\u011f\u0131 mutluluk; felsefe, edebiyat ve bilim gibi farkl\u0131 disiplinler taraf\u0131ndan ara\u015ft\u0131r\u0131l\u0131yor. Her ne kadar mutlulu\u011fun \u201csize verilmesi gereken\u201d bir \u015fey oldu\u011funu d\u00fc\u015f\u00fcnmek konforlu olsa da ger\u00e7ek\u00e7i de\u011fildir. Mutlulu\u011fu elle tutulur, g\u00f6zle g\u00f6r\u00fcl\u00fcr bir hale b\u00fcr\u00fcnd\u00fcrmeye \u00e7al\u0131\u015f\u0131yoruz, oysa mutluluk \u00f6ncelikle hissedilmelidir ve hissetmek i\u00e7in kolay form\u00fcller araman\u0131za gerek yok. Mutluluk, siz onu ne zannediyorsan\u0131z odur.   Nas\u0131l mutlu olurum? Mutlulu\u011fun form\u00fcl\u00fc nedir? Sevdiklerimi nas\u0131l mutlu edebilirim? Mutlulu\u011fun bir hap\u0131 var m\u0131? gibi sorular\u0131n cevaplar\u0131n\u0131 Psikolog \u015eeyda Bet\u00fcl K\u0131l\u0131\u00e7\u2019\u0131n bu ba\u015fucu kitab\u0131nda bulacaks\u0131n\u0131z.   \u201cSevgili \u00e7al\u0131\u015fkan \u00f6\u011frencim \u015eeyda Bet\u00fcl K\u0131l\u0131\u00e7\u2019\u0131n kendi ya\u015fam ac\u0131lar\u0131nda anlam buldu\u011fu kesitleri de cesurca sergiledi\u011fi bu kitab\u0131n, mutluluk aray\u0131\u015f\u0131 i\u00e7indeki okuyuculara k\u0131lavuzluk edece\u011fini umuyor ve yolunun a\u00e7\u0131k olmas\u0131n\u0131 diliyorum.\u201d \u2013Prof. Dr. Mehmet Zihni Sungur   \u201cMutluluk \u00f6yle \u00e7ok par\u00e7adan olu\u015fur ki birka\u00e7 par\u00e7as\u0131 mutlaka eksiktir. Lakin onu aramaktansa hayat\u0131n pe\u015finde ko\u015fmak gerekir&#8230; \u0130\u015fte \u015eeyda Bet\u00fcl iyi bir yol sunuyor bize; re\u00e7eteler de\u011fil yakla\u015f\u0131mlar, teknikler de\u011fil bak\u0131\u015f a\u00e7\u0131lar\u0131.\u201d \u2013Prof. Dr. U\u011fur Bat\u0131   \u201cB\u00fcy\u00fck emek ve heyecanla yaz\u0131lan bu kitab\u0131n da insanlar\u0131n mutlu ve anlaml\u0131 bir ya\u015fam s\u00fcrmelerine katk\u0131 sa\u011flayaca\u011f\u0131na inan\u0131yorum.\u201d \u2013Do\u00e7. Dr. Tayfun Do\u011fan <\/p>\n","protected":false},"excerpt":{"rendered":"<p>Mutlulu\u011fu Yakalaman\u0131n ve Mutlu Kalman\u0131n \u0130pu\u00e7lar\u0131 \u0130nsano\u011flunun y\u00fczy\u0131llard\u0131r arad\u0131\u011f\u0131 mutluluk; felsefe, edebiyat ve bilim gibi farkl\u0131 disiplinler taraf\u0131ndan ara\u015ft\u0131r\u0131l\u0131yor. Her ne kadar mutlulu\u011fun \u201csize verilmesi gereken\u201d<span class=\"excerpt-hellip\"> [\u2026]<\/span><\/p>\n","protected":false},"featured_media":0,"template":"","meta":{"_monsterinsights_skip_tracking":false,"_monsterinsights_sitenote_active":false,"_monsterinsights_sitenote_note":"","_monsterinsights_sitenote_category":0},"product_brand":[],"product_cat":[12364,12376],"product_tag":[],"class_list":{"0":"post-723027","1":"product","2":"type-product","3":"status-publish","5":"product_cat-genel-konular","6":"product_cat-kisisel-gelisim","7":"pa_cilt-ciltsiz","8":"pa_tur-kitap","9":"pa_yayinevi-epsilon-yayinlari","10":"pa_yazar-seyda-betul-kilic","12":"first","13":"instock","14":"sale","15":"shipping-taxable","16":"purchasable","17":"product-type-simple"},"_links":{"self":[{"href":"https:\/\/roveyayinevi.com.tr\/index.php\/wp-json\/wp\/v2\/product\/723027","targetHints":{"allow":["GET"]}}],"collection":[{"href":"https:\/\/roveyayinevi.com.tr\/index.php\/wp-json\/wp\/v2\/product"}],"about":[{"href":"https:\/\/roveyayinevi.com.tr\/index.php\/wp-json\/wp\/v2\/types\/product"}],"wp:attachment":[{"href":"https:\/\/roveyayinevi.com.tr\/index.php\/wp-json\/wp\/v2\/media?parent=723027"}],"wp:term":[{"taxonomy":"product_brand","embeddable":true,"href":"https:\/\/roveyayinevi.com.tr\/index.php\/wp-json\/wp\/v2\/product_brand?post=723027"},{"taxonomy":"product_cat","embeddable":true,"href":"https:\/\/roveyayinevi.com.tr\/index.php\/wp-json\/wp\/v2\/product_cat?post=723027"},{"taxonomy":"product_tag","embeddable":true,"href":"https:\/\/roveyayinevi.com.tr\/index.php\/wp-json\/wp\/v2\/product_tag?post=723027"}],"curies":[{"name":"wp","href":"https:\/\/api.w.org\/{rel}","templated":true}]}}