{"id":723026,"date":"2025-08-27T19:12:17","date_gmt":"2025-08-27T16:12:17","guid":{"rendered":"https:\/\/roveyayinevi.com.tr\/index.php\/urun\/kule-saatindeki-kuzgun\/"},"modified":"2026-04-16T02:30:59","modified_gmt":"2026-04-15T23:30:59","slug":"kule-saatindeki-kuzgun","status":"publish","type":"product","link":"https:\/\/roveyayinevi.com.tr\/index.php\/urun\/kule-saatindeki-kuzgun\/","title":{"rendered":"Kule Saatindeki Kuzgun"},"content":{"rendered":"<p>\u201cBir daha tesad\u00fcfen bile kar\u015f\u0131la\u015fmayal\u0131m; bu mektup benden size son s\u00f6z olsun! Benim i\u00e7in d\u00fcnyada en sevgili varl\u0131k olan a\u015fk\u0131m\u0131z ad\u0131na rica ediyor ve ricam\u0131 tutaca\u011f\u0131n\u0131z\u0131 biliyorum. Ben zaten sadece sizi hat\u0131rlamakla ya\u015fayaca\u011f\u0131m ve yeniden bulu\u015fabilmemiz i\u00e7in y\u0131llar\u0131n ge\u00e7mesini bekleyece\u011fim\u2026 Bundan ba\u015fka ne olursa olsun, bana g\u00f6re hepsi bir\u2026 Ben buna raz\u0131 olacak, g\u00fcnl\u00fck hayat\u0131n renksiz \u0131ss\u0131zl\u0131\u011f\u0131na dalaca\u011f\u0131m. Allah\u2019a \u0131smarlad\u0131k! R\u00fcyalar\u0131m\u0131 g\u00fczelle\u015ftirdi\u011fin i\u00e7in sana te\u015fekk\u00fcr ederim; \u00e7\u00fcnk\u00fc akl\u0131m erdi\u011fi g\u00fcnden beri hep seni hayal ettim.\u201dKule Saatindeki Kuzgun, Macar Edebiyat\u0131\u2019n\u0131n usta kalemi K\u00e1lm\u00e1n Csath\u00f3\u2019nun \u015f\u00fcphesiz ki en iyi roman\u0131d\u0131r. 19.yy. Macar Edebiyat\u0131\u2019n\u0131n en b\u00fcy\u00fck romanc\u0131lar\u0131ndan biri kabul edilen K\u00e1lm\u00e1n Miksz\u00e1th\u2019\u0131n izinde y\u00fcr\u00fcyen Csath\u00f3, ak\u0131c\u0131 ve n\u00fckteli bir dile sahip olup, kendisinin de i\u00e7inde bulundu\u011fu Macar asil s\u0131n\u0131f\u0131n\u0131 \u00e7ok iyi kavram\u0131\u015f ve resmedebilmi\u015ftir.  Modernle\u015fme s\u00fcreciyle birlikte topra\u011f\u0131ndan olan bu s\u0131n\u0131f geleneksel ya\u015fam ve d\u00fc\u015f\u00fcnce tarz\u0131n\u0131 de\u011fi\u015ftirmek ve modernitenin getirdi\u011fi yeni ko\u015fullara uyum sa\u011flamak zorunda kalm\u0131\u015ft\u0131r. Roman kahramanlar\u0131ndan biri olan ve can al\u0131c\u0131 cazibesiyle etraf\u0131ndaki herkesi kendine hayran b\u0131rakan Laszlo Sivany de aristokratik tav\u0131r ve gururundan vazge\u00e7meyen bir Don Juan\u2019d\u0131r. Lenke ise Sivany\u2019i b\u00fct\u00fcn \u00f6mr\u00fc boyunca b\u00fcy\u00fck bir a\u015fk ve hayranl\u0131kla sevmi\u015f gen\u00e7 bir kad\u0131nd\u0131r. Ancak Lenke\u2019nin b\u00fcy\u00fck a\u015fk\u0131na a\u015f\u0131lmaz engeller, ge\u00e7ilmez hudutlar m\u00e2nidir. Sevdi\u011finiz insana kavu\u015fmak i\u00e7in neler yapabilir, a\u015fk\u0131n\u0131z i\u00e7in ne kadar ileri gidebilirsiniz? Macar asil s\u0131n\u0131f\u0131n\u0131n tarihsel d\u00f6n\u00fc\u015f\u00fcm\u00fcn\u00fc arka plan\u0131na alan bu s\u00fcr\u00fckleyici roman sayesinde kendinize bu sorular\u0131 soracaks\u0131n\u0131z. <\/p>\n","protected":false},"excerpt":{"rendered":"<p>\u201cBir daha tesad\u00fcfen bile kar\u015f\u0131la\u015fmayal\u0131m; bu mektup benden size son s\u00f6z olsun! Benim i\u00e7in d\u00fcnyada en sevgili varl\u0131k olan a\u015fk\u0131m\u0131z ad\u0131na rica ediyor ve ricam\u0131 tutaca\u011f\u0131n\u0131z\u0131<span class=\"excerpt-hellip\"> [\u2026]<\/span><\/p>\n","protected":false},"featured_media":0,"template":"","meta":{"_monsterinsights_skip_tracking":false,"_monsterinsights_sitenote_active":false,"_monsterinsights_sitenote_note":"","_monsterinsights_sitenote_category":0},"product_brand":[],"product_cat":[12291,12711],"product_tag":[],"class_list":{"0":"post-723026","1":"product","2":"type-product","3":"status-publish","5":"product_cat-edebiyat","6":"product_cat-roman-oyku","7":"pa_cilt-ciltsiz","8":"pa_tur-kitap","9":"pa_yayinevi-yeni-insan-yayinlari","10":"pa_yazar-kalman-csatho","12":"first","13":"instock","14":"sale","15":"shipping-taxable","16":"purchasable","17":"product-type-simple"},"_links":{"self":[{"href":"https:\/\/roveyayinevi.com.tr\/index.php\/wp-json\/wp\/v2\/product\/723026","targetHints":{"allow":["GET"]}}],"collection":[{"href":"https:\/\/roveyayinevi.com.tr\/index.php\/wp-json\/wp\/v2\/product"}],"about":[{"href":"https:\/\/roveyayinevi.com.tr\/index.php\/wp-json\/wp\/v2\/types\/product"}],"wp:attachment":[{"href":"https:\/\/roveyayinevi.com.tr\/index.php\/wp-json\/wp\/v2\/media?parent=723026"}],"wp:term":[{"taxonomy":"product_brand","embeddable":true,"href":"https:\/\/roveyayinevi.com.tr\/index.php\/wp-json\/wp\/v2\/product_brand?post=723026"},{"taxonomy":"product_cat","embeddable":true,"href":"https:\/\/roveyayinevi.com.tr\/index.php\/wp-json\/wp\/v2\/product_cat?post=723026"},{"taxonomy":"product_tag","embeddable":true,"href":"https:\/\/roveyayinevi.com.tr\/index.php\/wp-json\/wp\/v2\/product_tag?post=723026"}],"curies":[{"name":"wp","href":"https:\/\/api.w.org\/{rel}","templated":true}]}}