{"id":723025,"date":"2025-08-27T19:12:17","date_gmt":"2025-08-27T16:12:17","guid":{"rendered":"https:\/\/roveyayinevi.com.tr\/index.php\/urun\/rusya-tarihi-2\/"},"modified":"2026-04-16T02:30:59","modified_gmt":"2026-04-15T23:30:59","slug":"rusya-tarihi-2","status":"publish","type":"product","link":"https:\/\/roveyayinevi.com.tr\/index.php\/urun\/rusya-tarihi-2\/","title":{"rendered":"Rusya Tarihi"},"content":{"rendered":"<p>Rusya tarihi, Sovyetler Birli\u011fi ve Rusya Federasyonu\u2019nun kurulmas\u0131ndan en az bin y\u0131l \u00f6nce, \u2013tar\u0131mla u\u011fra\u015fan, yerle\u015fik bir topluluk olan\u2013 Slav kabileleri ile Fin ve Balt\u0131k kom\u015fular\u0131n\u0131n bir Nors sava\u015f\u00e7\u0131 grubunu derebeyleri olarak tan\u0131mas\u0131yla ba\u015flar.   Bu kitapta bir dizi Rus devletinde ya\u015fam\u0131\u015f olan halklar\u0131n sert \u00e7evresel ko\u015fullarda zorluklara g\u00f6\u011f\u00fcs gererek hayatta kalma \u00e7abalar\u0131, toplumsal ve politik \u00f6rg\u00fctlenme s\u00fcre\u00e7leri, topraklar\u0131n\u0131 geni\u015fletip savunma giri\u015fimleri, i\u015fgal ve siyasi \u00e7\u00f6k\u00fc\u015f d\u00f6nemlerinden sonra g\u00fc\u00e7lerini geri kazan\u0131p yeniden yap\u0131lanma \u00e7abalar\u0131 aktar\u0131lmaktad\u0131r. <\/p>\n","protected":false},"excerpt":{"rendered":"<p>Rusya tarihi, Sovyetler Birli\u011fi ve Rusya Federasyonu\u2019nun kurulmas\u0131ndan en az bin y\u0131l \u00f6nce, \u2013tar\u0131mla u\u011fra\u015fan, yerle\u015fik bir topluluk olan\u2013 Slav kabileleri ile Fin ve Balt\u0131k kom\u015fular\u0131n\u0131n<span class=\"excerpt-hellip\"> [\u2026]<\/span><\/p>\n","protected":false},"featured_media":0,"template":"","meta":{"_monsterinsights_skip_tracking":false,"_monsterinsights_sitenote_active":false,"_monsterinsights_sitenote_note":"","_monsterinsights_sitenote_category":0},"product_brand":[],"product_cat":[12305,12304],"product_tag":[],"class_list":{"0":"post-723025","1":"product","2":"type-product","3":"status-publish","5":"product_cat-dunya-tarihi","6":"product_cat-tarih","7":"pa_cilt-ciltsiz","8":"pa_tur-kitap","9":"pa_yayinevi-inkilap-kitabevi","10":"pa_yazar-barbara-a-engel-janet-martin","12":"first","13":"instock","14":"sale","15":"shipping-taxable","16":"purchasable","17":"product-type-simple"},"_links":{"self":[{"href":"https:\/\/roveyayinevi.com.tr\/index.php\/wp-json\/wp\/v2\/product\/723025","targetHints":{"allow":["GET"]}}],"collection":[{"href":"https:\/\/roveyayinevi.com.tr\/index.php\/wp-json\/wp\/v2\/product"}],"about":[{"href":"https:\/\/roveyayinevi.com.tr\/index.php\/wp-json\/wp\/v2\/types\/product"}],"wp:attachment":[{"href":"https:\/\/roveyayinevi.com.tr\/index.php\/wp-json\/wp\/v2\/media?parent=723025"}],"wp:term":[{"taxonomy":"product_brand","embeddable":true,"href":"https:\/\/roveyayinevi.com.tr\/index.php\/wp-json\/wp\/v2\/product_brand?post=723025"},{"taxonomy":"product_cat","embeddable":true,"href":"https:\/\/roveyayinevi.com.tr\/index.php\/wp-json\/wp\/v2\/product_cat?post=723025"},{"taxonomy":"product_tag","embeddable":true,"href":"https:\/\/roveyayinevi.com.tr\/index.php\/wp-json\/wp\/v2\/product_tag?post=723025"}],"curies":[{"name":"wp","href":"https:\/\/api.w.org\/{rel}","templated":true}]}}