{"id":723022,"date":"2025-08-27T19:12:14","date_gmt":"2025-08-27T16:12:14","guid":{"rendered":"https:\/\/roveyayinevi.com.tr\/index.php\/urun\/amcam-bir-robot\/"},"modified":"2026-04-16T02:30:59","modified_gmt":"2026-04-15T23:30:59","slug":"amcam-bir-robot","status":"publish","type":"product","link":"https:\/\/roveyayinevi.com.tr\/index.php\/urun\/amcam-bir-robot\/","title":{"rendered":"Amcam Bir Robot"},"content":{"rendered":"<p>Robotlar\u0131n g\u00fcn\u00fcm\u00fcz \u00e7ocuklar\u0131yla imtihan\u0131&#8230;Amcam Bir Robot, &#8221;K\u00fc\u00e7\u00fck Y\u0131ld\u0131zlar &#8211; \u0130lk Okuma Kitapl\u0131\u011f\u0131&#8221; serisindeki yerini al\u0131yor.&#8221;Okuma Seviyesi 3&#8221; olarak s\u0131n\u0131fland\u0131r\u0131lan bu heyecan verici \u00f6yk\u00fc, 7 ya\u015f ve \u00fczerindeki \u00f6\u011frencileri, bilimin \u0131\u015f\u0131\u011f\u0131nda, hem e\u011flenceli hem de \u00f6\u011fretici bir okuma ser\u00fcvenine davet ediyor.Bilgi \u00e7a\u011f\u0131ndaki \u00e7ocuklar\u0131n, mekanikle\u015fmeye y\u00fcz tutan g\u00fcnl\u00fck hayatlar\u0131ndan renkli bir kesit sunan Amcam Bir Robot, evle okul aras\u0131nda g\u00fcnlerini ge\u00e7iren k\u00e2\u015fif ruhlu iki arkada\u015f\u0131n, bilimi ve teknolojiyi nas\u0131l kendi hedeflerine g\u00f6re \u015fekillendirebileceklerini sevimli bir hik\u00e2ye arac\u0131l\u0131\u011f\u0131yla anlat\u0131yor.Ak\u0131ldan hesap vakti! Cem!234 art\u0131 126 ka\u00e7 eder? 20 saniyen var! D\u00dcD\u00dc\u00dcT!Cem&#8217;in matematikle ba\u015f\u0131 &#8221;az\u0131c\u0131k&#8221; dertte! Tamam tamam, fena h\u00e2lde dertte! Hatta s\u0131n\u0131fta kalabilecek kadar! Hele ki, sorular\u0131 soran ki\u015fi eski bedenci Deh\u015fet Demir ise ve yan\u0131t\u0131 da saniyeler i\u00e7inde bekliyorsa\u2026 Ak\u0131ldan hesap yapmak zor, bunu saniyelerle yar\u0131\u015f\u0131rken yapmak daha da zor! Cem robot de\u011fil ya! Ger\u00e7i, evde ve okulda neyi ne zaman yapmas\u0131 gerekti\u011fine dair s\u00fcrekli &#8221;komutvari&#8221; y\u00f6nergeler ald\u0131\u011f\u0131 i\u00e7in biraz robotla\u015fm\u0131\u015f gibi hissetse de, o yine de kendi bildi\u011fini okumaya kararl\u0131. Off, ke\u015fke hakiki bir robot olsa da hayat\u0131n\u0131 kolayla\u015ft\u0131rsa! Durun bir dakika! Arkada\u015f\u0131 Mert&#8217;in bu konuda d\u00e2hiyane bir bulu\u015fu var. Ve i\u015fte huzurlar\u0131n\u0131zda, her \u015feyi \u015f\u0131p diye bilen, matematik yetene\u011fi ile Deh\u015fet Demir&#8217;i bile birka\u00e7 i\u015flemde yenebilen, insan k\u0131l\u0131\u011f\u0131nda bir android: Bay Robi!..Yeti\u015fkinlerin \u00e7ocuklar\u0131n omzuna y\u00fckledi\u011fi &#8221;a\u011f\u0131r&#8221; sorumluluklar\u0131 tatl\u0131 tatl\u0131 ele\u015ftiren kitap; ba\u015far\u0131ya giden yolun \u00f6nce inanmaktan ge\u00e7ti\u011fini hat\u0131rlat\u0131yor, k\u00fc\u00e7\u00fckleri kendilerini daha yak\u0131ndan tan\u0131maya ve potansiyellerinin fark\u0131na varmaya \u00e7a\u011f\u0131r\u0131yor.Amcam Bir Robot, son b\u00f6l\u00fcm\u00fcnde yer verdi\u011fi s\u00f6zl\u00fck ve soru sayfalar\u0131yla, okurlar\u0131n\u0131n kelime da\u011farc\u0131\u011f\u0131n\u0131 zenginle\u015ftiriyor, okuduklar\u0131n\u0131 daha iyi anlamalar\u0131na ve peki\u015ftirmelerine olanak sa\u011fl\u0131yor.<\/p>\n","protected":false},"excerpt":{"rendered":"<p>Robotlar\u0131n g\u00fcn\u00fcm\u00fcz \u00e7ocuklar\u0131yla imtihan\u0131&#8230;Amcam Bir Robot, &#8221;K\u00fc\u00e7\u00fck Y\u0131ld\u0131zlar &#8211; \u0130lk Okuma Kitapl\u0131\u011f\u0131&#8221; serisindeki yerini al\u0131yor.&#8221;Okuma Seviyesi 3&#8221; olarak s\u0131n\u0131fland\u0131r\u0131lan bu heyecan verici \u00f6yk\u00fc, 7 ya\u015f ve<span class=\"excerpt-hellip\"> [\u2026]<\/span><\/p>\n","protected":false},"featured_media":0,"template":"","meta":{"_monsterinsights_skip_tracking":false,"_monsterinsights_sitenote_active":false,"_monsterinsights_sitenote_note":"","_monsterinsights_sitenote_category":0},"product_brand":[],"product_cat":[12274,12284],"product_tag":[],"class_list":{"0":"post-723022","1":"product","2":"type-product","3":"status-publish","5":"product_cat-cocuk-ve-genclik-kitaplari","6":"product_cat-hikayeler","7":"pa_cilt-ciltsiz","8":"pa_tur-kitap","9":"pa_yayinevi-tudem-yayinlari","10":"pa_yazar-michael-petrowitz","12":"first","13":"instock","14":"sale","15":"shipping-taxable","16":"purchasable","17":"product-type-simple"},"_links":{"self":[{"href":"https:\/\/roveyayinevi.com.tr\/index.php\/wp-json\/wp\/v2\/product\/723022","targetHints":{"allow":["GET"]}}],"collection":[{"href":"https:\/\/roveyayinevi.com.tr\/index.php\/wp-json\/wp\/v2\/product"}],"about":[{"href":"https:\/\/roveyayinevi.com.tr\/index.php\/wp-json\/wp\/v2\/types\/product"}],"wp:attachment":[{"href":"https:\/\/roveyayinevi.com.tr\/index.php\/wp-json\/wp\/v2\/media?parent=723022"}],"wp:term":[{"taxonomy":"product_brand","embeddable":true,"href":"https:\/\/roveyayinevi.com.tr\/index.php\/wp-json\/wp\/v2\/product_brand?post=723022"},{"taxonomy":"product_cat","embeddable":true,"href":"https:\/\/roveyayinevi.com.tr\/index.php\/wp-json\/wp\/v2\/product_cat?post=723022"},{"taxonomy":"product_tag","embeddable":true,"href":"https:\/\/roveyayinevi.com.tr\/index.php\/wp-json\/wp\/v2\/product_tag?post=723022"}],"curies":[{"name":"wp","href":"https:\/\/api.w.org\/{rel}","templated":true}]}}