{"id":723021,"date":"2025-08-27T19:12:14","date_gmt":"2025-08-27T16:12:14","guid":{"rendered":"https:\/\/roveyayinevi.com.tr\/index.php\/urun\/bagimsizlik-sonrasi-kazakistanin-uluslararasi-terorizmle-mucadeledeki-tutumu-hukuki-bir-bakis\/"},"modified":"2026-04-16T02:30:59","modified_gmt":"2026-04-15T23:30:59","slug":"bagimsizlik-sonrasi-kazakistanin-uluslararasi-terorizmle-mucadeledeki-tutumu-hukuki-bir-bakis","status":"publish","type":"product","link":"https:\/\/roveyayinevi.com.tr\/index.php\/urun\/bagimsizlik-sonrasi-kazakistanin-uluslararasi-terorizmle-mucadeledeki-tutumu-hukuki-bir-bakis\/","title":{"rendered":"Ba\u011f\u0131ms\u0131zl\u0131k Sonras\u0131 Kazakistan\u2019\u0131n Uluslararas\u0131 Ter\u00f6rizmle M\u00fccadeledeki Tutumu &#8211; Hukuki Bir Bak\u0131\u015f"},"content":{"rendered":"<p>Ter\u00f6rizm, gittik\u00e7e \u00fcrk\u00fct\u00fcc\u00fc boyutlar kazanan, zaman\u0131m\u0131z\u0131n en tehlikeli ve karma\u015f\u0131k olgular\u0131ndan biri olarak ortaya \u00e7\u0131km\u0131\u015ft\u0131r. D\u00fcnyada ter\u00f6r eylemlerinin say\u0131s\u0131n\u0131n artmas\u0131, yaln\u0131zca ter\u00f6rizmle ve onun sonu\u00e7lar\u0131yla m\u00fccadele etmekle kalmay\u0131p, ayn\u0131 zamanda bu eylemlerin i\u015flenmesini \u00f6nlemeyi de m\u00fcmk\u00fcn k\u0131lacak bir hukuki temelin olu\u015fturulmas\u0131n\u0131 gerektirmektedir. Bu \u00e7er\u00e7evede, sorunu yak\u0131ndan ara\u015ft\u0131rmak i\u00e7in uluslararas\u0131 ter\u00f6rizmle m\u00fccadeleye y\u00f6nelik kabul edilmi\u015f uluslararas\u0131 d\u00fczenlemelerin ve Kazakistan\u2019\u0131n mevcut mevzuat\u0131n\u0131n geli\u015fimini bu \u00e7al\u0131\u015fma kapsam\u0131nda incelemeye \u00e7al\u0131\u015ft\u0131k. Bunun yan\u0131 s\u0131ra, \u00e7al\u0131\u015fmam\u0131z boyunca ortaya \u00e7\u0131kan hukuki zemin \u00e7er\u00e7evesinde, Kazakistan\u2019\u0131n ter\u00f6rizmle m\u00fccadeledeki tutumunu da ele ald\u0131k.<\/p>\n","protected":false},"excerpt":{"rendered":"<p>Ter\u00f6rizm, gittik\u00e7e \u00fcrk\u00fct\u00fcc\u00fc boyutlar kazanan, zaman\u0131m\u0131z\u0131n en tehlikeli ve karma\u015f\u0131k olgular\u0131ndan biri olarak ortaya \u00e7\u0131km\u0131\u015ft\u0131r. D\u00fcnyada ter\u00f6r eylemlerinin say\u0131s\u0131n\u0131n artmas\u0131, yaln\u0131zca ter\u00f6rizmle ve onun sonu\u00e7lar\u0131yla m\u00fccadele<span class=\"excerpt-hellip\"> [\u2026]<\/span><\/p>\n","protected":false},"featured_media":0,"template":"","meta":{"_monsterinsights_skip_tracking":false,"_monsterinsights_sitenote_active":false,"_monsterinsights_sitenote_note":"","_monsterinsights_sitenote_category":0},"product_brand":[],"product_cat":[15350,17602],"product_tag":[],"class_list":{"0":"post-723021","1":"product","2":"type-product","3":"status-publish","5":"product_cat-hukuk","6":"product_cat-hukuk-uzerine","7":"pa_cilt-ciltsiz","8":"pa_tur-kitap","9":"pa_yayinevi-astana-yayinlari","10":"pa_yazar-dana-kaskabayeva","12":"first","13":"instock","14":"sale","15":"shipping-taxable","16":"purchasable","17":"product-type-simple"},"_links":{"self":[{"href":"https:\/\/roveyayinevi.com.tr\/index.php\/wp-json\/wp\/v2\/product\/723021","targetHints":{"allow":["GET"]}}],"collection":[{"href":"https:\/\/roveyayinevi.com.tr\/index.php\/wp-json\/wp\/v2\/product"}],"about":[{"href":"https:\/\/roveyayinevi.com.tr\/index.php\/wp-json\/wp\/v2\/types\/product"}],"wp:attachment":[{"href":"https:\/\/roveyayinevi.com.tr\/index.php\/wp-json\/wp\/v2\/media?parent=723021"}],"wp:term":[{"taxonomy":"product_brand","embeddable":true,"href":"https:\/\/roveyayinevi.com.tr\/index.php\/wp-json\/wp\/v2\/product_brand?post=723021"},{"taxonomy":"product_cat","embeddable":true,"href":"https:\/\/roveyayinevi.com.tr\/index.php\/wp-json\/wp\/v2\/product_cat?post=723021"},{"taxonomy":"product_tag","embeddable":true,"href":"https:\/\/roveyayinevi.com.tr\/index.php\/wp-json\/wp\/v2\/product_tag?post=723021"}],"curies":[{"name":"wp","href":"https:\/\/api.w.org\/{rel}","templated":true}]}}