{"id":723020,"date":"2025-08-27T19:12:13","date_gmt":"2025-08-27T16:12:13","guid":{"rendered":"https:\/\/roveyayinevi.com.tr\/index.php\/urun\/orgutsel-davranis-2\/"},"modified":"2026-04-16T02:30:59","modified_gmt":"2026-04-15T23:30:59","slug":"orgutsel-davranis-2","status":"publish","type":"product","link":"https:\/\/roveyayinevi.com.tr\/index.php\/urun\/orgutsel-davranis-2\/","title":{"rendered":"\u00d6rg\u00fctsel Davran\u0131\u015f"},"content":{"rendered":"<p>Birinci B\u00f6l\u00fcm \u00d6rg\u00fctsel Ustal\u0131k \u0130kinci B\u00f6l\u00fcm \u00d6rg\u00fctsel \u00d6zde\u015fle\u015fme \u00dc\u00e7\u00fcnc\u00fc B\u00f6l\u00fcm \u00d6rg\u00fctlerde Karanl\u0131k Unsurlar: Narsisizm-Makyavelizm-Psikopati D\u00f6rd\u00fcnc\u00fc B\u00f6l\u00fcm \u00d6rg\u00fctlerde D\u00fcnyan\u0131n En Eski Medya Prati\u011fi : Dedikodu Ve S\u00f6ylenti Be\u015finci B\u00f6l\u00fcm AtaletAlt\u0131nc\u0131 B\u00f6l\u00fcm Sanal Kaytarma Yedinci B\u00f6l\u00fcm Presentee\u0131sm ( \u0130\u015fte Var Olamama Sorunu ) Sekizinci B\u00f6l\u00fcm Nepotizm Dokuzuncu B\u00f6l\u00fcm \u00d6rg\u00fctsel D\u0131\u015flanma Onuncu B\u00f6l\u00fcm Yabanc\u0131la\u015fma On Birinci B\u00f6l\u00fcm \u0130\u015f Stresi Ve T\u00fckenmi\u015flik<\/p>\n","protected":false},"excerpt":{"rendered":"<p>Birinci B\u00f6l\u00fcm \u00d6rg\u00fctsel Ustal\u0131k \u0130kinci B\u00f6l\u00fcm \u00d6rg\u00fctsel \u00d6zde\u015fle\u015fme \u00dc\u00e7\u00fcnc\u00fc B\u00f6l\u00fcm \u00d6rg\u00fctlerde Karanl\u0131k Unsurlar: Narsisizm-Makyavelizm-Psikopati D\u00f6rd\u00fcnc\u00fc B\u00f6l\u00fcm \u00d6rg\u00fctlerde D\u00fcnyan\u0131n En Eski Medya Prati\u011fi : Dedikodu Ve S\u00f6ylenti<span class=\"excerpt-hellip\"> [\u2026]<\/span><\/p>\n","protected":false},"featured_media":0,"template":"","meta":{"_monsterinsights_skip_tracking":false,"_monsterinsights_sitenote_active":false,"_monsterinsights_sitenote_note":"","_monsterinsights_sitenote_category":0},"product_brand":[],"product_cat":[13043,14381],"product_tag":[],"class_list":{"0":"post-723020","1":"product","2":"type-product","3":"status-publish","5":"product_cat-ekonomi","6":"product_cat-isletme-muhasebe-maliye","7":"pa_cilt-ciltsiz","8":"pa_tur-kitap","9":"pa_yayinevi-gazi-kitabevi","10":"pa_yazar-aykut-beduk-mehtap-ozturk","12":"first","13":"instock","14":"sale","15":"shipping-taxable","16":"purchasable","17":"product-type-simple"},"_links":{"self":[{"href":"https:\/\/roveyayinevi.com.tr\/index.php\/wp-json\/wp\/v2\/product\/723020","targetHints":{"allow":["GET"]}}],"collection":[{"href":"https:\/\/roveyayinevi.com.tr\/index.php\/wp-json\/wp\/v2\/product"}],"about":[{"href":"https:\/\/roveyayinevi.com.tr\/index.php\/wp-json\/wp\/v2\/types\/product"}],"wp:attachment":[{"href":"https:\/\/roveyayinevi.com.tr\/index.php\/wp-json\/wp\/v2\/media?parent=723020"}],"wp:term":[{"taxonomy":"product_brand","embeddable":true,"href":"https:\/\/roveyayinevi.com.tr\/index.php\/wp-json\/wp\/v2\/product_brand?post=723020"},{"taxonomy":"product_cat","embeddable":true,"href":"https:\/\/roveyayinevi.com.tr\/index.php\/wp-json\/wp\/v2\/product_cat?post=723020"},{"taxonomy":"product_tag","embeddable":true,"href":"https:\/\/roveyayinevi.com.tr\/index.php\/wp-json\/wp\/v2\/product_tag?post=723020"}],"curies":[{"name":"wp","href":"https:\/\/api.w.org\/{rel}","templated":true}]}}