{"id":723018,"date":"2025-08-27T19:12:12","date_gmt":"2025-08-27T16:12:12","guid":{"rendered":"https:\/\/roveyayinevi.com.tr\/index.php\/urun\/isim-sehir-artist\/"},"modified":"2025-11-07T05:52:23","modified_gmt":"2025-11-07T02:52:23","slug":"isim-sehir-artist","status":"publish","type":"product","link":"https:\/\/roveyayinevi.com.tr\/index.php\/urun\/isim-sehir-artist\/","title":{"rendered":"\u0130sim \u015eehir Artist"},"content":{"rendered":"<p>\u0130nsan\u0131n s\u0131n\u0131rlar\u0131 var. Mesela&#8230; Kula\u011f\u0131m\u0131z 20 ila 20 bin hertz aras\u0131ndaki sesleri duyabilir. 20\u2019den azsa, 20 binden \u00e7oksa, duyamay\u0131z. Halbuki, o s\u0131rada ses vard\u0131r. Alg\u0131layamay\u0131z.   G\u00f6z\u00fcm\u00fcz de \u00f6yle&#8230; Sadece 400 ila 700 nanometre aras\u0131ndaki \u0131\u015f\u0131\u011f\u0131 g\u00f6rebiliriz. S\u0131n\u0131rlar\u0131m\u0131z\u0131n d\u0131\u015f\u0131nda kalan, k\u0131z\u0131l\u00f6tesini, mor\u00f6tesini g\u00f6remeyiz. Uzaktan kumandan\u0131n d\u00fc\u011fmesine basar\u0131z, \u015fak diye televizyon a\u00e7\u0131l\u0131r, \u015fak diye kanal de\u011fi\u015fir, o s\u0131rada \u0131\u015f\u0131k gidiyor asl\u0131nda kumandadan televizyona, alg\u0131layamay\u0131z.   R\u00fc\u015fvet ve yolsuzluk skandal\u0131 da t\u0131pk\u0131 b\u00f6yle&#8230; 87 milyar dolarl\u0131k ihale, 100 milyar dolarl\u0131k soru\u015fturma, 40 milyar dolarl\u0131k karapara, 630 milyon dolarl\u0131k avanta gibi rakamlar, asgari \u00fccretle \u00e7al\u0131\u015fan vatanda\u015f\u0131n alg\u0131lama s\u0131n\u0131rlar\u0131n\u0131n d\u0131\u015f\u0131nda kal\u0131yor.   G\u00f6z\u00fcn\u00fcn \u00f6n\u00fcnde cereyan etsin, bang\u0131r bang\u0131r ba\u011f\u0131r, nafile. <\/p>\n","protected":false},"excerpt":{"rendered":"<p>\u0130nsan\u0131n s\u0131n\u0131rlar\u0131 var. Mesela&#8230; Kula\u011f\u0131m\u0131z 20 ila 20 bin hertz aras\u0131ndaki sesleri duyabilir. 20\u2019den azsa, 20 binden \u00e7oksa, duyamay\u0131z. Halbuki, o s\u0131rada ses vard\u0131r. Alg\u0131layamay\u0131z. G\u00f6z\u00fcm\u00fcz<span class=\"excerpt-hellip\"> [\u2026]<\/span><\/p>\n","protected":false},"featured_media":0,"template":"","meta":{"_monsterinsights_skip_tracking":false,"_monsterinsights_sitenote_active":false,"_monsterinsights_sitenote_note":"","_monsterinsights_sitenote_category":0},"product_brand":[],"product_cat":[13590,12337],"product_tag":[],"class_list":{"0":"post-723018","1":"product","2":"type-product","3":"status-publish","5":"product_cat-arastirma-inceleme-politika-siyaset","6":"product_cat-politika-siyaset","7":"pa_cilt-ciltsiz","8":"pa_tur-kitap","9":"pa_yayinevi-sia-kitap","10":"pa_yazar-yilmaz-ozdil","12":"first","13":"instock","14":"sale","15":"shipping-taxable","16":"purchasable","17":"product-type-simple"},"_links":{"self":[{"href":"https:\/\/roveyayinevi.com.tr\/index.php\/wp-json\/wp\/v2\/product\/723018","targetHints":{"allow":["GET"]}}],"collection":[{"href":"https:\/\/roveyayinevi.com.tr\/index.php\/wp-json\/wp\/v2\/product"}],"about":[{"href":"https:\/\/roveyayinevi.com.tr\/index.php\/wp-json\/wp\/v2\/types\/product"}],"wp:attachment":[{"href":"https:\/\/roveyayinevi.com.tr\/index.php\/wp-json\/wp\/v2\/media?parent=723018"}],"wp:term":[{"taxonomy":"product_brand","embeddable":true,"href":"https:\/\/roveyayinevi.com.tr\/index.php\/wp-json\/wp\/v2\/product_brand?post=723018"},{"taxonomy":"product_cat","embeddable":true,"href":"https:\/\/roveyayinevi.com.tr\/index.php\/wp-json\/wp\/v2\/product_cat?post=723018"},{"taxonomy":"product_tag","embeddable":true,"href":"https:\/\/roveyayinevi.com.tr\/index.php\/wp-json\/wp\/v2\/product_tag?post=723018"}],"curies":[{"name":"wp","href":"https:\/\/api.w.org\/{rel}","templated":true}]}}