{"id":723016,"date":"2025-08-27T19:12:10","date_gmt":"2025-08-27T16:12:10","guid":{"rendered":"https:\/\/roveyayinevi.com.tr\/index.php\/urun\/hayalsiz-insan\/"},"modified":"2026-04-16T02:30:58","modified_gmt":"2026-04-15T23:30:58","slug":"hayalsiz-insan","status":"publish","type":"product","link":"https:\/\/roveyayinevi.com.tr\/index.php\/urun\/hayalsiz-insan\/","title":{"rendered":"Hayalsiz \u0130nsan"},"content":{"rendered":"<p>\u201cAnla\u015f\u0131lan zaman\u0131 gelmi\u015f evlat.\u201d diyerek \u00e7ekmecesinden k\u00e2\u011f\u0131d\u0131 silgiyi ve kalemi \u00e7\u0131kard\u0131. \u0130lk \u00f6nce k\u00e2\u011f\u0131d\u0131 koyarak \u00fcst\u00fcne de silgiyi ve kalemi koydu. Berkan teredd\u00fct etmeden kalemi eline ald\u0131. \u201cEn son silgiyi se\u00e7mi\u015ftin \u015fimdi neden kalem?\u201d  \u201cBen ge\u00e7mi\u015fi silip de gelece\u011fime ihanet edemem. Nehir ve Caner bana hayat\u0131 \u00f6\u011fretenlerdir. E\u011fer silgiyi se\u00e7ersem onlara ihanet etmi\u015f olurum.  Kaderimi kendim yazaca\u011f\u0131m. Kendim oynayaca\u011f\u0131m bu hayat oyununu. Kimsenin hayat\u0131ma kar\u0131\u015fmas\u0131na izin vermeden devam edece\u011fim.\u201d   \u201cNehir, y\u0131llar \u00f6nce verdi\u011fin karar i\u00e7in sana te\u015fekk\u00fcr ederim. E\u011fer o zaman s\u00f6ylemi\u015f olsayd\u0131n olaylar \u00e7ok farkl\u0131 olurdu. \u015euan ise her \u015fey istedi\u011fim gibi.  \u0130kinci kitab\u0131m\u0131 da yay\u0131nlad\u0131m.  Fazla para kazanam\u0131yorum ama olsun. Karn\u0131m yar\u0131 a\u00e7 yar\u0131 tok. Bilirsin ben al\u0131\u015fk\u0131n\u0131m b\u00f6yle ya\u015famaya.Sonu\u00e7ta kal\u0131c\u0131 eserler b\u0131rakma \u00e7abas\u0131 i\u00e7indeyim. Nehir, sana olan sevgim hi\u00e7 azalmad\u0131. \u015eunu bilmelisin ki ben seni g\u00fcn ge\u00e7tik\u00e7e daha \u00e7ok seviyorum. Sana yeni kitab\u0131m\u0131n son sayfas\u0131n\u0131 okuyaca\u011f\u0131m. Sende s\u00f6z verdi\u011fin gibi sessiz sedas\u0131z ve soluk almadan dinleyeceksin.\u201d Kitaptan Al\u0131nt\u0131lar\u2026  \u201cBir hayale sahip olmak istiyorsan\u0131z bedelini mutlaka \u00f6demelisiniz.&#8221; -Emre Balta<\/p>\n","protected":false},"excerpt":{"rendered":"<p>\u201cAnla\u015f\u0131lan zaman\u0131 gelmi\u015f evlat.\u201d diyerek \u00e7ekmecesinden k\u00e2\u011f\u0131d\u0131 silgiyi ve kalemi \u00e7\u0131kard\u0131. \u0130lk \u00f6nce k\u00e2\u011f\u0131d\u0131 koyarak \u00fcst\u00fcne de silgiyi ve kalemi koydu. Berkan teredd\u00fct etmeden kalemi eline<span class=\"excerpt-hellip\"> [\u2026]<\/span><\/p>\n","protected":false},"featured_media":0,"template":"","meta":{"_monsterinsights_skip_tracking":false,"_monsterinsights_sitenote_active":false,"_monsterinsights_sitenote_note":"","_monsterinsights_sitenote_category":0},"product_brand":[],"product_cat":[12291,12711],"product_tag":[],"class_list":{"0":"post-723016","1":"product","2":"type-product","3":"status-publish","5":"product_cat-edebiyat","6":"product_cat-roman-oyku","7":"pa_cilt-ciltsiz","8":"pa_tur-kitap","9":"pa_yayinevi-servet-yayinevi","10":"pa_yazar-emre-balta","12":"first","13":"instock","14":"sale","15":"shipping-taxable","16":"purchasable","17":"product-type-simple"},"_links":{"self":[{"href":"https:\/\/roveyayinevi.com.tr\/index.php\/wp-json\/wp\/v2\/product\/723016","targetHints":{"allow":["GET"]}}],"collection":[{"href":"https:\/\/roveyayinevi.com.tr\/index.php\/wp-json\/wp\/v2\/product"}],"about":[{"href":"https:\/\/roveyayinevi.com.tr\/index.php\/wp-json\/wp\/v2\/types\/product"}],"wp:attachment":[{"href":"https:\/\/roveyayinevi.com.tr\/index.php\/wp-json\/wp\/v2\/media?parent=723016"}],"wp:term":[{"taxonomy":"product_brand","embeddable":true,"href":"https:\/\/roveyayinevi.com.tr\/index.php\/wp-json\/wp\/v2\/product_brand?post=723016"},{"taxonomy":"product_cat","embeddable":true,"href":"https:\/\/roveyayinevi.com.tr\/index.php\/wp-json\/wp\/v2\/product_cat?post=723016"},{"taxonomy":"product_tag","embeddable":true,"href":"https:\/\/roveyayinevi.com.tr\/index.php\/wp-json\/wp\/v2\/product_tag?post=723016"}],"curies":[{"name":"wp","href":"https:\/\/api.w.org\/{rel}","templated":true}]}}