{"id":723013,"date":"2025-08-27T19:12:08","date_gmt":"2025-08-27T16:12:08","guid":{"rendered":"https:\/\/roveyayinevi.com.tr\/index.php\/urun\/strata-iliskisel-sosyal-bilimler-dergisi-sayi-3-ocak-2020\/"},"modified":"2026-04-16T02:30:58","modified_gmt":"2026-04-15T23:30:58","slug":"strata-iliskisel-sosyal-bilimler-dergisi-sayi-3-ocak-2020","status":"publish","type":"product","link":"https:\/\/roveyayinevi.com.tr\/index.php\/urun\/strata-iliskisel-sosyal-bilimler-dergisi-sayi-3-ocak-2020\/","title":{"rendered":"Strata: \u0130li\u015fkisel Sosyal Bilimler Dergisi Say\u0131: 3 Ocak 2020"},"content":{"rendered":"<p>Kent, bir yan\u0131yla ufunet, di\u011fer yan\u0131yla bir hayalet mek\u00e2n\u0131n\u0131 te\u015fkil etmekte. Kentteki ufunet, bug\u00fcn art\u0131k B\u00fcy\u00fck Resesyon ad\u0131n\u0131 verdi\u011fimiz toplumsal s\u00fcre\u00e7lerin etkisiyle 2008\u2019de b\u00fct\u00fcn aceleci \u00e7\u0131plakl\u0131\u011f\u0131yla d\u00fcnya \u00e7ap\u0131nda sermaye birikimi s\u00fcre\u00e7lerinde kendini g\u00f6sterdi. Ancak, \u015fehir, sosyal bilimlerin bast\u0131r\u0131lm\u0131\u015f bilincinin do\u011fdu\u011fu yer olmaktan da vazge\u00e7medi. Kentin ve \u015fehircili\u011fin kendisinden kaynaklanmayan, kentsel mek\u00e2n\u0131 \u00fcreten ekonomi-politik s\u00fcre\u00e7lerin sonucu olan ufunet, \u00e7\u00fcr\u00fcmenin kokusu, sosyal bilimcileri yeni kap\u0131lar a\u00e7ma aray\u0131\u015f\u0131na itti. Zaman-mek\u00e2nsal s\u0131k\u0131\u015fma \u00e7a\u011f\u0131n\u0131n yayg\u0131n k\u00fclt\u00fcrel, siyasi ve toplumsal etkileri, K\u00fcresel Kuzey\u2019in son birikim krizinden itibaren hem K\u00fcresel Kuzey hem de K\u00fcresel G\u00fcney i\u00e7inde ciddi k\u0131r\u0131lmalara sebep oldu. T\u00fcrkiye\u2019nin, \u00fclkenin b\u00fcy\u00fck\u015fehirlerinde y\u0131\u011f\u0131lm\u0131\u015f konut stoku, topra\u011fa g\u00f6m\u00fclen art\u0131-de\u011ferin yeniden ye\u015ferece\u011fine duyulan g\u00fcven, kent hayat\u0131n\u0131n h\u0131zla AVM\u2019ler ve \u00f6zelle\u015ftirilmi\u015f mek\u00e2nlarca zapt edilmesi, t\u00fcketimin ve rant aray\u0131\u015f\u0131n\u0131n \u015fehri prangalara vurmas\u0131 gibi olgular \u0131\u015f\u0131\u011f\u0131nda tan\u0131maya ba\u015flad\u0131\u011f\u0131 bu \u00e7\u00fcr\u00fcme ve kriz d\u00f6ng\u00fcs\u00fc, yeni ve farkl\u0131 s\u0131n\u0131fsal kimliklerde kendini g\u00f6stermekte. \u00dclkemizde, son yirmi y\u0131lda gitgide zenginle\u015fen kentle\u015fme ve \u015fehircilik l\u00fcgatine m\u00fctevaz\u0131 bir katk\u0131 sunmay\u0131 hedefleyen Strata\u2019n\u0131n elinizde tuttu\u011funuz \u00fc\u00e7\u00fcnc\u00fc say\u0131s\u0131, kentteki ufunetin toplumsal olgulara y\u00f6n verme bi\u00e7imlerine Henri Lefebvre\u2019in kuramsal katk\u0131lar\u0131 ekseninde bir yakla\u015f\u0131m getirme kayg\u0131s\u0131yla okuyucusuyla bulu\u015fuyor.<\/p>\n","protected":false},"excerpt":{"rendered":"<p>Kent, bir yan\u0131yla ufunet, di\u011fer yan\u0131yla bir hayalet mek\u00e2n\u0131n\u0131 te\u015fkil etmekte. Kentteki ufunet, bug\u00fcn art\u0131k B\u00fcy\u00fck Resesyon ad\u0131n\u0131 verdi\u011fimiz toplumsal s\u00fcre\u00e7lerin etkisiyle 2008\u2019de b\u00fct\u00fcn aceleci \u00e7\u0131plakl\u0131\u011f\u0131yla<span class=\"excerpt-hellip\"> [\u2026]<\/span><\/p>\n","protected":false},"featured_media":0,"template":"","meta":{"_monsterinsights_skip_tracking":false,"_monsterinsights_sitenote_active":false,"_monsterinsights_sitenote_note":"","_monsterinsights_sitenote_category":0},"product_brand":[],"product_cat":[13527],"product_tag":[],"class_list":{"0":"post-723013","1":"product","2":"type-product","3":"status-publish","5":"product_cat-sureli-yayinlar","6":"pa_cilt-ciltsiz","7":"pa_tur-dergi","8":"pa_yayinevi-phoenix-yayinevi","9":"pa_yazar-kolektif","11":"first","12":"instock","13":"sale","14":"shipping-taxable","15":"purchasable","16":"product-type-simple"},"_links":{"self":[{"href":"https:\/\/roveyayinevi.com.tr\/index.php\/wp-json\/wp\/v2\/product\/723013","targetHints":{"allow":["GET"]}}],"collection":[{"href":"https:\/\/roveyayinevi.com.tr\/index.php\/wp-json\/wp\/v2\/product"}],"about":[{"href":"https:\/\/roveyayinevi.com.tr\/index.php\/wp-json\/wp\/v2\/types\/product"}],"wp:attachment":[{"href":"https:\/\/roveyayinevi.com.tr\/index.php\/wp-json\/wp\/v2\/media?parent=723013"}],"wp:term":[{"taxonomy":"product_brand","embeddable":true,"href":"https:\/\/roveyayinevi.com.tr\/index.php\/wp-json\/wp\/v2\/product_brand?post=723013"},{"taxonomy":"product_cat","embeddable":true,"href":"https:\/\/roveyayinevi.com.tr\/index.php\/wp-json\/wp\/v2\/product_cat?post=723013"},{"taxonomy":"product_tag","embeddable":true,"href":"https:\/\/roveyayinevi.com.tr\/index.php\/wp-json\/wp\/v2\/product_tag?post=723013"}],"curies":[{"name":"wp","href":"https:\/\/api.w.org\/{rel}","templated":true}]}}