{"id":723012,"date":"2025-08-27T19:12:07","date_gmt":"2025-08-27T16:12:07","guid":{"rendered":"https:\/\/roveyayinevi.com.tr\/index.php\/urun\/auschwitz-kutuphanecisi\/"},"modified":"2026-04-16T02:30:58","modified_gmt":"2026-04-15T23:30:58","slug":"auschwitz-kutuphanecisi","status":"publish","type":"product","link":"https:\/\/roveyayinevi.com.tr\/index.php\/urun\/auschwitz-kutuphanecisi\/","title":{"rendered":"Auschwitz K\u00fct\u00fcphanecisi"},"content":{"rendered":"<p>Auschwitz Tutsa\u011f\u0131 Dita Kraus\u2019un Ger\u00e7ek Ya\u015fam \u00d6yk\u00fcs\u00fcne Dayanan, D\u00fcnyadaki En K\u00fc\u00e7\u00fck ve en tehlikeli k\u00fct\u00fcphanenin hik\u00e2yesi.14 ya\u015f\u0131ndaki Dita, Auschwitz\u2019de Naziler taraf\u0131ndan esir al\u0131nan pek \u00e7ok tutsaktan biridir. Anne babas\u0131yla birlikte Prag\u2019daki Terezin gettosundan al\u0131nan Dita, kampta rutin hayat\u0131n bir par\u00e7as\u0131 haline gelen deh\u015fet ve korkuya uyum sa\u011flamaktad\u0131r. \u00c7ocuklar ve ailelerin bir arada kalmas\u0131na izin verilen 31. blokta mahk\u00fbmlar gizli bir okul kurmu\u015ftur fakat kitaplar\u0131n kesinlikle yasak oldu\u011fu kampta, att\u0131klar\u0131 her ad\u0131ma dikkat etmeleri gerekir. Alman as\u0131ll\u0131 bir Yahudi olan blok sorumlusu Fredy Hirsch, bir g\u00fcn Dita\u2019ya mahk\u00fbmlar\u0131n muhaf\u0131zlardan gizleyerek i\u00e7eri soktuklar\u0131 k\u0131ymetli sekiz kitaptan bahseder ve ondan bu kitaplarla ilgilenmesini, onlar\u0131 korumas\u0131n\u0131 ister. Daima sayfalar\u0131n ve i\u00e7inde bar\u0131nd\u0131rd\u0131klar\u0131 farkl\u0131 hayatlar\u0131n b\u00fcy\u00fcs\u00fcne kap\u0131lm\u0131\u015f olan Dita bu teklifi hi\u00e7 d\u00fc\u015f\u00fcnmeden kabul eder ve Auschwitz\u2019in k\u00fct\u00fcphanecisi olur. \u015eiddete, k\u00f6t\u00fcl\u00fc\u011fe ve en \u00f6nemlisi korkuya boyun e\u011fmeyen, korkun\u00e7 sava\u015f ortam\u0131nda tek silah\u0131 kitaplar olan insanlar\u0131n cesaretine, g\u00fcc\u00fcne ve hi\u00e7 kaybetmedikleri umuda dair bir direni\u015f \u00f6yk\u00fcs\u00fc.  \u201cAkl\u0131n\u0131zdan \u00e7\u0131karamayaca\u011f\u0131n\u0131z, y\u00fcrek par\u00e7alayan bir roman.\u201d &#8211; Publishers Weekly \u201c\u00d6l\u00fcm kamplar\u0131nda ya\u015fanan ak\u0131l almaz vah\u015feti ink\u00e2r etmek m\u00fcmk\u00fcn de\u011fil ama yine de umut dolu bir \u00f6yk\u00fc.\u201d &#8211; Kirkus Reviews  \u201cElie Wiesel\u2019\u0131n Gece roman\u0131 ve Anne Frank\u2019\u0131n Hat\u0131ra Defteri\u2019yle birlikte \u00f6nerilecek bir roman ve bir kere okundu mu asla unutulmayacak sat\u0131rlar. Yahudi Soyk\u0131r\u0131m\u0131\u2019n\u0131n \u00f6zg\u00fcn, \u00e7arp\u0131c\u0131 bir \u015fekilde yeniden aktar\u0131m\u0131; gen\u00e7 yeti\u015fkin kitaplar\u0131 koleksiyonu aras\u0131nda mutlaka yer almal\u0131.\u201d &#8211; School Library Journal \u201cT\u0131pk\u0131 Markus Zusak\u2019\u0131n Kitap H\u0131rs\u0131z\u0131\u2019nda oldu\u011fu gibi, iyi d\u00fc\u015f\u00fcn\u00fclm\u00fc\u015f temas\u0131yla, duygusal a\u00e7\u0131dan i\u00e7inizi ac\u0131tacak bir okuma deneyimi sunan, \u00e7ok y\u00f6nl\u00fc bir roman. Yahudi Soyk\u0131r\u0131m\u0131 d\u00f6neminde ya\u015fananlara \u0131\u015f\u0131k tutacak g\u00fc\u00e7l\u00fc kan\u0131tlardan biri.\u201d &#8211; Booklist \u201cAuschwitz K\u00fct\u00fcphanecisi, h\u00fcz\u00fcnlendiren, ilham verici bir sanat eseri.\u201d &#8211; Shelf Awareness \u201cIturbe\u2019nin muhte\u015fem anlat\u0131m\u0131, okurun, Auschwitz\u2019de g\u00fcnl\u00fck ya\u015fam\u0131 olu\u015fturan \u015feylerle ilgilenirken bir yandan da k\u00fct\u00fcphanenin kitaplar\u0131n\u0131 da\u011f\u0131t\u0131p saklayarak her \u015feyi riske atan Dita\u2019n\u0131n \u00f6yk\u00fcs\u00fcne dal\u0131p gitmesini sa\u011fl\u0131yor.\u201d &#8211; The Horn Book <\/p>\n","protected":false},"excerpt":{"rendered":"<p>Auschwitz Tutsa\u011f\u0131 Dita Kraus\u2019un Ger\u00e7ek Ya\u015fam \u00d6yk\u00fcs\u00fcne Dayanan, D\u00fcnyadaki En K\u00fc\u00e7\u00fck ve en tehlikeli k\u00fct\u00fcphanenin hik\u00e2yesi.14 ya\u015f\u0131ndaki Dita, Auschwitz\u2019de Naziler taraf\u0131ndan esir al\u0131nan pek \u00e7ok tutsaktan<span class=\"excerpt-hellip\"> [\u2026]<\/span><\/p>\n","protected":false},"featured_media":0,"template":"","meta":{"_monsterinsights_skip_tracking":false,"_monsterinsights_sitenote_active":false,"_monsterinsights_sitenote_note":"","_monsterinsights_sitenote_category":0},"product_brand":[],"product_cat":[12291,12711],"product_tag":[],"class_list":{"0":"post-723012","1":"product","2":"type-product","3":"status-publish","5":"product_cat-edebiyat","6":"product_cat-roman-oyku","7":"pa_cilt-ciltsiz","8":"pa_tur-kitap","9":"pa_yayinevi-pegasus-yayinlari","10":"pa_yazar-antonio-gonzalez-iturbe","12":"first","13":"instock","14":"sale","15":"shipping-taxable","16":"purchasable","17":"product-type-simple"},"_links":{"self":[{"href":"https:\/\/roveyayinevi.com.tr\/index.php\/wp-json\/wp\/v2\/product\/723012","targetHints":{"allow":["GET"]}}],"collection":[{"href":"https:\/\/roveyayinevi.com.tr\/index.php\/wp-json\/wp\/v2\/product"}],"about":[{"href":"https:\/\/roveyayinevi.com.tr\/index.php\/wp-json\/wp\/v2\/types\/product"}],"wp:attachment":[{"href":"https:\/\/roveyayinevi.com.tr\/index.php\/wp-json\/wp\/v2\/media?parent=723012"}],"wp:term":[{"taxonomy":"product_brand","embeddable":true,"href":"https:\/\/roveyayinevi.com.tr\/index.php\/wp-json\/wp\/v2\/product_brand?post=723012"},{"taxonomy":"product_cat","embeddable":true,"href":"https:\/\/roveyayinevi.com.tr\/index.php\/wp-json\/wp\/v2\/product_cat?post=723012"},{"taxonomy":"product_tag","embeddable":true,"href":"https:\/\/roveyayinevi.com.tr\/index.php\/wp-json\/wp\/v2\/product_tag?post=723012"}],"curies":[{"name":"wp","href":"https:\/\/api.w.org\/{rel}","templated":true}]}}