{"id":723010,"date":"2025-08-27T19:12:06","date_gmt":"2025-08-27T16:12:06","guid":{"rendered":"https:\/\/roveyayinevi.com.tr\/index.php\/urun\/karsi-koyun-delisi\/"},"modified":"2026-04-16T02:30:58","modified_gmt":"2026-04-15T23:30:58","slug":"karsi-koyun-delisi","status":"publish","type":"product","link":"https:\/\/roveyayinevi.com.tr\/index.php\/urun\/karsi-koyun-delisi\/","title":{"rendered":"Kar\u015f\u0131 K\u00f6y\u00fcn Delisi"},"content":{"rendered":"<p>Naif bir y\u00fcrek ehlinin hayata dair hayattan dev\u015firdi\u011fi \u00f6yk\u00fclerle bezeli bir kitap. Her hik\u00e2yede hayat\u0131n bir k\u0131y\u0131s\u0131na yana\u015f\u0131l\u0131yor\u2026 Kar\u015f\u0131 K\u00f6y\u00fcn Delisi&#8217;nde Karanfil kokusu var, a\u015fk var, vefa var, \u00f6zlem var. Kendi \u00f6z k\u00fclt\u00fcr\u00fcm\u00fczden damakta kekre bir tat b\u0131rakan, lezzetli \u00f6yk\u00fcler var. Kar\u015f\u0131 K\u00f6y\u00fcn Delisi, Ayla Aydemir&#8217;in y\u00fcrekten \u00e7\u0131k\u0131p y\u00fcre\u011fe dokunan hik\u00e2yelerini sayfalar\u0131n\u0131n aras\u0131nda sakl\u0131yor.<\/p>\n","protected":false},"excerpt":{"rendered":"<p>Naif bir y\u00fcrek ehlinin hayata dair hayattan dev\u015firdi\u011fi \u00f6yk\u00fclerle bezeli bir kitap. Her hik\u00e2yede hayat\u0131n bir k\u0131y\u0131s\u0131na yana\u015f\u0131l\u0131yor\u2026 Kar\u015f\u0131 K\u00f6y\u00fcn Delisi&#8217;nde Karanfil kokusu var, a\u015fk var,<span class=\"excerpt-hellip\"> [\u2026]<\/span><\/p>\n","protected":false},"featured_media":0,"template":"","meta":{"_monsterinsights_skip_tracking":false,"_monsterinsights_sitenote_active":false,"_monsterinsights_sitenote_note":"","_monsterinsights_sitenote_category":0},"product_brand":[],"product_cat":[12291,12711],"product_tag":[],"class_list":{"0":"post-723010","1":"product","2":"type-product","3":"status-publish","5":"product_cat-edebiyat","6":"product_cat-roman-oyku","7":"pa_cilt-ciltsiz","8":"pa_tur-kitap","9":"pa_yayinevi-nesil-yayinlari","10":"pa_yazar-ayla-aydemir","12":"first","13":"instock","14":"sale","15":"shipping-taxable","16":"purchasable","17":"product-type-simple"},"_links":{"self":[{"href":"https:\/\/roveyayinevi.com.tr\/index.php\/wp-json\/wp\/v2\/product\/723010","targetHints":{"allow":["GET"]}}],"collection":[{"href":"https:\/\/roveyayinevi.com.tr\/index.php\/wp-json\/wp\/v2\/product"}],"about":[{"href":"https:\/\/roveyayinevi.com.tr\/index.php\/wp-json\/wp\/v2\/types\/product"}],"wp:attachment":[{"href":"https:\/\/roveyayinevi.com.tr\/index.php\/wp-json\/wp\/v2\/media?parent=723010"}],"wp:term":[{"taxonomy":"product_brand","embeddable":true,"href":"https:\/\/roveyayinevi.com.tr\/index.php\/wp-json\/wp\/v2\/product_brand?post=723010"},{"taxonomy":"product_cat","embeddable":true,"href":"https:\/\/roveyayinevi.com.tr\/index.php\/wp-json\/wp\/v2\/product_cat?post=723010"},{"taxonomy":"product_tag","embeddable":true,"href":"https:\/\/roveyayinevi.com.tr\/index.php\/wp-json\/wp\/v2\/product_tag?post=723010"}],"curies":[{"name":"wp","href":"https:\/\/api.w.org\/{rel}","templated":true}]}}