{"id":723008,"date":"2025-08-27T19:12:04","date_gmt":"2025-08-27T16:12:04","guid":{"rendered":"https:\/\/roveyayinevi.com.tr\/index.php\/urun\/psikozun-huzursuz-oglu\/"},"modified":"2026-04-16T02:30:58","modified_gmt":"2026-04-15T23:30:58","slug":"psikozun-huzursuz-oglu","status":"publish","type":"product","link":"https:\/\/roveyayinevi.com.tr\/index.php\/urun\/psikozun-huzursuz-oglu\/","title":{"rendered":"Psikozun Huzursuz O\u011flu"},"content":{"rendered":"<p>Al\u0131p ba\u015f\u0131m\u0131 gidiyorum benden, Arkama bakmadan, bir \u015fey demeden\u2026 Kendime kinli, i\u00e7imi terk ederek Gidiyorum s\u00f6ve s\u00f6ve bu yerlerden. Uzak bir adresin \u00e7\u0131kmaz soka\u011f\u0131na \u0130nsan ge\u00e7mez, postac\u0131 girmez taraf\u0131na Kap\u0131s\u0131 \u00e7al\u0131nmayan boyas\u0131z evin Gidiyorum, e\u015fya girmez en k\u00fc\u00e7\u00fck odas\u0131na\u2026 <\/p>\n","protected":false},"excerpt":{"rendered":"<p>Al\u0131p ba\u015f\u0131m\u0131 gidiyorum benden, Arkama bakmadan, bir \u015fey demeden\u2026 Kendime kinli, i\u00e7imi terk ederek Gidiyorum s\u00f6ve s\u00f6ve bu yerlerden. Uzak bir adresin \u00e7\u0131kmaz soka\u011f\u0131na \u0130nsan ge\u00e7mez,<span class=\"excerpt-hellip\"> [\u2026]<\/span><\/p>\n","protected":false},"featured_media":0,"template":"","meta":{"_monsterinsights_skip_tracking":false,"_monsterinsights_sitenote_active":false,"_monsterinsights_sitenote_note":"","_monsterinsights_sitenote_category":0},"product_brand":[],"product_cat":[12291,12509],"product_tag":[],"class_list":{"0":"post-723008","1":"product","2":"type-product","3":"status-publish","5":"product_cat-edebiyat","6":"product_cat-siir","7":"pa_cilt-ciltsiz","8":"pa_tur-kitap","9":"pa_yayinevi-luna-yayinlari","10":"pa_yazar-behzat-degirmenci","12":"first","13":"instock","14":"sale","15":"shipping-taxable","16":"purchasable","17":"product-type-simple"},"_links":{"self":[{"href":"https:\/\/roveyayinevi.com.tr\/index.php\/wp-json\/wp\/v2\/product\/723008","targetHints":{"allow":["GET"]}}],"collection":[{"href":"https:\/\/roveyayinevi.com.tr\/index.php\/wp-json\/wp\/v2\/product"}],"about":[{"href":"https:\/\/roveyayinevi.com.tr\/index.php\/wp-json\/wp\/v2\/types\/product"}],"wp:attachment":[{"href":"https:\/\/roveyayinevi.com.tr\/index.php\/wp-json\/wp\/v2\/media?parent=723008"}],"wp:term":[{"taxonomy":"product_brand","embeddable":true,"href":"https:\/\/roveyayinevi.com.tr\/index.php\/wp-json\/wp\/v2\/product_brand?post=723008"},{"taxonomy":"product_cat","embeddable":true,"href":"https:\/\/roveyayinevi.com.tr\/index.php\/wp-json\/wp\/v2\/product_cat?post=723008"},{"taxonomy":"product_tag","embeddable":true,"href":"https:\/\/roveyayinevi.com.tr\/index.php\/wp-json\/wp\/v2\/product_tag?post=723008"}],"curies":[{"name":"wp","href":"https:\/\/api.w.org\/{rel}","templated":true}]}}