{"id":723007,"date":"2025-08-27T19:12:03","date_gmt":"2025-08-27T16:12:03","guid":{"rendered":"https:\/\/roveyayinevi.com.tr\/index.php\/urun\/eksik-dunya-balti\/"},"modified":"2026-04-16T02:30:58","modified_gmt":"2026-04-15T23:30:58","slug":"eksik-dunya-balti","status":"publish","type":"product","link":"https:\/\/roveyayinevi.com.tr\/index.php\/urun\/eksik-dunya-balti\/","title":{"rendered":"Eksik D\u00fcnya Balt\u0131"},"content":{"rendered":"<p>Ma\u011faran\u0131n i\u00e7inde h\u00fck\u00fcm s\u00fcren sessizlik f\u0131s\u0131lt\u0131lara, f\u0131s\u0131lt\u0131lar tahminlere, tahminler kehanetlere d\u00f6n\u00fc\u015ft\u00fc.Lata\u015fiba adl\u0131 roman\u0131yla \u00e7ok sevilen \u0130rem U\u015far, bu kez okurlar\u0131n\u0131 yeralt\u0131nda sakl\u0131 fantastik bir d\u00fcnyaya davet ediyor. Yer\u00fcst\u00fcndeki bitmeyen bir sava\u015f y\u00fcz\u00fcnden y\u00fczlerce y\u0131ld\u0131r yeralt\u0131na s\u0131\u011f\u0131nanlar\u0131n ya\u015fam m\u00fccadelesi, insan\u0131n do\u011fayla e\u015fsiz uyumunu y\u00fcceltiyor. Roman, ger\u00e7ekle bilin\u00e7alt\u0131 aras\u0131nda gidip gelen katmanl\u0131 kurgusuyla, insan zihninde \u015fiddete kar\u015f\u0131 koyabilen gizemli g\u00fc\u00e7leri \u015fiirsel bir dille canland\u0131r\u0131yor. Umut, \u00f6zg\u00fcrl\u00fck, cesaret, bellek ve ger\u00e7eklik gibi kavramlar\u0131 usta i\u015fi bir kurguyla harmanlayan yazar, zengin metaforlar\u0131 ve incelikli g\u00f6ndermeleriyle g\u00f6rkemli bir anlat\u0131 sunuyor\u2026BALTI halk\u0131, \u00fc\u00e7 y\u00fcz y\u0131ld\u0131r yeralt\u0131nda ya\u015fayarak, yer\u00fcst\u00fcnde Lider\u2019in \u00f6nderli\u011finde verilen sava\u015ftan korunuyordu. Ancak, Uroboros kutlamalar\u0131nda t\u00f6ren y\u0131lan\u0131 kendi kendini yutunca tuhaf olaylar ya\u015fanmaya ba\u015flad\u0131: Yeralt\u0131nda bilinmeyen dilde konu\u015fan bir aile bulundu; ampuller eriyip akt\u0131 ve Ya\u015fl\u0131 \u0130D gen\u00e7lere, i\u00e7lerinde gizli, eksik par\u00e7alar\u0131n\u0131 hat\u0131rlatt\u0131. Belki de art\u0131k gen\u00e7 \u0130D\u2019lerin gizemlerle dolu yer\u00fcst\u00fcne \u00e7\u0131kma vakti gelmi\u015fti\u2026<\/p>\n","protected":false},"excerpt":{"rendered":"<p>Ma\u011faran\u0131n i\u00e7inde h\u00fck\u00fcm s\u00fcren sessizlik f\u0131s\u0131lt\u0131lara, f\u0131s\u0131lt\u0131lar tahminlere, tahminler kehanetlere d\u00f6n\u00fc\u015ft\u00fc.Lata\u015fiba adl\u0131 roman\u0131yla \u00e7ok sevilen \u0130rem U\u015far, bu kez okurlar\u0131n\u0131 yeralt\u0131nda sakl\u0131 fantastik bir d\u00fcnyaya davet<span class=\"excerpt-hellip\"> [\u2026]<\/span><\/p>\n","protected":false},"featured_media":0,"template":"","meta":{"_monsterinsights_skip_tracking":false,"_monsterinsights_sitenote_active":false,"_monsterinsights_sitenote_note":"","_monsterinsights_sitenote_category":0},"product_brand":[],"product_cat":[12274,12284],"product_tag":[],"class_list":{"0":"post-723007","1":"product","2":"type-product","3":"status-publish","5":"product_cat-cocuk-ve-genclik-kitaplari","6":"product_cat-hikayeler","7":"pa_cilt-ciltsiz","8":"pa_tur-kitap","9":"pa_yayinevi-gunisigi-kitapligi","10":"pa_yazar-irem-usar","12":"first","13":"instock","14":"sale","15":"shipping-taxable","16":"purchasable","17":"product-type-simple"},"_links":{"self":[{"href":"https:\/\/roveyayinevi.com.tr\/index.php\/wp-json\/wp\/v2\/product\/723007","targetHints":{"allow":["GET"]}}],"collection":[{"href":"https:\/\/roveyayinevi.com.tr\/index.php\/wp-json\/wp\/v2\/product"}],"about":[{"href":"https:\/\/roveyayinevi.com.tr\/index.php\/wp-json\/wp\/v2\/types\/product"}],"wp:attachment":[{"href":"https:\/\/roveyayinevi.com.tr\/index.php\/wp-json\/wp\/v2\/media?parent=723007"}],"wp:term":[{"taxonomy":"product_brand","embeddable":true,"href":"https:\/\/roveyayinevi.com.tr\/index.php\/wp-json\/wp\/v2\/product_brand?post=723007"},{"taxonomy":"product_cat","embeddable":true,"href":"https:\/\/roveyayinevi.com.tr\/index.php\/wp-json\/wp\/v2\/product_cat?post=723007"},{"taxonomy":"product_tag","embeddable":true,"href":"https:\/\/roveyayinevi.com.tr\/index.php\/wp-json\/wp\/v2\/product_tag?post=723007"}],"curies":[{"name":"wp","href":"https:\/\/api.w.org\/{rel}","templated":true}]}}