{"id":723006,"date":"2025-08-27T19:12:02","date_gmt":"2025-08-27T16:12:02","guid":{"rendered":"https:\/\/roveyayinevi.com.tr\/index.php\/urun\/bir-cizgiyle-ne-yapabilirsin\/"},"modified":"2026-04-16T02:30:58","modified_gmt":"2026-04-15T23:30:58","slug":"bir-cizgiyle-ne-yapabilirsin","status":"publish","type":"product","link":"https:\/\/roveyayinevi.com.tr\/index.php\/urun\/bir-cizgiyle-ne-yapabilirsin\/","title":{"rendered":"Bir \u00c7izgiyle Ne Yapabilirsin?"},"content":{"rendered":"<p>Dikkat At\u00f6lyesi Yay\u0131nlar\u0131 kitaplar\u0131, \u00e7ocu\u011funuzla ba\u011f kurman\u0131n, onlarla nitelikli vakit ge\u00e7irmenin en kolay yolu. S\u00fcrekli bu tarz aktiviteler \u00e7\u00f6zmek \u00e7ocu\u011funuzun yarat\u0131c\u0131 d\u00fc\u015f\u00fcnme becerisini geli\u015ftirir. \u00c7ocuklar\u0131n s\u0131n\u0131rs\u0131z bir merak ve hayal g\u00fcc\u00fcne sahip olduklar\u0131n\u0131 biliyoruz. Bu kitap \u00e7ocuklar\u0131n merak\u0131n\u0131 uyand\u0131r\u0131p yarat\u0131c\u0131 d\u00fc\u015f\u00fcnme becerisini destekler, zorluklarla m\u00fccadele etme ve problem \u00e7\u00f6zme becerisine katk\u0131 sa\u011flar. Yarat\u0131c\u0131l\u0131k sadece bilim ve sanatla ilgili de\u011fildir. Ayn\u0131 zamanda di\u011fer alanlar i\u00e7inde yarat\u0131c\u0131l\u0131k olduk\u00e7a \u00f6nemlidir. Yarat\u0131c\u0131 d\u00fc\u015f\u00fcnme becerisi sadece \u00fcst\u00fcn potansiyelli \u00e7ocuklarda olan bir \u00f6zellik de\u011fildir. Zeka d\u00fczeyi ne olursa olsun b\u00fct\u00fcn \u00e7ocuklarda farkl\u0131l\u0131k g\u00f6sterebilir ve geli\u015ftirilmesi m\u00fcmk\u00fcnd\u00fcr. \u00c7ocuklar zorluklarla m\u00fccadele edip kar\u015f\u0131la\u015ft\u0131\u011f\u0131 problemlerle ba\u015f etmeyi \u00f6\u011frenirken yarat\u0131c\u0131 d\u00fc\u015f\u00fcnme becerisini kullan\u0131r. Yarat\u0131c\u0131 d\u00fc\u015f\u00fcnme becerisi ne kadar geli\u015fmi\u015f ise \u00e7ocuklar problemlere o kadar h\u0131zl\u0131 bir \u015fekilde \u00e7\u00f6z\u00fcm bulmaktad\u0131rlar. Baz\u0131 \u00e7ocuklar\u0131n yarat\u0131c\u0131l\u0131\u011f\u0131n\u0131 geli\u015ftirirken daha uzun s\u00fcre beklemek, hatta biraz zorlamak gerekebilir. Sab\u0131r ve azimle yap\u0131lan \u00e7al\u0131\u015fmalar \u00e7ocuklar\u0131n bu beceriyi kazanmas\u0131n\u0131 sa\u011flayacakt\u0131r. Yarat\u0131c\u0131 d\u00fc\u015f\u00fcnme becerisinin en \u00e7ok geli\u015fti\u011fi d\u00f6nem okul \u00f6ncesi d\u00f6nemdir. Bu d\u00f6nemde \u00e7ocuklar\u0131n yarat\u0131c\u0131l\u0131\u011f\u0131 artt\u0131r\u0131labilece\u011fi gibi bast\u0131r\u0131lmas\u0131 da s\u00f6z konusu olabilir. Yarat\u0131c\u0131 d\u00fc\u015f\u00fcnme becerisine sahip \u00e7ocuklar, sorunlar\u0131 \u00e7\u00f6zen ve bilgi \u00fcreten birey olma yolunda ilerleyecektir. Torrence; yarat\u0131c\u0131 d\u00fc\u015f\u00fcnme becerisi ara\u015ft\u0131rmalar\u0131 yarat\u0131c\u0131l\u0131k s\u00fcrecini, sorunlara, yetersizliklere, bilgi eksikliklerine, eksik par\u00e7alara, uyumsuzluklara duyarl\u0131 olma veya onlar\u0131 fark etme, mevcut bilgideki yeni ili\u015fkileri bir araya getirme, tahminde bulunma, sorunlarla ili\u015fkili olarak \u00e7\u00f6z\u00fcm aray\u0131\u015f\u0131 i\u00e7inde olma ve hipotezler olu\u015fturma \u015feklinde tan\u0131mlar. Yarat\u0131c\u0131 d\u00fc\u015f\u00fcnme becerisinin 4 temel bile\u015feni vard\u0131r. Bunlar; esneklik, \u00f6zg\u00fcnl\u00fck, ak\u0131c\u0131l\u0131k ve zenginle\u015ftirme (ayr\u0131nt\u0131lar ekleme) \u015feklindedir. Bu kitapta yer alan etkinlikler, bu d\u00f6rt temel bile\u015feni \u00f6ne \u00e7\u0131karacak \u015fekilde haz\u0131rlanm\u0131\u015ft\u0131r. Ailelere, \u00d6\u011fretmenlere ve E\u011fitimcilere Bir Not:Kitab\u0131 uygularken \u015fu noktalara dikkat edilmelidir: &#8211; Her sayfada tamamlanmam\u0131\u015f \u00e7izgiler ya da bir olay anlatan resimler verilmi\u015ftir. \u00c7ocuktan bu \u00e7izgileri tamamlayarak resim yapmalar\u0131 ya da verilen resimle ilgili hayal g\u00fcc\u00fcn\u00fc kullanarak resmi tamamlamas\u0131 istenir. &#8211; Her resim i\u00e7in \u00e7ocuklara y\u00f6nergeler verilmi\u015ftir. Bu y\u00f6nergeler \u00e7ocuklar\u0131n anlayaca\u011f\u0131 \u015fekilde ifade edilmi\u015ftir. Y\u00f6nergeler anla\u015f\u0131lmad\u0131\u011f\u0131 takdirde ekstra a\u00e7\u0131klama yap\u0131labilir. Yap\u0131lan a\u00e7\u0131klamalar \u00e7ocuklar\u0131 y\u00f6nlendirici olmamal\u0131d\u0131r. &#8211; \u00c7ocuklar\u0131n \u00e7izdi\u011fi her resim i\u00e7in bir hikaye ve bir ba\u015fl\u0131k olu\u015fturmas\u0131 istenir. Yap\u0131lan \u00e7al\u0131\u015fmaya detaylar eklenerek gerek resmin gerekse hikayenin daha farkl\u0131 ve hi\u00e7 kimsenin d\u00fc\u015f\u00fcnemeyece\u011fi tarza d\u00f6n\u00fc\u015fmesi sa\u011flanabilir. <\/p>\n","protected":false},"excerpt":{"rendered":"<p>Dikkat At\u00f6lyesi Yay\u0131nlar\u0131 kitaplar\u0131, \u00e7ocu\u011funuzla ba\u011f kurman\u0131n, onlarla nitelikli vakit ge\u00e7irmenin en kolay yolu. S\u00fcrekli bu tarz aktiviteler \u00e7\u00f6zmek \u00e7ocu\u011funuzun yarat\u0131c\u0131 d\u00fc\u015f\u00fcnme becerisini geli\u015ftirir. \u00c7ocuklar\u0131n s\u0131n\u0131rs\u0131z<span class=\"excerpt-hellip\"> [\u2026]<\/span><\/p>\n","protected":false},"featured_media":0,"template":"","meta":{"_monsterinsights_skip_tracking":false,"_monsterinsights_sitenote_active":false,"_monsterinsights_sitenote_note":"","_monsterinsights_sitenote_category":0},"product_brand":[],"product_cat":[12274,15842],"product_tag":[],"class_list":{"0":"post-723006","1":"product","2":"type-product","3":"status-publish","5":"product_cat-cocuk-ve-genclik-kitaplari","6":"product_cat-egitici-kitaplar","7":"pa_cilt-ciltsiz","8":"pa_tur-kitap","9":"pa_yayinevi-dikkat-atolyesi-yayinlari","10":"pa_yazar-huseyin-demir","12":"first","13":"instock","14":"sale","15":"shipping-taxable","16":"purchasable","17":"product-type-simple"},"_links":{"self":[{"href":"https:\/\/roveyayinevi.com.tr\/index.php\/wp-json\/wp\/v2\/product\/723006","targetHints":{"allow":["GET"]}}],"collection":[{"href":"https:\/\/roveyayinevi.com.tr\/index.php\/wp-json\/wp\/v2\/product"}],"about":[{"href":"https:\/\/roveyayinevi.com.tr\/index.php\/wp-json\/wp\/v2\/types\/product"}],"wp:attachment":[{"href":"https:\/\/roveyayinevi.com.tr\/index.php\/wp-json\/wp\/v2\/media?parent=723006"}],"wp:term":[{"taxonomy":"product_brand","embeddable":true,"href":"https:\/\/roveyayinevi.com.tr\/index.php\/wp-json\/wp\/v2\/product_brand?post=723006"},{"taxonomy":"product_cat","embeddable":true,"href":"https:\/\/roveyayinevi.com.tr\/index.php\/wp-json\/wp\/v2\/product_cat?post=723006"},{"taxonomy":"product_tag","embeddable":true,"href":"https:\/\/roveyayinevi.com.tr\/index.php\/wp-json\/wp\/v2\/product_tag?post=723006"}],"curies":[{"name":"wp","href":"https:\/\/api.w.org\/{rel}","templated":true}]}}