{"id":723003,"date":"2025-08-27T19:12:00","date_gmt":"2025-08-27T16:12:00","guid":{"rendered":"https:\/\/roveyayinevi.com.tr\/index.php\/urun\/kul-yangin-mavisi-serisi-5\/"},"modified":"2026-04-16T02:30:58","modified_gmt":"2026-04-15T23:30:58","slug":"kul-yangin-mavisi-serisi-5","status":"publish","type":"product","link":"https:\/\/roveyayinevi.com.tr\/index.php\/urun\/kul-yangin-mavisi-serisi-5\/","title":{"rendered":"K\u00fcl &#8211; Yang\u0131n Mavisi Serisi 5"},"content":{"rendered":"<p>Ge\u00e7mi\u015f, onlar i\u00e7in geride kalm\u0131\u015f karanl\u0131k bir geceden ibarettir. Ya\u015fanan t\u00fcm karanl\u0131k gecelerin sonunda, g\u00fcne\u015fin do\u011fu\u015funu el ele izleyen S\u0131ra\u00e7 ve May\u0131s kurduklar\u0131 aileyi y\u0131k\u0131ma s\u00fcr\u00fckleyecek her \u015feye birlikte g\u00f6\u011f\u00fcs gererler. Onlar\u0131 birbirine ba\u011flayan a\u015fk,  asl\u0131nda gelece\u011fin y\u00f6n\u00fcn\u00fc bulmak i\u00e7in kulland\u0131\u011f\u0131 pusulad\u0131r. O pusula s\u0131radaki ki\u015finin avu\u00e7lar\u0131na d\u00fc\u015fmeyi beklemektedir. Ve her yang\u0131n yeniden harlanabilmek i\u00e7in k\u00fcllenmeye mecburdur. -B\u0131rak bir k\u0131v\u0131lc\u0131m \u00e7aks\u0131n kaderinin \u00fcst\u00fcnde. Ate\u015f yans\u0131n kalbinin i\u00e7inde. Yang\u0131n b\u00fcy\u00fcs\u00fcn an\u0131lar\u0131nla harlanarak. Kor d\u00f6k\u00fcls\u00fcn avu\u00e7lar\u0131na. K\u00fcl ol ve durma, u\u00e7 g\u00f6ky\u00fcz\u00fcne. <\/p>\n","protected":false},"excerpt":{"rendered":"<p>Ge\u00e7mi\u015f, onlar i\u00e7in geride kalm\u0131\u015f karanl\u0131k bir geceden ibarettir. Ya\u015fanan t\u00fcm karanl\u0131k gecelerin sonunda, g\u00fcne\u015fin do\u011fu\u015funu el ele izleyen S\u0131ra\u00e7 ve May\u0131s kurduklar\u0131 aileyi y\u0131k\u0131ma s\u00fcr\u00fckleyecek<span class=\"excerpt-hellip\"> [\u2026]<\/span><\/p>\n","protected":false},"featured_media":0,"template":"","meta":{"_monsterinsights_skip_tracking":false,"_monsterinsights_sitenote_active":false,"_monsterinsights_sitenote_note":"","_monsterinsights_sitenote_category":0},"product_brand":[],"product_cat":[12291,12711],"product_tag":[],"class_list":{"0":"post-723003","1":"product","2":"type-product","3":"status-publish","5":"product_cat-edebiyat","6":"product_cat-roman-oyku","7":"pa_cilt-ciltsiz","8":"pa_tur-kitap","9":"pa_yayinevi-dokuz-yayinlari","10":"pa_yazar-binnur-safak-nigiz","12":"first","13":"instock","14":"sale","15":"shipping-taxable","16":"purchasable","17":"product-type-simple"},"_links":{"self":[{"href":"https:\/\/roveyayinevi.com.tr\/index.php\/wp-json\/wp\/v2\/product\/723003","targetHints":{"allow":["GET"]}}],"collection":[{"href":"https:\/\/roveyayinevi.com.tr\/index.php\/wp-json\/wp\/v2\/product"}],"about":[{"href":"https:\/\/roveyayinevi.com.tr\/index.php\/wp-json\/wp\/v2\/types\/product"}],"wp:attachment":[{"href":"https:\/\/roveyayinevi.com.tr\/index.php\/wp-json\/wp\/v2\/media?parent=723003"}],"wp:term":[{"taxonomy":"product_brand","embeddable":true,"href":"https:\/\/roveyayinevi.com.tr\/index.php\/wp-json\/wp\/v2\/product_brand?post=723003"},{"taxonomy":"product_cat","embeddable":true,"href":"https:\/\/roveyayinevi.com.tr\/index.php\/wp-json\/wp\/v2\/product_cat?post=723003"},{"taxonomy":"product_tag","embeddable":true,"href":"https:\/\/roveyayinevi.com.tr\/index.php\/wp-json\/wp\/v2\/product_tag?post=723003"}],"curies":[{"name":"wp","href":"https:\/\/api.w.org\/{rel}","templated":true}]}}