{"id":723001,"date":"2025-08-27T19:11:58","date_gmt":"2025-08-27T16:11:58","guid":{"rendered":"https:\/\/roveyayinevi.com.tr\/index.php\/urun\/kivilcim-yangin-mavisi-serisi-1\/"},"modified":"2025-10-14T05:44:56","modified_gmt":"2025-10-14T02:44:56","slug":"kivilcim-yangin-mavisi-serisi-1","status":"publish","type":"product","link":"https:\/\/roveyayinevi.com.tr\/index.php\/urun\/kivilcim-yangin-mavisi-serisi-1\/","title":{"rendered":"K\u0131v\u0131lc\u0131m &#8211; Yang\u0131n Mavisi Serisi 1"},"content":{"rendered":"<p>May\u0131s Karama\u00e7a, hayat\u0131n\u0131 kaybetmi\u015f zengin bir i\u015f adam\u0131n\u0131n biricik k\u0131z\u0131d\u0131r, annesi ve erkek karde\u015fiyle ya\u015fad\u0131\u011f\u0131 s\u0131radan hayat, arkada\u015flar\u0131n\u0131n kendisi i\u00e7in d\u00fczenledi\u011fi partiye kat\u0131ld\u0131\u011f\u0131 o karanl\u0131k gecede bir anda de\u011fi\u015fir. Birden kendini yabanc\u0131 bir adam\u0131n esareti alt\u0131nda bulan May\u0131s, k\u0131sa s\u00fcre sonra onu ka\u00e7\u0131ran gen\u00e7 adam\u0131n kim oldu\u011funu \u00f6\u011frenir. Bu gen\u00e7 adam, May\u0131s\u2019\u0131n annesine uzun zamandan beri \u00e2\u015f\u0131k olan zorba Mehmet Ali Karayel\u2019in o\u011flu S\u0131ra\u00e7 Karayel\u2019den ba\u015fkas\u0131 de\u011fildir. Ve \u00e7ok ge\u00e7meden, kendini karanl\u0131k bir a\u015fk\u0131n pen\u00e7eleri aras\u0131nda bulaca\u011f\u0131ndan bihaber hayatta kalma m\u00fccadelesine giri\u015fir. &#8211; K\u0131rm\u0131z\u0131 iplik, beyaz masan\u0131n \u00fczerinden yuvarlanarak d\u00fc\u015ft\u00fc, yerde yuvarlanmaya devam etti; yuvarland\u0131k\u00e7a iplik a\u00e7\u0131ld\u0131, uzad\u0131, durmad\u0131. D\u00f6nd\u00fc, d\u00f6nd\u00fc, d\u00f6nd\u00fc\u2026 Gen\u00e7 kad\u0131n\u0131n ayak ucuna \u00e7arparak durdu, gen\u00e7 kad\u0131n\u0131n mavi g\u00f6zleri k\u0131rm\u0131z\u0131 ipli\u011fin ucuna tak\u0131ld\u0131; ayn\u0131 anda, k\u0131rm\u0131z\u0131 ipli\u011fin metrelerce uza\u011f\u0131ndaki ucunu izleyen mavi g\u00f6zler ise bir adama aitti. Roman\u0131n sayfas\u0131 yeniden a\u00e7\u0131ld\u0131. <\/p>\n","protected":false},"excerpt":{"rendered":"<p>May\u0131s Karama\u00e7a, hayat\u0131n\u0131 kaybetmi\u015f zengin bir i\u015f adam\u0131n\u0131n biricik k\u0131z\u0131d\u0131r, annesi ve erkek karde\u015fiyle ya\u015fad\u0131\u011f\u0131 s\u0131radan hayat, arkada\u015flar\u0131n\u0131n kendisi i\u00e7in d\u00fczenledi\u011fi partiye kat\u0131ld\u0131\u011f\u0131 o karanl\u0131k gecede<span class=\"excerpt-hellip\"> [\u2026]<\/span><\/p>\n","protected":false},"featured_media":0,"template":"","meta":{"_monsterinsights_skip_tracking":false,"_monsterinsights_sitenote_active":false,"_monsterinsights_sitenote_note":"","_monsterinsights_sitenote_category":0},"product_brand":[],"product_cat":[12291,12711],"product_tag":[],"class_list":{"0":"post-723001","1":"product","2":"type-product","3":"status-publish","5":"product_cat-edebiyat","6":"product_cat-roman-oyku","7":"pa_cilt-ciltsiz","8":"pa_tur-kitap","9":"pa_yayinevi-dokuz-yayinlari","10":"pa_yazar-binnur-safak-nigiz","12":"first","13":"instock","14":"sale","15":"shipping-taxable","16":"purchasable","17":"product-type-simple"},"_links":{"self":[{"href":"https:\/\/roveyayinevi.com.tr\/index.php\/wp-json\/wp\/v2\/product\/723001","targetHints":{"allow":["GET"]}}],"collection":[{"href":"https:\/\/roveyayinevi.com.tr\/index.php\/wp-json\/wp\/v2\/product"}],"about":[{"href":"https:\/\/roveyayinevi.com.tr\/index.php\/wp-json\/wp\/v2\/types\/product"}],"wp:attachment":[{"href":"https:\/\/roveyayinevi.com.tr\/index.php\/wp-json\/wp\/v2\/media?parent=723001"}],"wp:term":[{"taxonomy":"product_brand","embeddable":true,"href":"https:\/\/roveyayinevi.com.tr\/index.php\/wp-json\/wp\/v2\/product_brand?post=723001"},{"taxonomy":"product_cat","embeddable":true,"href":"https:\/\/roveyayinevi.com.tr\/index.php\/wp-json\/wp\/v2\/product_cat?post=723001"},{"taxonomy":"product_tag","embeddable":true,"href":"https:\/\/roveyayinevi.com.tr\/index.php\/wp-json\/wp\/v2\/product_tag?post=723001"}],"curies":[{"name":"wp","href":"https:\/\/api.w.org\/{rel}","templated":true}]}}