{"id":723000,"date":"2025-08-27T19:11:56","date_gmt":"2025-08-27T16:11:56","guid":{"rendered":"https:\/\/roveyayinevi.com.tr\/index.php\/urun\/koredeki-ayak-izleri\/"},"modified":"2026-04-16T02:30:58","modified_gmt":"2026-04-15T23:30:58","slug":"koredeki-ayak-izleri","status":"publish","type":"product","link":"https:\/\/roveyayinevi.com.tr\/index.php\/urun\/koredeki-ayak-izleri\/","title":{"rendered":"Kore\u2019deki Ayak \u0130zleri"},"content":{"rendered":"<p>\u00d6nce bir ad\u0131m att\u0131 J\u00fclide, Kore sokaklar\u0131nda. Ard\u0131ndan ald\u0131\u011f\u0131 derin nefesi b\u0131rakt\u0131 havaya. Ve en sonunda bir damla g\u00f6zya\u015f\u0131 kar\u0131\u015ft\u0131 topra\u011fa. J\u00fclide sessizce g\u00f6ky\u00fcz\u00fcne bakt\u0131 ve f\u0131s\u0131ldad\u0131: Beni sak\u0131n unutma Kore. Unutamayas\u0131n diye t\u00fcm izlerimi b\u0131rakt\u0131m sana&#8230;   Geride \u00e7ok \u015fey b\u0131rakm\u0131\u015ft\u0131 J\u00fclide, att\u0131\u011f\u0131 her ad\u0131mda. Mesela do\u011farken annesini b\u0131rakm\u0131\u015ft\u0131, hat\u0131rlamay\u0131 bile ba\u015faramad\u0131\u011f\u0131 bir hastane odas\u0131nda. Biraz daha b\u00fcy\u00fcy\u00fcp hastaland\u0131\u011f\u0131nda ne\u015fesini b\u0131rakm\u0131\u015ft\u0131 bu sefer, hat\u0131rlamay\u0131 bile istemedi\u011fi bir ba\u015fka hastane odas\u0131nda. En b\u00fcy\u00fck kayb\u0131 sa\u00e7lar\u0131yd\u0131 J\u00fclide&#8217;nin, saklamay\u0131 bile ak\u0131l edemeyecek kadar ac\u0131 i\u00e7inde gidi\u015fini izledi\u011fi. Ne\u015fesini ar\u0131yordu d\u00fcnya \u00fczerinde. Her saniye yan\u0131nda ta\u015f\u0131yordu korkular\u0131n\u0131 ve bir de Kore&#8217;ye gitme hayalini. J\u00fclide mutlulu\u011fa ay\u0131rd\u0131 son ad\u0131mlar\u0131n\u0131 ve Kore&#8217;de kavu\u015ftu\u011fu hayat\u0131n\u0131n a\u015fk\u0131 Seo&#8217;nun i\u00e7inde b\u0131rakt\u0131 izlerini.   Kore&#8217;deki Ayak \u0130zleri hayata s\u0131ms\u0131k\u0131 tutunanlar\u0131n hik\u00e2yesi. Tutkuyla hayallerine ba\u011flananlar\u0131n, asla pes etmeyenlerin hik\u00e2yesi. Sava\u015fanlar\u0131n ve daima kazananlar\u0131n&#8230; Hi\u00e7 vazge\u00e7meyenlerin&#8230;  J\u00fclide&#8217;nin hik\u00e2yesi Kore&#8217;deki Ayak \u0130zleri. Biraz benim&#8230; Biraz senin&#8230; Ve umudunu hi\u00e7 kaybetmeyenlerin&#8230; <\/p>\n","protected":false},"excerpt":{"rendered":"<p>\u00d6nce bir ad\u0131m att\u0131 J\u00fclide, Kore sokaklar\u0131nda. Ard\u0131ndan ald\u0131\u011f\u0131 derin nefesi b\u0131rakt\u0131 havaya. Ve en sonunda bir damla g\u00f6zya\u015f\u0131 kar\u0131\u015ft\u0131 topra\u011fa. J\u00fclide sessizce g\u00f6ky\u00fcz\u00fcne bakt\u0131 ve<span class=\"excerpt-hellip\"> [\u2026]<\/span><\/p>\n","protected":false},"featured_media":0,"template":"","meta":{"_monsterinsights_skip_tracking":false,"_monsterinsights_sitenote_active":false,"_monsterinsights_sitenote_note":"","_monsterinsights_sitenote_category":0},"product_brand":[],"product_cat":[12291,12711],"product_tag":[],"class_list":{"0":"post-723000","1":"product","2":"type-product","3":"status-publish","5":"product_cat-edebiyat","6":"product_cat-roman-oyku","7":"pa_cilt-ciltsiz","8":"pa_tur-kitap","9":"pa_yayinevi-dokuz-yayinlari","10":"pa_yazar-mehmet-arslan","12":"first","13":"instock","14":"sale","15":"shipping-taxable","16":"purchasable","17":"product-type-simple"},"_links":{"self":[{"href":"https:\/\/roveyayinevi.com.tr\/index.php\/wp-json\/wp\/v2\/product\/723000","targetHints":{"allow":["GET"]}}],"collection":[{"href":"https:\/\/roveyayinevi.com.tr\/index.php\/wp-json\/wp\/v2\/product"}],"about":[{"href":"https:\/\/roveyayinevi.com.tr\/index.php\/wp-json\/wp\/v2\/types\/product"}],"wp:attachment":[{"href":"https:\/\/roveyayinevi.com.tr\/index.php\/wp-json\/wp\/v2\/media?parent=723000"}],"wp:term":[{"taxonomy":"product_brand","embeddable":true,"href":"https:\/\/roveyayinevi.com.tr\/index.php\/wp-json\/wp\/v2\/product_brand?post=723000"},{"taxonomy":"product_cat","embeddable":true,"href":"https:\/\/roveyayinevi.com.tr\/index.php\/wp-json\/wp\/v2\/product_cat?post=723000"},{"taxonomy":"product_tag","embeddable":true,"href":"https:\/\/roveyayinevi.com.tr\/index.php\/wp-json\/wp\/v2\/product_tag?post=723000"}],"curies":[{"name":"wp","href":"https:\/\/api.w.org\/{rel}","templated":true}]}}