{"id":722998,"date":"2025-08-27T19:11:54","date_gmt":"2025-08-27T16:11:54","guid":{"rendered":"https:\/\/roveyayinevi.com.tr\/index.php\/urun\/kor-yangin-mavisi-serisi-4\/"},"modified":"2026-04-16T02:30:58","modified_gmt":"2026-04-15T23:30:58","slug":"kor-yangin-mavisi-serisi-4","status":"publish","type":"product","link":"https:\/\/roveyayinevi.com.tr\/index.php\/urun\/kor-yangin-mavisi-serisi-4\/","title":{"rendered":"Kor &#8211; Yang\u0131n Mavisi Serisi 4"},"content":{"rendered":"<p>Ya\u015fanan b\u00fcy\u00fck kaosa ra\u011fmen a\u015fk yeniden galip gelir. May\u0131s ve S\u0131ra\u00e7\u2019\u0131n sonsuzlu\u011fa att\u0131klar\u0131 ad\u0131m, yeniden aile olabilme \u015fans\u0131n\u0131 yakalamalar\u0131n\u0131 sa\u011flam\u0131\u015ft\u0131r ancak May\u0131s\u2019\u0131n bir kez daha alevlenen intikam arzusu kimse taraf\u0131ndan bast\u0131r\u0131lamayacakt\u0131r. Bir yang\u0131ndan y\u00fckselen alevler gibi her yan\u0131 saran bu b\u00fcy\u00fck a\u015fk, her g\u00fc\u00e7l\u00fc\u011f\u00fc yenebilecek midir? May\u0131s, ailesinin bir kez daha y\u0131k\u0131m\u0131n e\u015fi\u011fine gelmemesi i\u00e7in d\u00fc\u015fman\u0131n kar\u015f\u0131s\u0131na \u00e7\u0131kt\u0131\u011f\u0131nda, bir fedak\u00e2rl\u0131k yapmak zorunda oldu\u011funun fark\u0131ndad\u0131r. Bu fedak\u00e2rl\u0131k bir sonun ba\u015flang\u0131c\u0131 olacakt\u0131r. -Yang\u0131nda yan\u0131p tan\u0131nmaz hale gelen kalpler k\u00f6m\u00fcr de\u011fil, kordur. Hadi durma, avu\u00e7la yanan kalbimi. Avu\u00e7layabilecek misin? O avu\u00e7lamaya \u00e7al\u0131\u015ft\u0131\u011f\u0131n yaln\u0131zca bir kor par\u00e7as\u0131 de\u011fil, bir kalbin yan\u0131k cesedidir. Dudaklar\u0131m yukar\u0131 yava\u015f\u00e7a k\u0131vr\u0131l\u0131rken, g\u00f6zlerim korun k\u00fclle\u015fen yan\u0131k cesedine kayd\u0131. K\u00fcl oluyorduk\u2026 <\/p>\n","protected":false},"excerpt":{"rendered":"<p>Ya\u015fanan b\u00fcy\u00fck kaosa ra\u011fmen a\u015fk yeniden galip gelir. May\u0131s ve S\u0131ra\u00e7\u2019\u0131n sonsuzlu\u011fa att\u0131klar\u0131 ad\u0131m, yeniden aile olabilme \u015fans\u0131n\u0131 yakalamalar\u0131n\u0131 sa\u011flam\u0131\u015ft\u0131r ancak May\u0131s\u2019\u0131n bir kez daha alevlenen<span class=\"excerpt-hellip\"> [\u2026]<\/span><\/p>\n","protected":false},"featured_media":0,"template":"","meta":{"_monsterinsights_skip_tracking":false,"_monsterinsights_sitenote_active":false,"_monsterinsights_sitenote_note":"","_monsterinsights_sitenote_category":0},"product_brand":[],"product_cat":[12291,12711],"product_tag":[],"class_list":{"0":"post-722998","1":"product","2":"type-product","3":"status-publish","5":"product_cat-edebiyat","6":"product_cat-roman-oyku","7":"pa_cilt-ciltsiz","8":"pa_tur-kitap","9":"pa_yayinevi-dokuz-yayinlari","10":"pa_yazar-binnur-safak-nigiz","12":"first","13":"instock","14":"sale","15":"shipping-taxable","16":"purchasable","17":"product-type-simple"},"_links":{"self":[{"href":"https:\/\/roveyayinevi.com.tr\/index.php\/wp-json\/wp\/v2\/product\/722998","targetHints":{"allow":["GET"]}}],"collection":[{"href":"https:\/\/roveyayinevi.com.tr\/index.php\/wp-json\/wp\/v2\/product"}],"about":[{"href":"https:\/\/roveyayinevi.com.tr\/index.php\/wp-json\/wp\/v2\/types\/product"}],"wp:attachment":[{"href":"https:\/\/roveyayinevi.com.tr\/index.php\/wp-json\/wp\/v2\/media?parent=722998"}],"wp:term":[{"taxonomy":"product_brand","embeddable":true,"href":"https:\/\/roveyayinevi.com.tr\/index.php\/wp-json\/wp\/v2\/product_brand?post=722998"},{"taxonomy":"product_cat","embeddable":true,"href":"https:\/\/roveyayinevi.com.tr\/index.php\/wp-json\/wp\/v2\/product_cat?post=722998"},{"taxonomy":"product_tag","embeddable":true,"href":"https:\/\/roveyayinevi.com.tr\/index.php\/wp-json\/wp\/v2\/product_tag?post=722998"}],"curies":[{"name":"wp","href":"https:\/\/api.w.org\/{rel}","templated":true}]}}