{"id":722997,"date":"2025-08-27T19:11:53","date_gmt":"2025-08-27T16:11:53","guid":{"rendered":"https:\/\/roveyayinevi.com.tr\/index.php\/urun\/virginia-woolf-2\/"},"modified":"2026-04-16T02:30:58","modified_gmt":"2026-04-15T23:30:58","slug":"virginia-woolf-2","status":"publish","type":"product","link":"https:\/\/roveyayinevi.com.tr\/index.php\/urun\/virginia-woolf-2\/","title":{"rendered":"Virginia Woolf"},"content":{"rendered":"<p>Virginia, \u00f6l\u00fcler aras\u0131nda \u00f6l\u00fcme adanm\u0131\u015f bir hayat\u0131n h\u00fcz\u00fcnl\u00fc krali\u00e7esiydi. Daima duygular\u0131n\u0131n esiriydi ve bir o kadar da duygusuz g\u00f6r\u00fcnme \u00e7abas\u0131ndayd\u0131. Hayat\u0131n\u0131 sil ba\u015ftan ya\u015fama \u015fans\u0131 olsayd\u0131, annesi \u00f6lmeseydi, \u0130ngiltere\u2019de do\u011fmasayd\u0131, babas\u0131 gibi bir babaya sahip olmasayd\u0131, cinsel istismara u\u011framasayd\u0131, yan\u0131lmasayd\u0131, y\u0131k\u0131lmasayd\u0131, yaln\u0131z kalmasayd\u0131, genlerinden hayat\u0131na ta\u015f\u0131d\u0131\u011f\u0131  psikolojik rahats\u0131zl\u0131klar\u0131, \u00e7\u00f6k\u00fc\u015fleri olmasayd\u0131, biz onu h\u00e2l\u00e2 tan\u0131yor olacak m\u0131yd\u0131k? Bilmiyorum. Siz ne dersiniz? Virginia\u2019y\u0131 ke\u015ffetmeye haz\u0131r m\u0131s\u0131n\u0131z? <\/p>\n","protected":false},"excerpt":{"rendered":"<p>Virginia, \u00f6l\u00fcler aras\u0131nda \u00f6l\u00fcme adanm\u0131\u015f bir hayat\u0131n h\u00fcz\u00fcnl\u00fc krali\u00e7esiydi. Daima duygular\u0131n\u0131n esiriydi ve bir o kadar da duygusuz g\u00f6r\u00fcnme \u00e7abas\u0131ndayd\u0131. Hayat\u0131n\u0131 sil ba\u015ftan ya\u015fama \u015fans\u0131 olsayd\u0131,<span class=\"excerpt-hellip\"> [\u2026]<\/span><\/p>\n","protected":false},"featured_media":0,"template":"","meta":{"_monsterinsights_skip_tracking":false,"_monsterinsights_sitenote_active":false,"_monsterinsights_sitenote_note":"","_monsterinsights_sitenote_category":0},"product_brand":[],"product_cat":[14009,12291],"product_tag":[],"class_list":{"0":"post-722997","1":"product","2":"type-product","3":"status-publish","5":"product_cat-biyografi-otobiyografi-edebiyat","6":"product_cat-edebiyat","7":"pa_cilt-ciltsiz","8":"pa_tur-kitap","9":"pa_yayinevi-dokuz-yayinlari","10":"pa_yazar-nazan-arisoy","12":"first","13":"instock","14":"sale","15":"shipping-taxable","16":"purchasable","17":"product-type-simple"},"_links":{"self":[{"href":"https:\/\/roveyayinevi.com.tr\/index.php\/wp-json\/wp\/v2\/product\/722997","targetHints":{"allow":["GET"]}}],"collection":[{"href":"https:\/\/roveyayinevi.com.tr\/index.php\/wp-json\/wp\/v2\/product"}],"about":[{"href":"https:\/\/roveyayinevi.com.tr\/index.php\/wp-json\/wp\/v2\/types\/product"}],"wp:attachment":[{"href":"https:\/\/roveyayinevi.com.tr\/index.php\/wp-json\/wp\/v2\/media?parent=722997"}],"wp:term":[{"taxonomy":"product_brand","embeddable":true,"href":"https:\/\/roveyayinevi.com.tr\/index.php\/wp-json\/wp\/v2\/product_brand?post=722997"},{"taxonomy":"product_cat","embeddable":true,"href":"https:\/\/roveyayinevi.com.tr\/index.php\/wp-json\/wp\/v2\/product_cat?post=722997"},{"taxonomy":"product_tag","embeddable":true,"href":"https:\/\/roveyayinevi.com.tr\/index.php\/wp-json\/wp\/v2\/product_tag?post=722997"}],"curies":[{"name":"wp","href":"https:\/\/api.w.org\/{rel}","templated":true}]}}