{"id":722992,"date":"2025-08-27T19:11:49","date_gmt":"2025-08-27T16:11:49","guid":{"rendered":"https:\/\/roveyayinevi.com.tr\/index.php\/urun\/gozluk-3-uc-nokta\/"},"modified":"2026-04-16T02:30:58","modified_gmt":"2026-04-15T23:30:58","slug":"gozluk-3-uc-nokta","status":"publish","type":"product","link":"https:\/\/roveyayinevi.com.tr\/index.php\/urun\/gozluk-3-uc-nokta\/","title":{"rendered":"G\u00f6zl\u00fck 3 &#8211; \u00dc\u00e7 Nokta"},"content":{"rendered":"<p>&#8221;Kendimizi s\u00fcr\u00fcklemesine izin verdi\u011fimiz melankoli r\u00fczg\u00e2r\u0131, sabahlar\u0131 hep i\u00e7 \u00e7ekerek uyanmam\u0131za neden oluyor.&#8221;Zaman ak\u0131p giderken zihin olgunla\u015fmak, kalp ise ge\u00e7mi\u015fe d\u00f6nmek istiyordu. Her \u015feyin ba\u015flad\u0131\u011f\u0131 o yere, kamp alan\u0131na&#8230;Ege, bu kez \u015fans\u0131n kendi taraf\u0131nda oldu\u011funu d\u00fc\u015f\u00fcn\u00fcyordu. Ge\u00e7mi\u015fe d\u00f6necek ve t\u00fcm hik\u00e2yeyi kendi istedi\u011fi gibi yeniden yazacakt\u0131. Ama bilmedi\u011fi bir \u015fey vard\u0131; yan\u0131nda olan, k\u00f6t\u00fc \u015fans\u0131n ta kendisiydi.Ortaya \u00e7\u0131kmak istemeyen bir s\u0131rr\u0131 vard\u0131 alev soluyan ejderhan\u0131n. Ve bu alevler ya Ege&#8217;yi yakacakt\u0131 ya da Heiley17&#8217;nin yorgun kalbine d\u00fc\u015f\u00fcp kavuracakt\u0131 onu. Do\u011fru karar\u0131 almak ise gitmek ile kalmak aras\u0131ndaki \u00e7aresizlikten ba\u015fka bir \u015fey de\u011fildi. O, sonsuz sevgiye inand\u0131 ama hayal k\u0131r\u0131kl\u0131\u011f\u0131 cellatlar\u0131 da pe\u015fini bir t\u00fcrl\u00fc b\u0131rakmad\u0131. Ege&#8217;nin kamp alan\u0131na yeniden ta\u015f\u0131nan maceras\u0131 boyunca \u00f6\u011frendi\u011fi s\u0131r ve yeti\u015fkin olma \u00e7abas\u0131 Heiley17 ile onu bir arada tutan ipin kopmas\u0131na m\u0131 neden olacakt\u0131 yoksa kaderleri \u00e7ok daha \u00f6ncesinden belirlenmi\u015f miydi?Gelece\u011fi d\u00fc\u015f\u00fcnen bir zihin, daha ne kadar \u00dc\u00e7 Nokta koyabilirdi kurdu\u011fu c\u00fcmlelerin sonuna?<\/p>\n","protected":false},"excerpt":{"rendered":"<p>&#8221;Kendimizi s\u00fcr\u00fcklemesine izin verdi\u011fimiz melankoli r\u00fczg\u00e2r\u0131, sabahlar\u0131 hep i\u00e7 \u00e7ekerek uyanmam\u0131za neden oluyor.&#8221;Zaman ak\u0131p giderken zihin olgunla\u015fmak, kalp ise ge\u00e7mi\u015fe d\u00f6nmek istiyordu. Her \u015feyin ba\u015flad\u0131\u011f\u0131 o<span class=\"excerpt-hellip\"> [\u2026]<\/span><\/p>\n","protected":false},"featured_media":0,"template":"","meta":{"_monsterinsights_skip_tracking":false,"_monsterinsights_sitenote_active":false,"_monsterinsights_sitenote_note":"","_monsterinsights_sitenote_category":0},"product_brand":[],"product_cat":[12291,12711],"product_tag":[],"class_list":{"0":"post-722992","1":"product","2":"type-product","3":"status-publish","5":"product_cat-edebiyat","6":"product_cat-roman-oyku","7":"pa_cilt-ciltsiz","8":"pa_tur-kitap","9":"pa_yayinevi-ephesus-yayinlari","10":"pa_yazar-koray-yersuren","12":"first","13":"instock","14":"sale","15":"shipping-taxable","16":"purchasable","17":"product-type-simple"},"_links":{"self":[{"href":"https:\/\/roveyayinevi.com.tr\/index.php\/wp-json\/wp\/v2\/product\/722992","targetHints":{"allow":["GET"]}}],"collection":[{"href":"https:\/\/roveyayinevi.com.tr\/index.php\/wp-json\/wp\/v2\/product"}],"about":[{"href":"https:\/\/roveyayinevi.com.tr\/index.php\/wp-json\/wp\/v2\/types\/product"}],"wp:attachment":[{"href":"https:\/\/roveyayinevi.com.tr\/index.php\/wp-json\/wp\/v2\/media?parent=722992"}],"wp:term":[{"taxonomy":"product_brand","embeddable":true,"href":"https:\/\/roveyayinevi.com.tr\/index.php\/wp-json\/wp\/v2\/product_brand?post=722992"},{"taxonomy":"product_cat","embeddable":true,"href":"https:\/\/roveyayinevi.com.tr\/index.php\/wp-json\/wp\/v2\/product_cat?post=722992"},{"taxonomy":"product_tag","embeddable":true,"href":"https:\/\/roveyayinevi.com.tr\/index.php\/wp-json\/wp\/v2\/product_tag?post=722992"}],"curies":[{"name":"wp","href":"https:\/\/api.w.org\/{rel}","templated":true}]}}