{"id":722973,"date":"2025-08-27T19:11:34","date_gmt":"2025-08-27T16:11:34","guid":{"rendered":"https:\/\/roveyayinevi.com.tr\/index.php\/urun\/di-ze-dikkati-ve-dusunme-becerilerini-gelistirme-6-yas\/"},"modified":"2026-04-16T02:30:58","modified_gmt":"2026-04-15T23:30:58","slug":"di-ze-dikkati-ve-dusunme-becerilerini-gelistirme-6-yas","status":"publish","type":"product","link":"https:\/\/roveyayinevi.com.tr\/index.php\/urun\/di-ze-dikkati-ve-dusunme-becerilerini-gelistirme-6-yas\/","title":{"rendered":"Di \u2013 Ze Dikkati ve D\u00fc\u015f\u00fcnme Becerilerini Geli\u015ftirme (6 ya\u015f)"},"content":{"rendered":"<p>Dikkat &#8211; Zek\u00e2 Seti; dikkati, \u00f6\u011frenmeyi, d\u00fc\u015f\u00fcnme becerilerini, motivasyonu, \u00e7al\u0131\u015fma verimlili\u011fini olumlu etkileyerek geli\u015ftirir. Okul hayat\u0131nda ve g\u00fcnl\u00fck hayatta problemlere yarat\u0131c\u0131 \u00e7\u00f6z\u00fcmler \u00fcretilmesine yard\u0131mc\u0131 olur. \u0130\u00e7eriklerolu\u015fturulurken kullan\u0131lan \u2018\u2019Disiplinler Aras\u0131 Ba\u011flant\u0131 Sistemi\u2019\u2019 ile \u00e7ocuklar\u0131n g\u00fcnl\u00fck hayattaki karma\u015f\u0131k problemlere \u00e7\u00f6z\u00fcm ararken farkl\u0131 bilgi ve deneyimleri bir arada kullanabilme becerileri kazanmalar\u0131n\u0131 sa\u011flar.Dikkat \u2013Zek\u00e2 Seti okulda ve g\u00fcnl\u00fck hayatta daha ba\u015far\u0131l\u0131 \u00e7ocuklar yeti\u015ftirilmesini hedefleyerek konusunda uzman olan ki\u015filer taraf\u0131ndan SCAMPER \u00f6\u011frenme tekni\u011fi ve Disiplinler Aras\u0131 Ba\u011flant\u0131 Sistemi gibi bilimsel tekniklerden yola \u00e7\u0131karak haz\u0131rlanm\u0131\u015f \u00e7al\u0131\u015fmalard\u0131r. Bu set sayesinde \u00fcretkenli\u011fin d\u00f6rt temel boyutu olan ak\u0131lc\u0131l\u0131k, esneklik, \u00f6zg\u00fcnl\u00fck ve zenginle\u015ftirme etkinlikleri ile \u00e7ocuklar, do\u011fu\u015ftan gelen kapasitelerini en y\u00fcksek verimlilikte kullanabilmek i\u00e7in ihtiya\u00e7duydu\u011fu kazan\u0131mlar\u0131 e\u011flenceli ve zevkli aktiviteler e\u015fli\u011finde edinecektir. Zamanla dikkat ve \u00f6\u011frenme fonksiyonlar\u0131n\u0131 bozan tablet, telefon, bilgisayar ve televizyon gibi cihazlar\u0131n olu\u015fturdu\u011fu hasarlar\u0131azaltmak ve \u00e7ocuklar\u0131n do\u011fru alanlara y\u00f6nlenmesini sa\u011flamak i\u00e7in Dikkat \u2013Zek\u00e2 Seti etkin bir yard\u0131mc\u0131d\u0131r.<\/p>\n","protected":false},"excerpt":{"rendered":"<p>Dikkat &#8211; Zek\u00e2 Seti; dikkati, \u00f6\u011frenmeyi, d\u00fc\u015f\u00fcnme becerilerini, motivasyonu, \u00e7al\u0131\u015fma verimlili\u011fini olumlu etkileyerek geli\u015ftirir. Okul hayat\u0131nda ve g\u00fcnl\u00fck hayatta problemlere yarat\u0131c\u0131 \u00e7\u00f6z\u00fcmler \u00fcretilmesine yard\u0131mc\u0131 olur. \u0130\u00e7eriklerolu\u015fturulurken<span class=\"excerpt-hellip\"> [\u2026]<\/span><\/p>\n","protected":false},"featured_media":0,"template":"","meta":{"_monsterinsights_skip_tracking":false,"_monsterinsights_sitenote_active":false,"_monsterinsights_sitenote_note":"","_monsterinsights_sitenote_category":0},"product_brand":[],"product_cat":[12913,12274],"product_tag":[],"class_list":{"0":"post-722973","1":"product","2":"type-product","3":"status-publish","5":"product_cat-3-6-yas-kitaplari","6":"product_cat-cocuk-ve-genclik-kitaplari","7":"pa_cilt-ciltsiz","8":"pa_tur-kitap","9":"pa_yayinevi-dikkat-ve-zeka-akademisi-yayinlari","10":"pa_yazar-mehmet-turkdogan-savas-ozdemir","12":"first","13":"instock","14":"sale","15":"shipping-taxable","16":"purchasable","17":"product-type-simple"},"_links":{"self":[{"href":"https:\/\/roveyayinevi.com.tr\/index.php\/wp-json\/wp\/v2\/product\/722973","targetHints":{"allow":["GET"]}}],"collection":[{"href":"https:\/\/roveyayinevi.com.tr\/index.php\/wp-json\/wp\/v2\/product"}],"about":[{"href":"https:\/\/roveyayinevi.com.tr\/index.php\/wp-json\/wp\/v2\/types\/product"}],"wp:attachment":[{"href":"https:\/\/roveyayinevi.com.tr\/index.php\/wp-json\/wp\/v2\/media?parent=722973"}],"wp:term":[{"taxonomy":"product_brand","embeddable":true,"href":"https:\/\/roveyayinevi.com.tr\/index.php\/wp-json\/wp\/v2\/product_brand?post=722973"},{"taxonomy":"product_cat","embeddable":true,"href":"https:\/\/roveyayinevi.com.tr\/index.php\/wp-json\/wp\/v2\/product_cat?post=722973"},{"taxonomy":"product_tag","embeddable":true,"href":"https:\/\/roveyayinevi.com.tr\/index.php\/wp-json\/wp\/v2\/product_tag?post=722973"}],"curies":[{"name":"wp","href":"https:\/\/api.w.org\/{rel}","templated":true}]}}