{"id":722958,"date":"2025-08-27T19:11:22","date_gmt":"2025-08-27T16:11:22","guid":{"rendered":"https:\/\/roveyayinevi.com.tr\/index.php\/urun\/kardak-denize-bakma-denizden-bak\/"},"modified":"2026-04-16T02:30:57","modified_gmt":"2026-04-15T23:30:57","slug":"kardak-denize-bakma-denizden-bak","status":"publish","type":"product","link":"https:\/\/roveyayinevi.com.tr\/index.php\/urun\/kardak-denize-bakma-denizden-bak\/","title":{"rendered":"Kardak &#8211; Denize Bakma Denizden Bak"},"content":{"rendered":"<p>25 Aral\u0131k 1995 g\u00fcn\u00fc, Ege Denizi\u2019nde bir gemi kazas\u0131 meydana gelir. Ba\u015flang\u0131\u00e7ta basit bir deniz kazas\u0131 olarak alg\u0131lansa da k\u0131sa s\u00fcrede diplomatik bir krize d\u00f6n\u00fc\u015f\u00fcr. Bu geminin kurtar\u0131l\u0131\u015f hik\u00e2yesi ve do\u011furdu\u011fu sonu\u00e7lar itibar\u0131yla uluslararas\u0131 bir kimlik kazan\u0131r ve her \u015feyden \u00f6nemlisi bizi Ege Denizi gibi dar ve s\u0131k\u0131\u015f\u0131k bir denizde fark\u0131nda bile olmad\u0131\u011f\u0131m\u0131z temel bir sorunla, yani \u201cegemenlik\u201d ve \u201cpayla\u015f\u0131m\u201d sorunuyla tan\u0131\u015ft\u0131r\u0131r. Yunan mitolojisinde, deniz tanr\u0131s\u0131 Poseidon\u2019un hem b\u00fct\u00fcn denizlere h\u00fckmetti\u011fine hem de \u00fc\u00e7 di\u015fli yabas\u0131yla karalardan kopard\u0131\u011f\u0131 kara par\u00e7alar\u0131n\u0131 denize f\u0131rlatarak adalar\u0131 meydana getirdi\u011fine inan\u0131l\u0131r.Ayn\u0131 zamanda, enginlere a\u00e7\u0131lm\u0131\u015f bir geminin kaderi de Poseidon\u2019un ellerindedir. Poseidon\u2019un Anadolu\u2019dan kopar\u0131p denize f\u0131rlatmak suretiyle yaratt\u0131\u011f\u0131 ada, adac\u0131k ve kayal\u0131ktan \u201cKardak Kayal\u0131klar\u0131\u201d 25 Aral\u0131k 1995\u2019te Figen Akat\u2019\u0131n kaderi olur.<\/p>\n","protected":false},"excerpt":{"rendered":"<p>25 Aral\u0131k 1995 g\u00fcn\u00fc, Ege Denizi\u2019nde bir gemi kazas\u0131 meydana gelir. Ba\u015flang\u0131\u00e7ta basit bir deniz kazas\u0131 olarak alg\u0131lansa da k\u0131sa s\u00fcrede diplomatik bir krize d\u00f6n\u00fc\u015f\u00fcr. Bu<span class=\"excerpt-hellip\"> [\u2026]<\/span><\/p>\n","protected":false},"featured_media":0,"template":"","meta":{"_monsterinsights_skip_tracking":false,"_monsterinsights_sitenote_active":false,"_monsterinsights_sitenote_note":"","_monsterinsights_sitenote_category":0},"product_brand":[],"product_cat":[13590,12337],"product_tag":[],"class_list":{"0":"post-722958","1":"product","2":"type-product","3":"status-publish","5":"product_cat-arastirma-inceleme-politika-siyaset","6":"product_cat-politika-siyaset","7":"pa_cilt-ciltsiz","8":"pa_tur-kitap","9":"pa_yayinevi-kirmizi-kedi-yayinevi","10":"pa_yazar-bora-serdar","12":"first","13":"instock","14":"sale","15":"shipping-taxable","16":"purchasable","17":"product-type-simple"},"_links":{"self":[{"href":"https:\/\/roveyayinevi.com.tr\/index.php\/wp-json\/wp\/v2\/product\/722958","targetHints":{"allow":["GET"]}}],"collection":[{"href":"https:\/\/roveyayinevi.com.tr\/index.php\/wp-json\/wp\/v2\/product"}],"about":[{"href":"https:\/\/roveyayinevi.com.tr\/index.php\/wp-json\/wp\/v2\/types\/product"}],"wp:attachment":[{"href":"https:\/\/roveyayinevi.com.tr\/index.php\/wp-json\/wp\/v2\/media?parent=722958"}],"wp:term":[{"taxonomy":"product_brand","embeddable":true,"href":"https:\/\/roveyayinevi.com.tr\/index.php\/wp-json\/wp\/v2\/product_brand?post=722958"},{"taxonomy":"product_cat","embeddable":true,"href":"https:\/\/roveyayinevi.com.tr\/index.php\/wp-json\/wp\/v2\/product_cat?post=722958"},{"taxonomy":"product_tag","embeddable":true,"href":"https:\/\/roveyayinevi.com.tr\/index.php\/wp-json\/wp\/v2\/product_tag?post=722958"}],"curies":[{"name":"wp","href":"https:\/\/api.w.org\/{rel}","templated":true}]}}