{"id":722957,"date":"2025-08-27T19:11:21","date_gmt":"2025-08-27T16:11:21","guid":{"rendered":"https:\/\/roveyayinevi.com.tr\/index.php\/urun\/sarmal\/"},"modified":"2026-04-16T02:30:57","modified_gmt":"2026-04-15T23:30:57","slug":"sarmal","status":"publish","type":"product","link":"https:\/\/roveyayinevi.com.tr\/index.php\/urun\/sarmal\/","title":{"rendered":"Sarmal"},"content":{"rendered":"<p>1950\u2019li y\u0131llardan itibaren \u00f6nce ABD destekli sonra Suudi Arabistan sermayesinin katk\u0131lar\u0131yla bir \u201csiyasal \u0130slam\u201d organizasyonu kuruldu. Bu \u00f6rg\u00fct\/organizasyon geli\u015fti, b\u00fcy\u00fcd\u00fc, \u00e7e\u015fitli kollar\u0131yla a\u011f gibi \u00fclkemizi sarmalad\u0131. Kadrolar yeti\u015ftirdi, kurumlara s\u0131zd\u0131, b\u00fcrokrasiye yerle\u015fti, par\u00e7a par\u00e7a devleti ele ge\u00e7irdi ve en sonunda \u201ctam iktidar\u201d oldu. Uzun y\u0131llard\u0131r da T\u00fcrkiye Cumhuriyeti devletini y\u00f6netiyor. \u015eimdi ise onlar\u0131n \u00e7ocuklar\u0131, t\u0131pk\u0131 1950\u2019li ve 60\u2019l\u0131 y\u0131llarda babalar\u0131n\u0131n dedelerinden devrald\u0131\u011f\u0131 gibi, bu organizasyonu babalar\u0131ndan devralmaya haz\u0131rlan\u0131yor. Birinci ku\u015fak olu\u015fturdu, ikinci ku\u015fak b\u00fcy\u00fctt\u00fc, \u00fc\u00e7\u00fcnc\u00fc ku\u015fak ise g\u00fcn\u00fcm\u00fcz Rab\u0131ta\u2019s\u0131n\u0131 kurarak hanedanla\u015fmaya haz\u0131rlan\u0131yor. K\u0131sacas\u0131 MTTB\u2019den T\u00dcRGEV\u2019e uzanan bu \u201cSarmal\u201d, cumhuriyetimizi d\u00f6n\u00fc\u015ft\u00fcr\u00fcyor. <\/p>\n","protected":false},"excerpt":{"rendered":"<p>1950\u2019li y\u0131llardan itibaren \u00f6nce ABD destekli sonra Suudi Arabistan sermayesinin katk\u0131lar\u0131yla bir \u201csiyasal \u0130slam\u201d organizasyonu kuruldu. Bu \u00f6rg\u00fct\/organizasyon geli\u015fti, b\u00fcy\u00fcd\u00fc, \u00e7e\u015fitli kollar\u0131yla a\u011f gibi \u00fclkemizi sarmalad\u0131.<span class=\"excerpt-hellip\"> [\u2026]<\/span><\/p>\n","protected":false},"featured_media":0,"template":"","meta":{"_monsterinsights_skip_tracking":false,"_monsterinsights_sitenote_active":false,"_monsterinsights_sitenote_note":"","_monsterinsights_sitenote_category":0},"product_brand":[],"product_cat":[13590,12337],"product_tag":[],"class_list":{"0":"post-722957","1":"product","2":"type-product","3":"status-publish","5":"product_cat-arastirma-inceleme-politika-siyaset","6":"product_cat-politika-siyaset","7":"pa_cilt-ciltsiz","8":"pa_tur-kitap","9":"pa_yayinevi-kirmizi-kedi-yayinevi","10":"pa_yazar-murat-agirel","12":"first","13":"instock","14":"sale","15":"shipping-taxable","16":"purchasable","17":"product-type-simple"},"_links":{"self":[{"href":"https:\/\/roveyayinevi.com.tr\/index.php\/wp-json\/wp\/v2\/product\/722957","targetHints":{"allow":["GET"]}}],"collection":[{"href":"https:\/\/roveyayinevi.com.tr\/index.php\/wp-json\/wp\/v2\/product"}],"about":[{"href":"https:\/\/roveyayinevi.com.tr\/index.php\/wp-json\/wp\/v2\/types\/product"}],"wp:attachment":[{"href":"https:\/\/roveyayinevi.com.tr\/index.php\/wp-json\/wp\/v2\/media?parent=722957"}],"wp:term":[{"taxonomy":"product_brand","embeddable":true,"href":"https:\/\/roveyayinevi.com.tr\/index.php\/wp-json\/wp\/v2\/product_brand?post=722957"},{"taxonomy":"product_cat","embeddable":true,"href":"https:\/\/roveyayinevi.com.tr\/index.php\/wp-json\/wp\/v2\/product_cat?post=722957"},{"taxonomy":"product_tag","embeddable":true,"href":"https:\/\/roveyayinevi.com.tr\/index.php\/wp-json\/wp\/v2\/product_tag?post=722957"}],"curies":[{"name":"wp","href":"https:\/\/api.w.org\/{rel}","templated":true}]}}