{"id":722956,"date":"2025-08-27T19:11:21","date_gmt":"2025-08-27T16:11:21","guid":{"rendered":"https:\/\/roveyayinevi.com.tr\/index.php\/urun\/yaran-kadar-konus\/"},"modified":"2026-04-16T02:30:57","modified_gmt":"2026-04-15T23:30:57","slug":"yaran-kadar-konus","status":"publish","type":"product","link":"https:\/\/roveyayinevi.com.tr\/index.php\/urun\/yaran-kadar-konus\/","title":{"rendered":"Yaran Kadar Konu\u015f"},"content":{"rendered":"<p>Beni mutfa\u011fa g\u00f6t\u00fcrd\u00fc ve buzdolab\u0131n\u0131n kapa\u011f\u0131n\u0131 a\u00e7t\u0131. &#8220;Bak\u0131n Tamer Bey bak\u0131n. Buzdolab\u0131n\u0131 her hafta a\u011fz\u0131na kadar dolduruyorum. \u00c7ikolata m\u0131 dersiniz, \u015feker mi dersiniz, s\u00fct, peynir, sucuk, et mi dersiniz. Hepsi bol bol var. Bu \u00e7ocu\u011fun daha derdi ne anlam\u0131yorum. Adam olmad\u0131 gitti. A\u00e7 de\u011fil a\u00e7\u0131kta de\u011fil yahu.&#8221; dedi. Bu s\u0131rada \u00e7ocuk da mutfak kap\u0131s\u0131n\u0131n \u00f6n\u00fcnde, ba\u015f\u0131n\u0131 \u00f6ne e\u011fmi\u015f, babas\u0131n\u0131n ba\u011f\u0131ra \u00e7a\u011f\u0131ra konu\u015fmalar\u0131n\u0131 dinliyordu. Dolab\u0131n kapa\u011f\u0131n\u0131 kapatt\u0131m. &#8220;\u00c7ocu\u011fun karn\u0131ndan \u00f6nce kalbini doyurmal\u0131. A\u00e7 karn\u0131 doyurmak \u00fc\u00e7 be\u015f paraya bakar ama a\u00e7 bir kalbi doyurmaya yara yetmez.&#8221; dedim.<\/p>\n","protected":false},"excerpt":{"rendered":"<p>Beni mutfa\u011fa g\u00f6t\u00fcrd\u00fc ve buzdolab\u0131n\u0131n kapa\u011f\u0131n\u0131 a\u00e7t\u0131. &#8220;Bak\u0131n Tamer Bey bak\u0131n. Buzdolab\u0131n\u0131 her hafta a\u011fz\u0131na kadar dolduruyorum. \u00c7ikolata m\u0131 dersiniz, \u015feker mi dersiniz, s\u00fct, peynir, sucuk,<span class=\"excerpt-hellip\"> [\u2026]<\/span><\/p>\n","protected":false},"featured_media":0,"template":"","meta":{"_monsterinsights_skip_tracking":false,"_monsterinsights_sitenote_active":false,"_monsterinsights_sitenote_note":"","_monsterinsights_sitenote_category":0},"product_brand":[],"product_cat":[12777,12291],"product_tag":[],"class_list":{"0":"post-722956","1":"product","2":"type-product","3":"status-publish","5":"product_cat-deneme","6":"product_cat-edebiyat","7":"pa_cilt-ciltsiz","8":"pa_tur-kitap","9":"pa_yayinevi-herdem-kitap","10":"pa_yazar-tamer-dursun","12":"first","13":"instock","14":"sale","15":"shipping-taxable","16":"purchasable","17":"product-type-simple"},"_links":{"self":[{"href":"https:\/\/roveyayinevi.com.tr\/index.php\/wp-json\/wp\/v2\/product\/722956","targetHints":{"allow":["GET"]}}],"collection":[{"href":"https:\/\/roveyayinevi.com.tr\/index.php\/wp-json\/wp\/v2\/product"}],"about":[{"href":"https:\/\/roveyayinevi.com.tr\/index.php\/wp-json\/wp\/v2\/types\/product"}],"wp:attachment":[{"href":"https:\/\/roveyayinevi.com.tr\/index.php\/wp-json\/wp\/v2\/media?parent=722956"}],"wp:term":[{"taxonomy":"product_brand","embeddable":true,"href":"https:\/\/roveyayinevi.com.tr\/index.php\/wp-json\/wp\/v2\/product_brand?post=722956"},{"taxonomy":"product_cat","embeddable":true,"href":"https:\/\/roveyayinevi.com.tr\/index.php\/wp-json\/wp\/v2\/product_cat?post=722956"},{"taxonomy":"product_tag","embeddable":true,"href":"https:\/\/roveyayinevi.com.tr\/index.php\/wp-json\/wp\/v2\/product_tag?post=722956"}],"curies":[{"name":"wp","href":"https:\/\/api.w.org\/{rel}","templated":true}]}}